{"id":52514,"date":"2021-03-03T23:10:14","date_gmt":"2021-03-03T23:10:14","guid":{"rendered":"https:\/\/donaulife-new.ogrisdigital.at\/produkt\/raw-holzpoker-s-l\/"},"modified":"2024-07-01T00:46:29","modified_gmt":"2024-07-01T00:46:29","slug":"raw-holzpoker-s-l","status":"publish","type":"product","link":"https:\/\/donaulife-new.ogrisdigital.at\/da\/raw-holzpoker-s-l\/","title":{"rendered":"RAW Holzpoker | S &#8211; L"},"content":{"rendered":"<h1>RAW Naturholz-Poker<\/h1>\n<p>Jeder SMOKER braucht einen POKER! Diese RAW-Holzpoker sind konisch geformt, geschliffen und poliert f\u00fcr perfektes Packen und Stochern! Sie sind von Natur aus antistatisch und so konzipiert, dass kein Material an ihnen kleben bleibt! Aufgrund der nat\u00fcrlichen Beschaffenheit hat jeder ein einzigartiges Maserungsmuster &amp; Farbe.<\/p>\n<p>Erh\u00e4ltlich in S oder L<br \/>\nGro\u00df: 24 cm<br \/>\nKlein: 11,5 cm<\/p>\n<h3>\u00dcber RAW:<\/h3>\n<p>RAW &#8211; Die nat\u00fcrliche Art zu rollen.<\/p>\n<p>Seit dem 1. Tag hat RAW den Auftrag, die F\u00fchrungsrolle in der Papierrollenindustrie zu \u00fcbernehmen. RAW hat die Welt des Rauchens revolutioniert, indem sie Produkte geschaffen hat, die von Natur aus genial gestaltet sind, um das Raucherlebnis zu verbessern.<\/p>\n<p>RAW stellt nur qualitativ hochwertige und umweltfreundliche Produkte her, die Ihr Raucherlebnis verbessern, und wir werden das wof\u00fcr wir stehen niemals \u00e4ndern. Wir genie\u00dfen es, unser unraffiniertes Papier jeden Tag zu rauchen, und wir werden es immer komplett rein also &#8220;RAW&#8221; belassen &#8211; f\u00fcr dich und uns!<\/p>\n","protected":false},"excerpt":{"rendered":"<p>RAW Naturholz-Poker Jeder SMOKER braucht einen POKER! Diese RAW-Holzpoker sind konisch geformt, geschliffen und poliert f\u00fcr perfektes Packen und Stochern!<\/p>\n","protected":false},"featured_media":29169,"comment_status":"open","ping_status":"open","template":"","meta":{"_acf_changed":false},"product_cat":[2489,2763,2451,2452,2490],"product_tag":[2493],"acf":[],"_links":{"self":[{"href":"https:\/\/donaulife-new.ogrisdigital.at\/da\/wp-json\/wp\/v2\/product\/52514"}],"collection":[{"href":"https:\/\/donaulife-new.ogrisdigital.at\/da\/wp-json\/wp\/v2\/product"}],"about":[{"href":"https:\/\/donaulife-new.ogrisdigital.at\/da\/wp-json\/wp\/v2\/types\/product"}],"replies":[{"embeddable":true,"href":"https:\/\/donaulife-new.ogrisdigital.at\/da\/wp-json\/wp\/v2\/comments?post=52514"}],"wp:featuredmedia":[{"embeddable":true,"href":"https:\/\/donaulife-new.ogrisdigital.at\/da\/wp-json\/wp\/v2\/media\/29169"}],"wp:attachment":[{"href":"https:\/\/donaulife-new.ogrisdigital.at\/da\/wp-json\/wp\/v2\/media?parent=52514"}],"wp:term":[{"taxonomy":"product_cat","embeddable":true,"href":"https:\/\/donaulife-new.ogrisdigital.at\/da\/wp-json\/wp\/v2\/product_cat?post=52514"},{"taxonomy":"product_tag","embeddable":true,"href":"https:\/\/donaulife-new.ogrisdigital.at\/da\/wp-json\/wp\/v2\/product_tag?post=52514"}],"curies":[{"name":"wp","href":"https:\/\/api.w.org\/{rel}","templated":true}]}}