{"id":52437,"date":"2021-02-12T08:55:22","date_gmt":"2021-02-12T08:55:22","guid":{"rendered":"https:\/\/donaulife-new.ogrisdigital.at\/produkt\/lungensport-slim-aktivkohlefilter-20-stueck-7-mm\/"},"modified":"2024-07-01T00:45:42","modified_gmt":"2024-07-01T00:45:42","slug":"lungensport-slim-aktivkohlefilter-20-stueck-7-mm","status":"publish","type":"product","link":"https:\/\/donaulife-new.ogrisdigital.at\/da\/lungensport-slim-aktivkohlefilter-20-stueck-7-mm\/","title":{"rendered":"LUNGENSPORT Slim Aktivkohlefilter 20 St\u00fcck | 7 mm"},"content":{"rendered":"<h2>Lungensport Aktivkohlefilter 7mm<\/h2>\n<p>Aktivkohlefilter sind f\u00fcr jeden der \u00f6fter mal am Glimmst\u00e4ngel zieht ein absolutes Muss. Durch die Aktivkohle innerhalb des Filters wird ein hoher Anteil des Kondensats aus dem Rauch gefiltert. An der Aktivkohle bleibt ein gro\u00dfer Teil der Schadstoffe haften und wird gemeinsam mit dem Filter entsorgt. Dadurch wird das Inhalieren des Rauchs wesentlich angenehmer ohne das Wirkung verloren geht. In der Packung befinden sich 20 Filter<\/p>\n<p>Vorteile eines Aktivkohlefilters:<\/p>\n<ul>\n<li>Aktivkohlefilter auf Kokosnussbasis<\/li>\n<li>Spezielle Aktivkohlemischung f\u00fcr herausragenden Geschmack<\/li>\n<li>Filtert bis 70% der Schadstoffe f\u00fcr den \u201eges\u00fcnderen\u201c Rauchgenuss<\/li>\n<li>Beidseitig eindrehbar durch 2 Keramikkappen<\/li>\n<li>Kein Verstopfen bei K\u00e4lte<\/li>\n<li>Praktische, wiederbef\u00fcllbare Verpackung \u2013 perfekt f\u00fcr Unterwegs<\/li>\n<\/ul>\n<h3>\u00dcber Lungensport:<\/h3>\n<p>Mit der Firma Lungensport wurde ein frisches Start Up zum Thema Rauchen mit weniger Schadstoffen gestartet. Nat\u00fcrlich sollen die Produkte auch fein aussehen. Lungensport bietet alle wichtigen um einen leckeren Jay unterwegs aufzubauen. Grindercard, Clipper, Grinder 4-teilig und nat\u00fcrlich die perfekten Filter.<\/p>\n","protected":false},"excerpt":{"rendered":"<p>Lungensport Aktivkohlefilter 7mm Aktivkohlefilter sind f\u00fcr jeden der \u00f6fter mal am Glimmst\u00e4ngel zieht ein absolutes Muss. Durch die Aktivkohle innerhalb<\/p>\n","protected":false},"featured_media":28771,"comment_status":"open","ping_status":"open","template":"","meta":{"_acf_changed":false},"product_cat":[2652,2499,2451],"product_tag":[3308],"acf":[],"_links":{"self":[{"href":"https:\/\/donaulife-new.ogrisdigital.at\/da\/wp-json\/wp\/v2\/product\/52437"}],"collection":[{"href":"https:\/\/donaulife-new.ogrisdigital.at\/da\/wp-json\/wp\/v2\/product"}],"about":[{"href":"https:\/\/donaulife-new.ogrisdigital.at\/da\/wp-json\/wp\/v2\/types\/product"}],"replies":[{"embeddable":true,"href":"https:\/\/donaulife-new.ogrisdigital.at\/da\/wp-json\/wp\/v2\/comments?post=52437"}],"wp:featuredmedia":[{"embeddable":true,"href":"https:\/\/donaulife-new.ogrisdigital.at\/da\/wp-json\/wp\/v2\/media\/28771"}],"wp:attachment":[{"href":"https:\/\/donaulife-new.ogrisdigital.at\/da\/wp-json\/wp\/v2\/media?parent=52437"}],"wp:term":[{"taxonomy":"product_cat","embeddable":true,"href":"https:\/\/donaulife-new.ogrisdigital.at\/da\/wp-json\/wp\/v2\/product_cat?post=52437"},{"taxonomy":"product_tag","embeddable":true,"href":"https:\/\/donaulife-new.ogrisdigital.at\/da\/wp-json\/wp\/v2\/product_tag?post=52437"}],"curies":[{"name":"wp","href":"https:\/\/api.w.org\/{rel}","templated":true}]}}