{"id":52424,"date":"2021-02-03T12:27:52","date_gmt":"2021-02-03T12:27:52","guid":{"rendered":"https:\/\/donaulife-new.ogrisdigital.at\/produkt\/insomnia-glasbong-black-edition-little-budda-37-cm\/"},"modified":"2024-07-01T00:45:32","modified_gmt":"2024-07-01T00:45:32","slug":"insomnia-glasbong-black-edition-little-budda-37-cm","status":"publish","type":"product","link":"https:\/\/donaulife-new.ogrisdigital.at\/da\/insomnia-glasbong-black-edition-little-budda-37-cm\/","title":{"rendered":"INSOMNIA Glasbong Black Edition &#8216;little Budda&#8217; | 37 cm"},"content":{"rendered":"<h2>Insomnia Glasbong Black Edition mit 37 cm<\/h2>\n<p>Die Glasbong &#8216;little Budda&#8217; von Insomnia besitzt einen hohlen Rundbauch als Fu\u00df, einen schwarzen Insomnia Aufdruck und einen sandgestrahlten Bauch. Das Chillum \u00fcbersetzt von 18,8 mm auf 18,8 mm. Zus\u00e4tzlich ist die Bong mit einem dazu passenden K\u00f6pfchen ausgestattet. Ein Kickloch ist ebenso vorhanden.<\/p>\n<h3>\u00dcber Insomnia:<\/h3>\n<p>Schalflos? Bestimmt nicht mit den Modellen von Insomnia. Die Glaswaren des Herstellers kommen mit coolen Sandgestrahlten Designs daher, mit oder ohne Eisfach aber garantiert immer g\u00fcnstig und zuverl\u00e4ssig.<\/p>\n","protected":false},"excerpt":{"rendered":"<p>Insomnia Glasbong Black Edition mit 37 cm Die Glasbong &#8216;little Budda&#8217; von Insomnia besitzt einen hohlen Rundbauch als Fu\u00df, einen<\/p>\n","protected":false},"featured_media":28642,"comment_status":"open","ping_status":"open","template":"","meta":{"_acf_changed":false},"product_cat":[2514,2459,2510,2467,2523,2515,2506,2463],"product_tag":[2474,2466],"acf":[],"_links":{"self":[{"href":"https:\/\/donaulife-new.ogrisdigital.at\/da\/wp-json\/wp\/v2\/product\/52424"}],"collection":[{"href":"https:\/\/donaulife-new.ogrisdigital.at\/da\/wp-json\/wp\/v2\/product"}],"about":[{"href":"https:\/\/donaulife-new.ogrisdigital.at\/da\/wp-json\/wp\/v2\/types\/product"}],"replies":[{"embeddable":true,"href":"https:\/\/donaulife-new.ogrisdigital.at\/da\/wp-json\/wp\/v2\/comments?post=52424"}],"wp:featuredmedia":[{"embeddable":true,"href":"https:\/\/donaulife-new.ogrisdigital.at\/da\/wp-json\/wp\/v2\/media\/28642"}],"wp:attachment":[{"href":"https:\/\/donaulife-new.ogrisdigital.at\/da\/wp-json\/wp\/v2\/media?parent=52424"}],"wp:term":[{"taxonomy":"product_cat","embeddable":true,"href":"https:\/\/donaulife-new.ogrisdigital.at\/da\/wp-json\/wp\/v2\/product_cat?post=52424"},{"taxonomy":"product_tag","embeddable":true,"href":"https:\/\/donaulife-new.ogrisdigital.at\/da\/wp-json\/wp\/v2\/product_tag?post=52424"}],"curies":[{"name":"wp","href":"https:\/\/api.w.org\/{rel}","templated":true}]}}