{"id":52410,"date":"2021-02-03T09:17:29","date_gmt":"2021-02-03T09:17:29","guid":{"rendered":"https:\/\/donaulife-new.ogrisdigital.at\/produkt\/black-leaf-diffusorchillum-black-mesa-14-cm-188188mm\/"},"modified":"2025-01-15T07:12:10","modified_gmt":"2025-01-15T07:12:10","slug":"black-leaf-diffusorchillum-black-mesa-14-cm-188188mm","status":"publish","type":"product","link":"https:\/\/donaulife-new.ogrisdigital.at\/da\/black-leaf-diffusorchillum-black-mesa-14-cm-188188mm\/","title":{"rendered":"BLACK LEAF Diffusorchillum &#8216;Black Mesa&#8217; 14 cm | 18,8>18,8 mm"},"content":{"rendered":"<h2>Black Leaf Diffosorchillum mit 14 cm L\u00e4nge<\/h2>\n<p>Ein spezielles 18,8 mm Chillum f\u00fcr Bongs mit passendem Schliff. Das Chillum \u00fcbersetzt auf 18,8 mm und ist mit dem silbernen Blaze Schriftzug versehen. Am unteren Ende befinden sich 6 Diffusorschlitze.<\/p>\n<div><span style=\"font-size: 20.16px;\">\u00dcber Black Leaf:<\/span><\/div>\n<div>\n<p>In Weed We Trust ? Smoking\u00a0<em>Paraphernalia<\/em> seit 1988: Bongs, Pfeifen, Vaporizer, Grinder, Dabbing Zubeh\u00f6r, Paper &amp; Filter, Lifestyle Produkte. Es gibt viele Innovative Produkte der Marke die auch die ein oder andere Weltneuheit erschaffen haben. Im Shop bieten wir von allen Produkten die beste Auswahl.<\/p>\n<\/div>\n","protected":false},"excerpt":{"rendered":"<p>Black Leaf Diffosorchillum mit 14 cm L\u00e4nge Ein spezielles 18,8 mm Chillum f\u00fcr Bongs mit passendem Schliff. Das Chillum \u00fcbersetzt<\/p>\n","protected":false},"featured_media":28543,"comment_status":"closed","ping_status":"open","template":"","meta":{"_acf_changed":false},"product_cat":[2532,2459,2530,2460],"product_tag":[2521],"acf":[],"_links":{"self":[{"href":"https:\/\/donaulife-new.ogrisdigital.at\/da\/wp-json\/wp\/v2\/product\/52410"}],"collection":[{"href":"https:\/\/donaulife-new.ogrisdigital.at\/da\/wp-json\/wp\/v2\/product"}],"about":[{"href":"https:\/\/donaulife-new.ogrisdigital.at\/da\/wp-json\/wp\/v2\/types\/product"}],"replies":[{"embeddable":true,"href":"https:\/\/donaulife-new.ogrisdigital.at\/da\/wp-json\/wp\/v2\/comments?post=52410"}],"wp:featuredmedia":[{"embeddable":true,"href":"https:\/\/donaulife-new.ogrisdigital.at\/da\/wp-json\/wp\/v2\/media\/28543"}],"wp:attachment":[{"href":"https:\/\/donaulife-new.ogrisdigital.at\/da\/wp-json\/wp\/v2\/media?parent=52410"}],"wp:term":[{"taxonomy":"product_cat","embeddable":true,"href":"https:\/\/donaulife-new.ogrisdigital.at\/da\/wp-json\/wp\/v2\/product_cat?post=52410"},{"taxonomy":"product_tag","embeddable":true,"href":"https:\/\/donaulife-new.ogrisdigital.at\/da\/wp-json\/wp\/v2\/product_tag?post=52410"}],"curies":[{"name":"wp","href":"https:\/\/api.w.org\/{rel}","templated":true}]}}