{"id":52375,"date":"2021-01-15T08:32:15","date_gmt":"2021-01-15T08:32:15","guid":{"rendered":"https:\/\/donaulife-new.ogrisdigital.at\/produkt\/blaze-glass-recycler-little-boy-22-cm\/"},"modified":"2024-07-01T00:45:04","modified_gmt":"2024-07-01T00:45:04","slug":"blaze-glass-recycler-little-boy-22-cm","status":"publish","type":"product","link":"https:\/\/donaulife-new.ogrisdigital.at\/da\/blaze-glass-recycler-little-boy-22-cm\/","title":{"rendered":"BLAZE GLASS Recycler &#8216;little boy&#8217; | 22 cm"},"content":{"rendered":"<h2>Blaze Glass Recycler Bong<\/h2>\n<p>Mit dieser sehr ansprechenden, griffigen und \u00e4u\u00dferst hochwertigen Glasblubber der Marke \u2018BLAZE GLASS\u2018 macht das Pfeiferauchen einfach richtig Spa\u00df, egal ob dabei Kr\u00e4uter oder exquisite Konzentrate gequalmt bzw. gedabbt werden.<\/p>\n<p>Daher ist die schnuckelige Kolbenbong direkt f\u00fcr beide Varianten ausgestattet, n\u00e4mlich mit einem Lift-Off-Kopf f\u00fcr Kr\u00e4uter sowie mit einem Dabbing-Banger f\u00fcr \u00d6le, Wax oder andere Extrakte. Der Banger hat dabei ein gr\u00f6\u00dferes Fassungsvolumen, so dass die ebenfalls im Lieferumfang enthaltenen Terp Pearls, auch Terp Balls oder Dab Pearls genannt, richtig sch\u00f6n rotieren k\u00f6nnen. Somit k\u00f6nnen die Dabs bei etwas niedriger Temperatur ihr gesamtes Aroma entfalten. Denn die Perlen aus Glas verteilen und speichern die Hitze optimal. Daf\u00fcr zun\u00e4chst die Terp Pearls in den Banger geben, anschlie\u00dfend die Bangerunterseite mit einem Jetbrenner erhitzen. Nach kurzer Abk\u00fchlung kann dann das Extrakt in den Banger gegeben werden. Eine passende Carb Cap zur effektiven Luftzufuhrminimierung ist selbstverst\u00e4ndlich auch dabei.<\/p>\n<p>Im Inneren der Bong l\u00e4sst der Drumperkolator das Pfeifenwasser ordentlich blubbern. Dadurch wird der Rauch abgek\u00fchlt und Schadstoffe herausgefiltert, welche sich an der Bongwand absetzen. Dieser Schmand ist \u00fcbrigens mit einem guten Bongreiniger r\u00fcckstandslos entfernbar.<\/p>\n<p>Die Pfeife aus Borosilikatglas ist super robust und standsicher, zudem wird das Inhalieren durch die etwas breitere Randfl\u00e4che des Mundst\u00fccks sehr angenehm. Als I-T\u00fcpfelchen gibt es im Bongboden ein Spiralmuster, welches der handlichen Sch\u00f6nheit das gewisse Extra verleiht.<\/p>\n<div><span style=\"font-size: 20.16px;\">\u00dcber Blaze Glass:<\/span><\/div>\n<div>\n<div>\n<p>Blaze-Glass-Bongs sind aus spannungsfreiem 3.1-Borosilikatglas (vergleichbar mit Duranglas) h\u00f6chster G\u00fcteklasse gefertigt. Mindestens 5 mm Wandst\u00e4rke machen eine Wasserpfeife robust.<br \/>\nWir verwenden extrem passgenaue Normschliffe in 14,5 bzw. 18,8 mm. Je nach Bong-Geometrie kommen normale Schliffe, verst\u00e4rkte Schliffe und bi-stabile Schliffe (doppelte Wand) in unseren Produkten zum Einsatz.<\/p>\n<\/div>\n<\/div>\n","protected":false},"excerpt":{"rendered":"<p>Blaze Glass Recycler Bong Mit dieser sehr ansprechenden, griffigen und \u00e4u\u00dferst hochwertigen Glasblubber der Marke \u2018BLAZE GLASS\u2018 macht das Pfeiferauchen<\/p>\n","protected":false},"featured_media":28403,"comment_status":"open","ping_status":"open","template":"","meta":{"_acf_changed":false},"product_cat":[2514,2545,2459,2513,2549,2550,2506,2463,2520,2551],"product_tag":[2547],"acf":[],"_links":{"self":[{"href":"https:\/\/donaulife-new.ogrisdigital.at\/da\/wp-json\/wp\/v2\/product\/52375"}],"collection":[{"href":"https:\/\/donaulife-new.ogrisdigital.at\/da\/wp-json\/wp\/v2\/product"}],"about":[{"href":"https:\/\/donaulife-new.ogrisdigital.at\/da\/wp-json\/wp\/v2\/types\/product"}],"replies":[{"embeddable":true,"href":"https:\/\/donaulife-new.ogrisdigital.at\/da\/wp-json\/wp\/v2\/comments?post=52375"}],"wp:featuredmedia":[{"embeddable":true,"href":"https:\/\/donaulife-new.ogrisdigital.at\/da\/wp-json\/wp\/v2\/media\/28403"}],"wp:attachment":[{"href":"https:\/\/donaulife-new.ogrisdigital.at\/da\/wp-json\/wp\/v2\/media?parent=52375"}],"wp:term":[{"taxonomy":"product_cat","embeddable":true,"href":"https:\/\/donaulife-new.ogrisdigital.at\/da\/wp-json\/wp\/v2\/product_cat?post=52375"},{"taxonomy":"product_tag","embeddable":true,"href":"https:\/\/donaulife-new.ogrisdigital.at\/da\/wp-json\/wp\/v2\/product_tag?post=52375"}],"curies":[{"name":"wp","href":"https:\/\/api.w.org\/{rel}","templated":true}]}}