{"id":52363,"date":"2021-01-12T14:10:15","date_gmt":"2021-01-12T14:10:15","guid":{"rendered":"https:\/\/donaulife-new.ogrisdigital.at\/produkt\/black-leaf-aluminium-grinder-hanfblaetter-o-54-mm\/"},"modified":"2024-07-01T00:44:56","modified_gmt":"2024-07-01T00:44:56","slug":"black-leaf-aluminium-grinder-hanfblaetter-o-54-mm","status":"publish","type":"product","link":"https:\/\/donaulife-new.ogrisdigital.at\/da\/black-leaf-aluminium-grinder-hanfblaetter-o-54-mm\/","title":{"rendered":"BLACK LEAF Aluminium Grinder &#8216;Hanfbl\u00e4tter&#8217; | \u00d8 54 mm"},"content":{"rendered":"<h2>Blackleaf Alu Grinder mit Hanfbl\u00e4tter Motiv<\/h2>\n<div>Der CNC gefr\u00e4ste Grinder besteht aus vier Teilen, n\u00e4mlich Deckel, Mahlkammer mit scharfen Diamantschliff-Z\u00e4hnen, Siebkammer und Pollenkammer. Durch die pr\u00e4zise Fr\u00e4sung passt die Mahlkammer auch ohne Siebkammer auf das Bodenfach, so dass man den Grinder auch als Dreiteiler benutzen kann. Der komplett bedruckte Grinder ist schon fast ein Meisterwerk auf deinem Tisch oder in deinem Stash.<\/div>\n<div><\/div>\n<div>Ein starker Magnet h\u00e4lt alle Bestandteile fest und sicher zusammen. Damit der wertvolle Pollen in der abgerundeten Sammelkammer gut ausgekratzt werden kann, gibt es einen Pollenspachtel.<\/div>\n<div>\n<h3>\u00dcber Black Leaf:<\/h3>\n<p>In Weed We Trust ? Smoking\u00a0Paraphernalia\u00a0seit 1988: Bongs, Pfeifen, Vaporizer, Grinder, Dabbing Zubeh\u00f6r, Paper &amp; Filter, Lifestyle Produkte. Es gibt viele Innovative Produkte der Marke die auch die ein oder andere Weltneuheit erschaffen haben. Im Shop bieten wir von allen Produkten die beste Auswahl.<\/p>\n<\/div>\n<div><\/div>\n","protected":false},"excerpt":{"rendered":"<p>Blackleaf Alu Grinder mit Hanfbl\u00e4tter Motiv Der CNC gefr\u00e4ste Grinder besteht aus vier Teilen, n\u00e4mlich Deckel, Mahlkammer mit scharfen Diamantschliff-Z\u00e4hnen,<\/p>\n","protected":false},"featured_media":28334,"comment_status":"open","ping_status":"open","template":"","meta":{"_acf_changed":false},"product_cat":[2481,2482,2480,2451,2483],"product_tag":[2521],"acf":[],"_links":{"self":[{"href":"https:\/\/donaulife-new.ogrisdigital.at\/da\/wp-json\/wp\/v2\/product\/52363"}],"collection":[{"href":"https:\/\/donaulife-new.ogrisdigital.at\/da\/wp-json\/wp\/v2\/product"}],"about":[{"href":"https:\/\/donaulife-new.ogrisdigital.at\/da\/wp-json\/wp\/v2\/types\/product"}],"replies":[{"embeddable":true,"href":"https:\/\/donaulife-new.ogrisdigital.at\/da\/wp-json\/wp\/v2\/comments?post=52363"}],"wp:featuredmedia":[{"embeddable":true,"href":"https:\/\/donaulife-new.ogrisdigital.at\/da\/wp-json\/wp\/v2\/media\/28334"}],"wp:attachment":[{"href":"https:\/\/donaulife-new.ogrisdigital.at\/da\/wp-json\/wp\/v2\/media?parent=52363"}],"wp:term":[{"taxonomy":"product_cat","embeddable":true,"href":"https:\/\/donaulife-new.ogrisdigital.at\/da\/wp-json\/wp\/v2\/product_cat?post=52363"},{"taxonomy":"product_tag","embeddable":true,"href":"https:\/\/donaulife-new.ogrisdigital.at\/da\/wp-json\/wp\/v2\/product_tag?post=52363"}],"curies":[{"name":"wp","href":"https:\/\/api.w.org\/{rel}","templated":true}]}}