{"id":52288,"date":"2020-12-01T17:30:04","date_gmt":"2020-12-01T17:30:04","guid":{"rendered":"https:\/\/donaulife-new.ogrisdigital.at\/produkt\/slx-keramikbeschichtetes-rolling-tray-s\/"},"modified":"2024-07-01T00:44:10","modified_gmt":"2024-07-01T00:44:10","slug":"slx-keramikbeschichtetes-rolling-tray-s","status":"publish","type":"product","link":"https:\/\/donaulife-new.ogrisdigital.at\/da\/slx-keramikbeschichtetes-rolling-tray-s\/","title":{"rendered":"SLX Keramikbeschichtetes Rolling Tray | S"},"content":{"rendered":"<h2><strong>SLX keramikbeschichtetes Rolling Tray mit Antihaft Garantie<\/strong><\/h2>\n<div>Die innovative keramische Antihaftbeschichtung, die auf jedem SLX-Grinder zu finden ist, gibt es jetzt als Rolling Tray.<\/div>\n<div><\/div>\n<div>Abmessungen des Rolling Trays: 10cm x 20cm<\/div>\n<div>Die spezielle Keramikbeschichtung, die auf jedem SLX Rolling Tray verwendet wird, ist auf molekularer Ebene mit einer extrem hochwertigen Aluminiumlegierung verbunden, so dass sie nicht absplittert, abbl\u00e4ttert oder abgenutzt wird, sondern eine haltbare, kratzfeste, nicht klebende und 100% reine Oberfl\u00e4che bietet.<\/div>\n<div><\/div>\n<div>Jetzt in den selben Farboptionen wie unsere SLX Grinder erh\u00e4ltlich: Schwarzmetallic, Gold, Gr\u00fcn und Violett.<\/div>\n<div><\/div>\n<div>Werden das Tray zu deiner Sammlung passen oder Akzente setzen? Du habst die Wahl!<\/div>\n<h3><strong>Warum SLX?<\/strong><\/h3>\n<ul>\n<li>Die firmeneigene Keramikbeschichtung auf der Oberseite macht es m\u00f6glich, dass nach dem Mahlen keine Aromen oder R\u00fcckst\u00e4nde hinterlassen werden.<\/li>\n<li>100% ungiftige, FDA-zugelassene Keramikbeschichtung &#8211; ZERO Teflon\u00ae oder PTFE<\/li>\n<li>Zerkleinern auf dem n\u00e4chsten Level, egal ob mit Grinder oder Mischschale<\/li>\n<\/ul>\n<div id=\"block-yui_3_17_2_3_1441928423324_6106\" class=\"sqs-block code-block sqs-block-code\" data-block-type=\"23\">\n<div class=\"sqs-block-content\">\n<div id=\"block-yui_3_17_2_5_1441928423324_8877\" class=\"sqs-block code-block sqs-block-code\" data-block-type=\"23\">\n<div class=\"sqs-block-content\">\n<h3><\/h3>\n<h3 class=\"text-align-center\" style=\"text-align: center;\"><strong>!!! VERWENDE NIEMALS EIN METALLWERKZEUG UM DIE KERAMIKBESCHICHTUNGEN ZU REINIGEN !!!<\/strong><\/h3>\n<p>Mit ausreichend Kraft ist es m\u00f6glich, die Beschichtung zu entfernen. W\u00e4hrend die Beschichtung ungiftig ist und nicht brennen wird, werden Kratzer die Funktion des Grinders beeintr\u00e4chtigen. Verwende einen Zahnstocher, um besonders hartn\u00e4ckige R\u00fcckst\u00e4nde zu entfernen.<\/p>\n<\/div>\n<\/div>\n<\/div>\n<\/div>\n","protected":false},"excerpt":{"rendered":"<p>SLX keramikbeschichtetes Rolling Tray mit Antihaft Garantie Die innovative keramische Antihaftbeschichtung, die auf jedem SLX-Grinder zu finden ist, gibt es<\/p>\n","protected":false},"featured_media":27867,"comment_status":"open","ping_status":"open","template":"","meta":{"_acf_changed":false},"product_cat":[2794,2566,2451,2793],"product_tag":[2695,2696],"acf":[],"_links":{"self":[{"href":"https:\/\/donaulife-new.ogrisdigital.at\/da\/wp-json\/wp\/v2\/product\/52288"}],"collection":[{"href":"https:\/\/donaulife-new.ogrisdigital.at\/da\/wp-json\/wp\/v2\/product"}],"about":[{"href":"https:\/\/donaulife-new.ogrisdigital.at\/da\/wp-json\/wp\/v2\/types\/product"}],"replies":[{"embeddable":true,"href":"https:\/\/donaulife-new.ogrisdigital.at\/da\/wp-json\/wp\/v2\/comments?post=52288"}],"wp:featuredmedia":[{"embeddable":true,"href":"https:\/\/donaulife-new.ogrisdigital.at\/da\/wp-json\/wp\/v2\/media\/27867"}],"wp:attachment":[{"href":"https:\/\/donaulife-new.ogrisdigital.at\/da\/wp-json\/wp\/v2\/media?parent=52288"}],"wp:term":[{"taxonomy":"product_cat","embeddable":true,"href":"https:\/\/donaulife-new.ogrisdigital.at\/da\/wp-json\/wp\/v2\/product_cat?post=52288"},{"taxonomy":"product_tag","embeddable":true,"href":"https:\/\/donaulife-new.ogrisdigital.at\/da\/wp-json\/wp\/v2\/product_tag?post=52288"}],"curies":[{"name":"wp","href":"https:\/\/api.w.org\/{rel}","templated":true}]}}