{"id":52277,"date":"2020-11-06T12:12:10","date_gmt":"2020-11-06T12:12:10","guid":{"rendered":"https:\/\/donaulife-new.ogrisdigital.at\/produkt\/purize-king-size-slim-papers-pink-edition-32-blatt\/"},"modified":"2024-07-01T00:43:59","modified_gmt":"2024-07-01T00:43:59","slug":"purize-king-size-slim-papers-pink-edition-32-blatt","status":"publish","type":"product","link":"https:\/\/donaulife-new.ogrisdigital.at\/da\/purize-king-size-slim-papers-pink-edition-32-blatt\/","title":{"rendered":"PURIZE KSS Papers &#8216;Pink Edition&#8217; | 32 Blatt"},"content":{"rendered":"<h2>Purize Kingsize slim Papers in Pink<\/h2>\n<p>Nicht nur f\u00fcr die Ladies: Unsere King Size Papers in pinker Farbe!<\/p>\n<p>Du willst bestes Abbrennverhalten, geschmacksfreie Papers und einfach mal was anderes? Kannst Du haben: Mit unseren PURIZE\u00ae King Size Papers in pink mit 32 Bl\u00e4ttchen pro Packung. Mit nat\u00fcrlicher Gummierung, vegetarisch und organisch. Auch bei der Auswahl des Papieres haben wir daran gedacht, f\u00fcr Dich nur bestes, pink gebleichtes Papier zu verwenden. Auch die Grammatur unserer Papers spricht von Qualit\u00e4t: So sind die Papers so d\u00fcnn, dass Du leicht hindurchsehen kannst, was ebenso dem Geschmack zu Gute kommt.<\/p>\n<p><strong>Vorteile:<\/strong><\/p>\n<ul>\n<li>Einzigartiges Design<\/li>\n<li>Geschmacksneutral<\/li>\n<li>Feine Grammatur<\/li>\n<\/ul>\n<h3>\u00dcber Purize:<\/h3>\n<p>PURIZE\u00ae Filters verfolgt die Vision, genussorientierten Rauchern \u2013 mit Hilfe eines PURIZE\u00ae Aktivkohlefilters \u2013 ein deutlich schadstoffreduziertes &amp; angenehmeres Raucherlebnis aufzuzeigen.<\/p>\n<p>&nbsp;<\/p>\n<p>&nbsp;<\/p>\n","protected":false},"excerpt":{"rendered":"<p>Purize Kingsize slim Papers in Pink Nicht nur f\u00fcr die Ladies: Unsere King Size Papers in pinker Farbe! Du willst<\/p>\n","protected":false},"featured_media":27828,"comment_status":"open","ping_status":"open","template":"","meta":{"_acf_changed":false},"product_cat":[2489,2451,2453,2452,2861],"product_tag":[3276,3277],"acf":[],"_links":{"self":[{"href":"https:\/\/donaulife-new.ogrisdigital.at\/da\/wp-json\/wp\/v2\/product\/52277"}],"collection":[{"href":"https:\/\/donaulife-new.ogrisdigital.at\/da\/wp-json\/wp\/v2\/product"}],"about":[{"href":"https:\/\/donaulife-new.ogrisdigital.at\/da\/wp-json\/wp\/v2\/types\/product"}],"replies":[{"embeddable":true,"href":"https:\/\/donaulife-new.ogrisdigital.at\/da\/wp-json\/wp\/v2\/comments?post=52277"}],"wp:featuredmedia":[{"embeddable":true,"href":"https:\/\/donaulife-new.ogrisdigital.at\/da\/wp-json\/wp\/v2\/media\/27828"}],"wp:attachment":[{"href":"https:\/\/donaulife-new.ogrisdigital.at\/da\/wp-json\/wp\/v2\/media?parent=52277"}],"wp:term":[{"taxonomy":"product_cat","embeddable":true,"href":"https:\/\/donaulife-new.ogrisdigital.at\/da\/wp-json\/wp\/v2\/product_cat?post=52277"},{"taxonomy":"product_tag","embeddable":true,"href":"https:\/\/donaulife-new.ogrisdigital.at\/da\/wp-json\/wp\/v2\/product_tag?post=52277"}],"curies":[{"name":"wp","href":"https:\/\/api.w.org\/{rel}","templated":true}]}}