{"id":52223,"date":"2020-10-09T11:28:07","date_gmt":"2020-10-09T11:28:07","guid":{"rendered":"https:\/\/donaulife-new.ogrisdigital.at\/produkt\/jcase-quartz-banger-terp-pearls-10-145-mm-maennlich\/"},"modified":"2024-07-01T00:43:28","modified_gmt":"2024-07-01T00:43:28","slug":"jcase-quartz-banger-terp-pearls-10-145-mm-maennlich","status":"publish","type":"product","link":"https:\/\/donaulife-new.ogrisdigital.at\/da\/jcase-quartz-banger-terp-pearls-10-145-mm-maennlich\/","title":{"rendered":"JCASE Quarz Banger &#038; Terp Pearls | 10\/14,5 mm m\u00e4nnlich"},"content":{"rendered":"<h3>LABORGLAS QUALIT\u00c4T<\/h3>\n<p>Durch den sehr hohen Silikatanteil von \u00fcber 80% wird ein stabiles Produkt garantiert welches selbst bei Temperaturen \u00fcber 300\u00b0C formecht und nutzbar bleibt.<\/p>\n<h3>HANDGEFERTIGT<\/h3>\n<p>Durch Fertigung per Hand wird h\u00f6chste Qualit\u00e4t garantiert. Professionelles Aush\u00e4rten verhindert ungewollte Spannungen im Glas, welche zu leichtem Brechen des Produkts f\u00fchren k\u00f6nnen.<\/p>\n<h3>SPEZIELLE SCHLEIFTECHNIK<\/h3>\n<p>Um eine undurchsichtige Farbe zu erhalten, wird der Boden sehr vorsichtig angeschliffen wodurch sich die Oberfl\u00e4che im Banger vergr\u00f6\u00dfert.<\/p>\n<h3>KOMPATIBILIT\u00c4T<\/h3>\n<p>Der 10\/14mm Anschluss ist mit den g\u00e4ngigsten Rigs nutzbar und die 25mm Durchmesser sind perfekt kombinierbar mit handels\u00fcblichen Carb Caps.<\/p>\n<h3>RECHTWINKLIGER ANSCHLUSS<\/h3>\n<p>Eignet sich ideal f\u00fcr vertikale Anschl\u00fcsse, kann aber durch dank des tiefen Buckets schr\u00e4g verwendet werden.<\/p>\n","protected":false},"excerpt":{"rendered":"<p>LABORGLAS QUALIT\u00c4T Durch den sehr hohen Silikatanteil von \u00fcber 80% wird ein stabiles Produkt garantiert welches selbst bei Temperaturen \u00fcber<\/p>\n","protected":false},"featured_media":27585,"comment_status":"open","ping_status":"closed","template":"","meta":{"_acf_changed":false},"product_cat":[2489,2459,2552,2549,3255,2578,2460],"product_tag":[3256],"acf":[],"_links":{"self":[{"href":"https:\/\/donaulife-new.ogrisdigital.at\/da\/wp-json\/wp\/v2\/product\/52223"}],"collection":[{"href":"https:\/\/donaulife-new.ogrisdigital.at\/da\/wp-json\/wp\/v2\/product"}],"about":[{"href":"https:\/\/donaulife-new.ogrisdigital.at\/da\/wp-json\/wp\/v2\/types\/product"}],"replies":[{"embeddable":true,"href":"https:\/\/donaulife-new.ogrisdigital.at\/da\/wp-json\/wp\/v2\/comments?post=52223"}],"wp:featuredmedia":[{"embeddable":true,"href":"https:\/\/donaulife-new.ogrisdigital.at\/da\/wp-json\/wp\/v2\/media\/27585"}],"wp:attachment":[{"href":"https:\/\/donaulife-new.ogrisdigital.at\/da\/wp-json\/wp\/v2\/media?parent=52223"}],"wp:term":[{"taxonomy":"product_cat","embeddable":true,"href":"https:\/\/donaulife-new.ogrisdigital.at\/da\/wp-json\/wp\/v2\/product_cat?post=52223"},{"taxonomy":"product_tag","embeddable":true,"href":"https:\/\/donaulife-new.ogrisdigital.at\/da\/wp-json\/wp\/v2\/product_tag?post=52223"}],"curies":[{"name":"wp","href":"https:\/\/api.w.org\/{rel}","templated":true}]}}