{"id":52181,"date":"2020-09-08T09:19:06","date_gmt":"2020-09-08T09:19:06","guid":{"rendered":"https:\/\/donaulife-new.ogrisdigital.at\/produkt\/jcase-dabcase-edelstahl-dabber-set\/"},"modified":"2024-07-01T00:43:01","modified_gmt":"2024-07-01T00:43:01","slug":"jcase-dabcase-edelstahl-dabber-set","status":"publish","type":"product","link":"https:\/\/donaulife-new.ogrisdigital.at\/da\/jcase-dabcase-edelstahl-dabber-set\/","title":{"rendered":"JCASE Dabcase Edelstahl Dabber Set"},"content":{"rendered":"<p>ALLES IN EINEM KIT:<\/p>\n<p>Das Kit enth\u00e4lt 5 beidseitig verwendbare Wax-Werkzeuge aus Edelstahl in Lebensmittelqualit\u00e4t und ein elegantes Aluminium-Schutzcase.<\/p>\n<p>10 PR\u00c4ZISIONSTOOLS:<\/p>\n<p>Das DABCASE-Kit bietet Ihnen Optionen f\u00fcr die Arbeit mit Wax, Shatter, Konzentraten usw. Jedes doppelseitige Werkzeug bietet eine andere Form, um die Arbeit mit Ihrem Material zu erleichtern. Zu den Werkzeugspitzen geh\u00f6ren Sonde, Schaber, L\u00f6ffel, Spatel, Mei\u00dfel, Speerspitze, Kugelschreiber, Paddel und Schnitzer.<\/p>\n<p>PERFEKTE QUALIT\u00c4T:<\/p>\n<p>Sie werden kein h\u00f6herwertiges Kit zu einem besseren Preis als unseres finden. Unsere Werkzeuge werden pr\u00e4zise aus hochwertigem Edelstahl in Lebensmittelqualit\u00e4t hergestellt, um sicherzustellen, dass dies das letzte Dab Set ist, den du jemals kaufen wirst.<\/p>\n","protected":false},"excerpt":{"rendered":"<p>ALLES IN EINEM KIT: Das Kit enth\u00e4lt 5 beidseitig verwendbare Wax-Werkzeuge aus Edelstahl in Lebensmittelqualit\u00e4t und ein elegantes Aluminium-Schutzcase. 10<\/p>\n","protected":false},"featured_media":27374,"comment_status":"open","ping_status":"open","template":"","meta":{"_acf_changed":false},"product_cat":[2459,2579,2549,2460],"product_tag":[3256],"acf":[],"_links":{"self":[{"href":"https:\/\/donaulife-new.ogrisdigital.at\/da\/wp-json\/wp\/v2\/product\/52181"}],"collection":[{"href":"https:\/\/donaulife-new.ogrisdigital.at\/da\/wp-json\/wp\/v2\/product"}],"about":[{"href":"https:\/\/donaulife-new.ogrisdigital.at\/da\/wp-json\/wp\/v2\/types\/product"}],"replies":[{"embeddable":true,"href":"https:\/\/donaulife-new.ogrisdigital.at\/da\/wp-json\/wp\/v2\/comments?post=52181"}],"wp:featuredmedia":[{"embeddable":true,"href":"https:\/\/donaulife-new.ogrisdigital.at\/da\/wp-json\/wp\/v2\/media\/27374"}],"wp:attachment":[{"href":"https:\/\/donaulife-new.ogrisdigital.at\/da\/wp-json\/wp\/v2\/media?parent=52181"}],"wp:term":[{"taxonomy":"product_cat","embeddable":true,"href":"https:\/\/donaulife-new.ogrisdigital.at\/da\/wp-json\/wp\/v2\/product_cat?post=52181"},{"taxonomy":"product_tag","embeddable":true,"href":"https:\/\/donaulife-new.ogrisdigital.at\/da\/wp-json\/wp\/v2\/product_tag?post=52181"}],"curies":[{"name":"wp","href":"https:\/\/api.w.org\/{rel}","templated":true}]}}