{"id":52171,"date":"2020-08-27T12:36:44","date_gmt":"2020-08-27T12:36:44","guid":{"rendered":"https:\/\/donaulife-new.ogrisdigital.at\/produkt\/black-leaf-dab-nail-mit-oelpfanne-10mm\/"},"modified":"2024-07-01T00:42:51","modified_gmt":"2024-07-01T00:42:51","slug":"black-leaf-dab-nail-mit-oelpfanne-10mm","status":"publish","type":"product","link":"https:\/\/donaulife-new.ogrisdigital.at\/da\/black-leaf-dab-nail-mit-oelpfanne-10mm\/","title":{"rendered":"BLACK LEAF Dab Nail &#8216;T2-Tower&#8217; mit \u00d6lpfanne | 10mm"},"content":{"rendered":"<h2>Black Leaf Dab Nail mit 10 mm \u00d6lpfanne<\/h2>\n<div>Der &#8216;Black Leaf T2&#8217; \u00d6lnagel aus hochwertigem Titan Grad 2 passt als Aufsatz in den Normschliff NS 10. Er ist ein sogenannter &#8216;Domeless&#8217; Nagel mit einem Zentralrohr, in welches der Rauch des verdampfenden \u00d6ls gezogen wird. Somit wird keine Rauchkuppel ben\u00f6tigt.<\/div>\n<div>Titan ist das Material der Wahl, wenn es um Bruchsicherheit geht. Es l\u00e4sst sich schnell erhitzen und h\u00e4lt die Hitze lange.<\/div>\n<div><\/div>\n<div>Die Pfanne wird mit einem Butangas-Brenner erhitzt, bis das Metall rotgl\u00fchend ist. Danach kurz abk\u00fchlen lassen bis das Material nicht mehr gl\u00fcht. Dann erst das \u00d6l\/Konzentrat in die Pfanne tupfen. Ein passender Carb Cap Dabber kann \u00fcber den Nagel gehalten werden, um den Rauch zu sammeln, bevor er eingeatmet wird. Der Nagel kann f\u00fcr die leichte Reinigung auseinandergeschraubt werden.<\/div>\n<div><\/div>\n<div>Achtung: Der Kopf\/Nagel darf nur an der Pfanne erhitzt werden, da sonst die Gefahr besteht, dass der Schliff der Bong wegen Ausdehnung des Materials bricht.<\/div>\n<div><\/div>\n<div><span style=\"font-size: 20.16px;\">\u00dcber Black Leaf:<\/span><\/div>\n<div>\n<div>\n<p>In Weed We Trust ? Smoking\u00a0<em>Paraphernalia<\/em> seit 1988: Bongs, Pfeifen, Vaporizer, Grinder, Dabbing Zubeh\u00f6r, Paper &amp; Filter, Lifestyle Produkte. Es gibt viele Innovative Produkte der Marke die auch die ein oder andere Weltneuheit erschaffen haben. Im Shop bieten wir von allen Produkten die beste Auswahl.<\/p>\n<\/div>\n<\/div>\n","protected":false},"excerpt":{"rendered":"<p>Black Leaf Dab Nail mit 10 mm \u00d6lpfanne Der &#8216;Black Leaf T2&#8217; \u00d6lnagel aus hochwertigem Titan Grad 2 passt als<\/p>\n","protected":false},"featured_media":27310,"comment_status":"open","ping_status":"open","template":"","meta":{"_acf_changed":false},"product_cat":[2459,2552,2549,2553,2460],"product_tag":[2521],"acf":[],"_links":{"self":[{"href":"https:\/\/donaulife-new.ogrisdigital.at\/da\/wp-json\/wp\/v2\/product\/52171"}],"collection":[{"href":"https:\/\/donaulife-new.ogrisdigital.at\/da\/wp-json\/wp\/v2\/product"}],"about":[{"href":"https:\/\/donaulife-new.ogrisdigital.at\/da\/wp-json\/wp\/v2\/types\/product"}],"replies":[{"embeddable":true,"href":"https:\/\/donaulife-new.ogrisdigital.at\/da\/wp-json\/wp\/v2\/comments?post=52171"}],"wp:featuredmedia":[{"embeddable":true,"href":"https:\/\/donaulife-new.ogrisdigital.at\/da\/wp-json\/wp\/v2\/media\/27310"}],"wp:attachment":[{"href":"https:\/\/donaulife-new.ogrisdigital.at\/da\/wp-json\/wp\/v2\/media?parent=52171"}],"wp:term":[{"taxonomy":"product_cat","embeddable":true,"href":"https:\/\/donaulife-new.ogrisdigital.at\/da\/wp-json\/wp\/v2\/product_cat?post=52171"},{"taxonomy":"product_tag","embeddable":true,"href":"https:\/\/donaulife-new.ogrisdigital.at\/da\/wp-json\/wp\/v2\/product_tag?post=52171"}],"curies":[{"name":"wp","href":"https:\/\/api.w.org\/{rel}","templated":true}]}}