{"id":52165,"date":"2020-08-27T11:44:13","date_gmt":"2020-08-27T11:44:13","guid":{"rendered":"https:\/\/donaulife-new.ogrisdigital.at\/produkt\/nv-grinder-j-case-wasserdicht\/"},"modified":"2024-07-01T00:42:49","modified_gmt":"2024-07-01T00:42:49","slug":"nv-grinder-j-case-wasserdicht","status":"publish","type":"product","link":"https:\/\/donaulife-new.ogrisdigital.at\/da\/nv-grinder-j-case-wasserdicht\/","title":{"rendered":"NV Grinder &#8216;J-H\u00fclle&#8217; wasserdicht"},"content":{"rendered":"<p>Aufbewahrungstube f\u00fcr Vorgedrehte:<\/p>\n<p>\u2022 hergestellt aus eloxiertem Aluminium<br \/>\n\u2022 Gewinde mit Dichtung<br \/>\n\u2022 passend f\u00fcr alle Kingsize Longpapes<br \/>\n\u2022 geruchsdicht und wasserdicht<\/p>\n<p>Mit der J Case von NV Grinder hast du nie wieder Probleme mit vorgedrehten in der freien Wildbahn. Geruchs-dicht und m\u00f6glichst unauff\u00e4llig kannst du bis zu 2 gedrehte J\u00b4s verstauen.<\/p>\n<h3>\u00dcber NV Grinder:<\/h3>\n<p>NVGRINDER arbeitet st\u00e4ndig daran, die beste Qualit\u00e4t f\u00fcr ihre Produkte zu erzielen.<br \/>\nWir haben immer wieder neue Ideen und arbeiten eng mit den besten Herstellern der Welt zusammen.<br \/>\nUnsere Qualit\u00e4tsstandards sind sehr hoch, egal welches Material, und unser Ziel wird es immer sein, die besten und innovativsten Grinder f\u00fcr dich herzustellen!<\/p>\n<h4><strong>Was macht unsere Produkte\u00a0 besonders?<\/strong><\/h4>\n<h4>Jeder Grinder Typ der von uns produziert wird durchl\u00e4uft ein Testverfahren, um sicherzustellen, dass er den hohen Bed\u00fcrfnissen eines Rauchers entspricht, bevor wir ihn offiziell releasen.<\/h4>\n","protected":false},"excerpt":{"rendered":"<p>Aufbewahrungstube f\u00fcr Vorgedrehte: \u2022 hergestellt aus eloxiertem Aluminium \u2022 Gewinde mit Dichtung \u2022 passend f\u00fcr alle Kingsize Longpapes \u2022 geruchsdicht<\/p>\n","protected":false},"featured_media":27282,"comment_status":"open","ping_status":"closed","template":"","meta":{"_acf_changed":false},"product_cat":[2607,2489,2566,2451,3244,2826,3114],"product_tag":[],"acf":[],"_links":{"self":[{"href":"https:\/\/donaulife-new.ogrisdigital.at\/da\/wp-json\/wp\/v2\/product\/52165"}],"collection":[{"href":"https:\/\/donaulife-new.ogrisdigital.at\/da\/wp-json\/wp\/v2\/product"}],"about":[{"href":"https:\/\/donaulife-new.ogrisdigital.at\/da\/wp-json\/wp\/v2\/types\/product"}],"replies":[{"embeddable":true,"href":"https:\/\/donaulife-new.ogrisdigital.at\/da\/wp-json\/wp\/v2\/comments?post=52165"}],"wp:featuredmedia":[{"embeddable":true,"href":"https:\/\/donaulife-new.ogrisdigital.at\/da\/wp-json\/wp\/v2\/media\/27282"}],"wp:attachment":[{"href":"https:\/\/donaulife-new.ogrisdigital.at\/da\/wp-json\/wp\/v2\/media?parent=52165"}],"wp:term":[{"taxonomy":"product_cat","embeddable":true,"href":"https:\/\/donaulife-new.ogrisdigital.at\/da\/wp-json\/wp\/v2\/product_cat?post=52165"},{"taxonomy":"product_tag","embeddable":true,"href":"https:\/\/donaulife-new.ogrisdigital.at\/da\/wp-json\/wp\/v2\/product_tag?post=52165"}],"curies":[{"name":"wp","href":"https:\/\/api.w.org\/{rel}","templated":true}]}}