{"id":52149,"date":"2020-07-16T11:02:24","date_gmt":"2020-07-16T11:02:24","guid":{"rendered":"https:\/\/donaulife-new.ogrisdigital.at\/produkt\/pinapple-kush-papers-stickie-double-100-blatt\/"},"modified":"2024-07-01T00:42:38","modified_gmt":"2024-07-01T00:42:38","slug":"pinapple-kush-papers-stickie-double-100-blatt","status":"publish","type":"product","link":"https:\/\/donaulife-new.ogrisdigital.at\/da\/pinapple-kush-papers-stickie-double-100-blatt\/","title":{"rendered":"PINEAPPLE KUSH Single Wide Stickie Double Papers | 100 Blatt"},"content":{"rendered":"<h2>Pineapple Kush Papers Single Wide<\/h2>\n<p>Der Youngster. Kompakt. Ergiebig. Ungebunden.<\/p>\n<p>100 ultra-d\u00fcnne, nat\u00fcrliche ungebleichte papers<\/p>\n<p><img fetchpriority=\"high\" decoding=\"async\" class=\"alignnone size-medium wp-image-25343\" src=\"https:\/\/www.donaulife.com\/wp-content\/uploads\/2020\/07\/CG0_8935-300x200.jpg\" alt=\"\" width=\"300\" height=\"200\" \/><\/p>\n<h3>\u00dcber Pineapple Kush Papers:<\/h3>\n<p>Einige der besten Dinge im Leben passieren unerwartet&#8230;<\/p>\n<p>genau wie die Reise unserer Papers. Es begann mit guter Freundschaft, guter Musik und einem verdammt guten Pineapple Kush in Jamaica. Wir haben die Longpapers zun\u00e4chst als Merchandise f\u00fcr eine Musikproduktion kreiert. Was wir nicht erwartet hatten wie sehr alle von der Qualit\u00e4t und dem Design begeistert waren. Und so verliebten wir uns in die Idee einen eigenen Paperbrand zum Leben zu erwecken.<\/p>\n<p>Dank Euerer Unterst\u00fctzung verbreitet sich der Spirit der Pineapple Kush Papers immer mehr und sie werden in vielen Shops, Bars und auch online verkauft, so dass jeder auf der Welt sie genie\u00dfen kann.<\/p>\n<p>#RollWithTheBest<\/p>\n<p><img decoding=\"async\" class=\"alignnone size-medium wp-image-25342\" src=\"https:\/\/www.donaulife.com\/wp-content\/uploads\/2020\/07\/CG0_8928-300x185.jpg\" alt=\"\" width=\"300\" height=\"185\" \/><\/p>\n","protected":false},"excerpt":{"rendered":"<p>Pineapple Kush Papers Single Wide Der Youngster. Kompakt. Ergiebig. Ungebunden. 100 ultra-d\u00fcnne, nat\u00fcrliche ungebleichte papers \u00dcber Pineapple Kush Papers: Einige<\/p>\n","protected":false},"featured_media":27184,"comment_status":"open","ping_status":"open","template":"","meta":{"_acf_changed":false},"product_cat":[2451,2452,2754,2492],"product_tag":[3241],"acf":[],"_links":{"self":[{"href":"https:\/\/donaulife-new.ogrisdigital.at\/da\/wp-json\/wp\/v2\/product\/52149"}],"collection":[{"href":"https:\/\/donaulife-new.ogrisdigital.at\/da\/wp-json\/wp\/v2\/product"}],"about":[{"href":"https:\/\/donaulife-new.ogrisdigital.at\/da\/wp-json\/wp\/v2\/types\/product"}],"replies":[{"embeddable":true,"href":"https:\/\/donaulife-new.ogrisdigital.at\/da\/wp-json\/wp\/v2\/comments?post=52149"}],"wp:featuredmedia":[{"embeddable":true,"href":"https:\/\/donaulife-new.ogrisdigital.at\/da\/wp-json\/wp\/v2\/media\/27184"}],"wp:attachment":[{"href":"https:\/\/donaulife-new.ogrisdigital.at\/da\/wp-json\/wp\/v2\/media?parent=52149"}],"wp:term":[{"taxonomy":"product_cat","embeddable":true,"href":"https:\/\/donaulife-new.ogrisdigital.at\/da\/wp-json\/wp\/v2\/product_cat?post=52149"},{"taxonomy":"product_tag","embeddable":true,"href":"https:\/\/donaulife-new.ogrisdigital.at\/da\/wp-json\/wp\/v2\/product_tag?post=52149"}],"curies":[{"name":"wp","href":"https:\/\/api.w.org\/{rel}","templated":true}]}}