{"id":52130,"date":"2020-06-10T12:04:37","date_gmt":"2020-06-10T12:04:37","guid":{"rendered":"https:\/\/donaulife-new.ogrisdigital.at\/produkt\/metalforms-aluminium-flutschkopf-be-4-violett\/"},"modified":"2024-07-01T00:42:22","modified_gmt":"2024-07-01T00:42:22","slug":"metalforms-aluminium-flutschkopf-be-4-violett","status":"publish","type":"product","link":"https:\/\/donaulife-new.ogrisdigital.at\/da\/metalforms-aluminium-flutschkopf-be-4-violett\/","title":{"rendered":"METALFORMS Aluminium Flutschkopf &#8216;BE-4&#8217; | 14,5\/18,8 mm"},"content":{"rendered":"<h2>Metalforms Aluminium Flutschkopf<\/h2>\n<p>Du bist es auch Leid dein feines neues Bong K\u00f6pfchen zum 10ten mal zu schrotten? Das dachten sich die Jungs von Metalforms auch und haben DEN letzten Kopf den du je brauchen wirst produziert!<br \/>\nDas junge Team aus Wien fertigt die Bowl\u00b4s in Deutschland &amp; \u00d6sterreich und benutzt dazu nur hochwertigste Materialien.<\/p>\n<p>Der BE-4 ist aus einem Aluminium St\u00fcck gefr\u00e4st und eloxiert. Sehr viel reiner kann man Bl\u00fcten wohl nirgends rauchen als mit diesen Accessoire.<\/p>\n<h3>\u00dcber Metalforms:<\/h3>\n<p>METALFORMS Premium-Rauchzubeh\u00f6r wird vollst\u00e4ndig in \u00d6sterreich und Deutschland hergestellt. Wir verwenden nur hochwertigste Materialien, die chemisch zertifiziert sind, um das beste Raucherlebnis mit unseren Bowl-St\u00fccken zu garantieren. Alle unsere Produktionspartner sind nach DIN EN ISO 9001 zertifiziert, was uns erlaubt, jeden Schritt w\u00e4hrend der Produktion zu \u00fcberwachen, um die Ma\u00dfgenauigkeit und die perfekten Oberfl\u00e4cheneigenschaften unseres hochpr\u00e4zisen CNC-Fertigungsprozesses zu gew\u00e4hrleisten. Langlebigkeit und Unzerbrechlichkeit sind die wichtigsten, aber nicht die einzigen Vorteile unserer Produkte. Durch unsere Konstruktionen und Oberfl\u00e4chenbehandlungsverfahren gew\u00e4hrleisten wir auch eine schnelle Abk\u00fchlung und eine einfache Reinigung. Unser Eloxierverfahren erh\u00f6ht die Haltbarkeit, verhindert Metallgeschmack und macht die Reinigung zum Kinderspiel.<\/p>\n<p>Feinste Materialien, gepaart mit hervorragender Funktionalit\u00e4t und elegantem Design, machen unsere St\u00fccke einzigartig.<\/p>\n","protected":false},"excerpt":{"rendered":"<p>Metalforms Aluminium Flutschkopf Du bist es auch Leid dein feines neues Bong K\u00f6pfchen zum 10ten mal zu schrotten? Das dachten<\/p>\n","protected":false},"featured_media":19148,"comment_status":"open","ping_status":"closed","template":"","meta":{"_acf_changed":false},"product_cat":[2473,2462,2459,2461,2566,2460],"product_tag":[],"acf":[],"_links":{"self":[{"href":"https:\/\/donaulife-new.ogrisdigital.at\/da\/wp-json\/wp\/v2\/product\/52130"}],"collection":[{"href":"https:\/\/donaulife-new.ogrisdigital.at\/da\/wp-json\/wp\/v2\/product"}],"about":[{"href":"https:\/\/donaulife-new.ogrisdigital.at\/da\/wp-json\/wp\/v2\/types\/product"}],"replies":[{"embeddable":true,"href":"https:\/\/donaulife-new.ogrisdigital.at\/da\/wp-json\/wp\/v2\/comments?post=52130"}],"wp:featuredmedia":[{"embeddable":true,"href":"https:\/\/donaulife-new.ogrisdigital.at\/da\/wp-json\/wp\/v2\/media\/19148"}],"wp:attachment":[{"href":"https:\/\/donaulife-new.ogrisdigital.at\/da\/wp-json\/wp\/v2\/media?parent=52130"}],"wp:term":[{"taxonomy":"product_cat","embeddable":true,"href":"https:\/\/donaulife-new.ogrisdigital.at\/da\/wp-json\/wp\/v2\/product_cat?post=52130"},{"taxonomy":"product_tag","embeddable":true,"href":"https:\/\/donaulife-new.ogrisdigital.at\/da\/wp-json\/wp\/v2\/product_tag?post=52130"}],"curies":[{"name":"wp","href":"https:\/\/api.w.org\/{rel}","templated":true}]}}