{"id":52107,"date":"2020-06-04T09:07:52","date_gmt":"2020-06-04T09:07:52","guid":{"rendered":"https:\/\/donaulife-new.ogrisdigital.at\/produkt\/clipper-metall-feuerzeug-gold-leafs\/"},"modified":"2024-07-01T00:42:02","modified_gmt":"2024-07-01T00:42:02","slug":"clipper-metall-feuerzeug-gold-leafs","status":"publish","type":"product","link":"https:\/\/donaulife-new.ogrisdigital.at\/da\/clipper-metall-feuerzeug-gold-leafs\/","title":{"rendered":"CLIPPER Metall Feuerzeug &#8216;Gold Leafs&#8217;"},"content":{"rendered":"<h2>Clipper Metall Feuerzeug<\/h2>\n<p>Hier siehst du ein CLIPPER Feuerzeug, perfekt daf\u00fcr geeignet den Inhalt von Bongk\u00f6pfchen zu entz\u00fcnden, da sich die Flamme vergr\u00f6\u00dfert wenn es Kopf\u00fcber gehalten wird. Hier 4 frische Designs der CLIPPER Serie &#8216;Blattgold&#8217;.<\/p>\n<p>Clipper k\u00f6nnen au\u00dferdem als Flaschenst\u00f6psel dienen oder du nutzt den Feuerstein Stift zum stopfen. \ud83d\ude09<\/p>\n<p>&nbsp;<\/p>\n","protected":false},"excerpt":{"rendered":"<p>Clipper Metall Feuerzeug Hier siehst du ein CLIPPER Feuerzeug, perfekt daf\u00fcr geeignet den Inhalt von Bongk\u00f6pfchen zu entz\u00fcnden, da sich<\/p>\n","protected":false},"featured_media":26930,"comment_status":"open","ping_status":"open","template":"","meta":{"_acf_changed":false},"product_cat":[2494,2489,2774,2775,2566,2451],"product_tag":[2776],"acf":[],"_links":{"self":[{"href":"https:\/\/donaulife-new.ogrisdigital.at\/da\/wp-json\/wp\/v2\/product\/52107"}],"collection":[{"href":"https:\/\/donaulife-new.ogrisdigital.at\/da\/wp-json\/wp\/v2\/product"}],"about":[{"href":"https:\/\/donaulife-new.ogrisdigital.at\/da\/wp-json\/wp\/v2\/types\/product"}],"replies":[{"embeddable":true,"href":"https:\/\/donaulife-new.ogrisdigital.at\/da\/wp-json\/wp\/v2\/comments?post=52107"}],"wp:featuredmedia":[{"embeddable":true,"href":"https:\/\/donaulife-new.ogrisdigital.at\/da\/wp-json\/wp\/v2\/media\/26930"}],"wp:attachment":[{"href":"https:\/\/donaulife-new.ogrisdigital.at\/da\/wp-json\/wp\/v2\/media?parent=52107"}],"wp:term":[{"taxonomy":"product_cat","embeddable":true,"href":"https:\/\/donaulife-new.ogrisdigital.at\/da\/wp-json\/wp\/v2\/product_cat?post=52107"},{"taxonomy":"product_tag","embeddable":true,"href":"https:\/\/donaulife-new.ogrisdigital.at\/da\/wp-json\/wp\/v2\/product_tag?post=52107"}],"curies":[{"name":"wp","href":"https:\/\/api.w.org\/{rel}","templated":true}]}}