{"id":52033,"date":"2020-05-12T14:33:27","date_gmt":"2020-05-12T14:33:27","guid":{"rendered":"https:\/\/donaulife-new.ogrisdigital.at\/produkt\/gizeh-aktivkohlefilter-6-mm-34-filter\/"},"modified":"2025-01-15T07:12:45","modified_gmt":"2025-01-15T07:12:45","slug":"gizeh-aktivkohlefilter-6-mm-34-filter","status":"publish","type":"product","link":"https:\/\/donaulife-new.ogrisdigital.at\/da\/gizeh-aktivkohlefilter-6-mm-34-filter\/","title":{"rendered":"GIZEH Aktivkohlefilter 6 mm | 34 Filter"},"content":{"rendered":"<h2>Gizeh Aktivkohlefilter mit 6 mm Durchmesser<\/h2>\n<p>Die Aktiv Filter mit einem Durchmesser von 6 mm sind f\u00fcr alle, die den vollen King-Size Genu\u00df lieben. Denn die lassen nur das durch, was wirklich gut ist. Das nachhaltige Aktivkohle-Granulat aus gereinigter Kokoskohle und die beiden Keramikkappen sorgen f\u00fcr einen idealen Durchzug. Und das aller beste: jeden Filter kann man beidseitig und bis zu drei Mal verwenden.<\/p>\n<p>Aktiver Filter mit 6mm<br \/>\nNachhaltiges Aktivkohle-Granulat aus gereinigter Kokoskohle. Beidseitig verwendbare Keramikkappen und idealer Durchzug.<\/p>\n<h3>\u00dcber GIZEH:<\/h3>\n<p>Die Gizeh Raucherbedarf GmbH ist ein mittelst\u00e4ndisches Unternehmen mit Hauptsitz in Gummersbach (DE). Seit der Gr\u00fcndung im Jahre 1920 produziert Gizeh Eindrehfilter und Zubeh\u00f6r f\u00fcr das Drehen und Stopfen von Zigaretten.<\/p>\n<p>Seit der Gr\u00fcndung der Gizeh Zigarettenpapier-Verarbeitungs-Gesellschaft im Jahr 1920 hat sich Gizeh vom regionalen Anbieter in K\u00f6ln zu einem international handelnden Unternehmen entwickelt Im Zweiten Weltkrieg wurde der K\u00f6lner Standort zerst\u00f6rt, die Produktion ins Bergische Land ausgelagert. 1955 entstand dort auch der neue Hauptsitz des Unternehmens (Bergneustadt). Gizeh produzierte hier nicht nur Raucherbedarf, sondern auch Verpackungen (heute Gizeh Verpackungen) und Lochkarten. Zu Beginn der 1980er Jahre errichtete Gizeh die Produktionsstandorte in Frankreich (Filterh\u00fclsen) und \u00d6sterreich (Bl\u00e4ttchen).<\/p>\n","protected":false},"excerpt":{"rendered":"<p>Gizeh Aktivkohlefilter mit 6 mm Durchmesser Die Aktiv Filter mit einem Durchmesser von 6 mm sind f\u00fcr alle, die den<\/p>\n","protected":false},"featured_media":26560,"comment_status":"open","ping_status":"open","template":"","meta":{"_acf_changed":false},"product_cat":[2652,2489,2499,2756,2451],"product_tag":[2757],"acf":[],"_links":{"self":[{"href":"https:\/\/donaulife-new.ogrisdigital.at\/da\/wp-json\/wp\/v2\/product\/52033"}],"collection":[{"href":"https:\/\/donaulife-new.ogrisdigital.at\/da\/wp-json\/wp\/v2\/product"}],"about":[{"href":"https:\/\/donaulife-new.ogrisdigital.at\/da\/wp-json\/wp\/v2\/types\/product"}],"replies":[{"embeddable":true,"href":"https:\/\/donaulife-new.ogrisdigital.at\/da\/wp-json\/wp\/v2\/comments?post=52033"}],"wp:featuredmedia":[{"embeddable":true,"href":"https:\/\/donaulife-new.ogrisdigital.at\/da\/wp-json\/wp\/v2\/media\/26560"}],"wp:attachment":[{"href":"https:\/\/donaulife-new.ogrisdigital.at\/da\/wp-json\/wp\/v2\/media?parent=52033"}],"wp:term":[{"taxonomy":"product_cat","embeddable":true,"href":"https:\/\/donaulife-new.ogrisdigital.at\/da\/wp-json\/wp\/v2\/product_cat?post=52033"},{"taxonomy":"product_tag","embeddable":true,"href":"https:\/\/donaulife-new.ogrisdigital.at\/da\/wp-json\/wp\/v2\/product_tag?post=52033"}],"curies":[{"name":"wp","href":"https:\/\/api.w.org\/{rel}","templated":true}]}}