{"id":52012,"date":"2020-05-11T08:56:27","date_gmt":"2020-05-11T08:56:27","guid":{"rendered":"https:\/\/donaulife-new.ogrisdigital.at\/produkt\/dabmatte-silikon-xl-249-x-412-cm\/"},"modified":"2024-06-06T10:43:43","modified_gmt":"2024-06-06T10:43:43","slug":"dabmatte-silikon-xl-249-x-412-cm","status":"publish","type":"product","link":"https:\/\/donaulife-new.ogrisdigital.at\/da\/dabmatte-silikon-xl-249-x-412-cm\/","title":{"rendered":"Dabmatte Silikon XL | 25 x 41 cm"},"content":{"rendered":"<p>Diese Dabmatten eignet sich perfekt f\u00fcr jede Dab-Session. Auf ihr k\u00f6nnen die Extrakte zwischengelagert werden ohne dass auch nur ein Rest darauf h\u00e4ngen bleibt. Mit einer Gr\u00f6\u00dfe von 24,9 x 41,2 cm z\u00e4hlt sie zu den gr\u00f6\u00dferen Matten.<\/p>\n","protected":false},"excerpt":{"rendered":"<p>Diese Dabmatten eignet sich perfekt f\u00fcr jede Dab-Session. Auf ihr k\u00f6nnen die Extrakte zwischengelagert werden ohne dass auch nur ein<\/p>\n","protected":false},"featured_media":26376,"comment_status":"open","ping_status":"closed","template":"","meta":{"_acf_changed":false},"product_cat":[2609,2549],"product_tag":[],"acf":[],"_links":{"self":[{"href":"https:\/\/donaulife-new.ogrisdigital.at\/da\/wp-json\/wp\/v2\/product\/52012"}],"collection":[{"href":"https:\/\/donaulife-new.ogrisdigital.at\/da\/wp-json\/wp\/v2\/product"}],"about":[{"href":"https:\/\/donaulife-new.ogrisdigital.at\/da\/wp-json\/wp\/v2\/types\/product"}],"replies":[{"embeddable":true,"href":"https:\/\/donaulife-new.ogrisdigital.at\/da\/wp-json\/wp\/v2\/comments?post=52012"}],"wp:featuredmedia":[{"embeddable":true,"href":"https:\/\/donaulife-new.ogrisdigital.at\/da\/wp-json\/wp\/v2\/media\/26376"}],"wp:attachment":[{"href":"https:\/\/donaulife-new.ogrisdigital.at\/da\/wp-json\/wp\/v2\/media?parent=52012"}],"wp:term":[{"taxonomy":"product_cat","embeddable":true,"href":"https:\/\/donaulife-new.ogrisdigital.at\/da\/wp-json\/wp\/v2\/product_cat?post=52012"},{"taxonomy":"product_tag","embeddable":true,"href":"https:\/\/donaulife-new.ogrisdigital.at\/da\/wp-json\/wp\/v2\/product_tag?post=52012"}],"curies":[{"name":"wp","href":"https:\/\/api.w.org\/{rel}","templated":true}]}}