{"id":51958,"date":"2020-04-17T13:04:43","date_gmt":"2020-04-17T13:04:43","guid":{"rendered":"https:\/\/donaulife-new.ogrisdigital.at\/produkt\/boost-pro-beakerbong-big-black-schwarz-45-cm\/"},"modified":"2025-01-15T07:12:50","modified_gmt":"2025-01-15T07:12:50","slug":"boost-pro-beakerbong-big-black-schwarz-45-cm","status":"publish","type":"product","link":"https:\/\/donaulife-new.ogrisdigital.at\/da\/boost-pro-beakerbong-big-black-schwarz-45-cm\/","title":{"rendered":"BOOST Pro Beakerbong &#8216;BIG Black&#8217; schwarz | 45 cm"},"content":{"rendered":"<p>Dieses Schmuckst\u00fcck von Boost kommt in dunklem schwarzen Design. Zuerst passiert der Rauch das Schlitz Diffusorchillum um dann weiter in den Beaker zu ziehen was jeden Hit von dieser Bong zum wahren Vergn\u00fcgen macht. Die Schrift sichert dir den perfekten Grip damit dieses sch\u00f6nen St\u00fcck keine Bekanntschaft mit dem harten Fu\u00dfboden machen muss. Sie kommt in den Farben Rot oder Gr\u00fcn, ist mit einem 29,2 mm Sockel ausgestattet und hat einen 18,8 mm Bongkopf mit Rollstop.<\/p>\n<div style=\"position: static !important;\"><\/div>\n","protected":false},"excerpt":{"rendered":"<p>Dieses Schmuckst\u00fcck von Boost kommt in dunklem schwarzen Design. Zuerst passiert der Rauch das Schlitz Diffusorchillum um dann weiter in<\/p>\n","protected":false},"featured_media":26150,"comment_status":"open","ping_status":"open","template":"","meta":{"_acf_changed":false},"product_cat":[2514,2459,2706,2523,2635,2506,2463],"product_tag":[2707],"acf":[],"_links":{"self":[{"href":"https:\/\/donaulife-new.ogrisdigital.at\/da\/wp-json\/wp\/v2\/product\/51958"}],"collection":[{"href":"https:\/\/donaulife-new.ogrisdigital.at\/da\/wp-json\/wp\/v2\/product"}],"about":[{"href":"https:\/\/donaulife-new.ogrisdigital.at\/da\/wp-json\/wp\/v2\/types\/product"}],"replies":[{"embeddable":true,"href":"https:\/\/donaulife-new.ogrisdigital.at\/da\/wp-json\/wp\/v2\/comments?post=51958"}],"wp:featuredmedia":[{"embeddable":true,"href":"https:\/\/donaulife-new.ogrisdigital.at\/da\/wp-json\/wp\/v2\/media\/26150"}],"wp:attachment":[{"href":"https:\/\/donaulife-new.ogrisdigital.at\/da\/wp-json\/wp\/v2\/media?parent=51958"}],"wp:term":[{"taxonomy":"product_cat","embeddable":true,"href":"https:\/\/donaulife-new.ogrisdigital.at\/da\/wp-json\/wp\/v2\/product_cat?post=51958"},{"taxonomy":"product_tag","embeddable":true,"href":"https:\/\/donaulife-new.ogrisdigital.at\/da\/wp-json\/wp\/v2\/product_tag?post=51958"}],"curies":[{"name":"wp","href":"https:\/\/api.w.org\/{rel}","templated":true}]}}