{"id":51926,"date":"2020-04-10T11:17:56","date_gmt":"2020-04-10T11:17:56","guid":{"rendered":"https:\/\/donaulife-new.ogrisdigital.at\/produkt\/boost-diffusor-chillum-15-cm-145145mm\/"},"modified":"2024-07-01T00:39:39","modified_gmt":"2024-07-01T00:39:39","slug":"boost-diffusor-chillum-15-cm-145145mm","status":"publish","type":"product","link":"https:\/\/donaulife-new.ogrisdigital.at\/da\/boost-diffusor-chillum-15-cm-145145mm\/","title":{"rendered":"BOOST Diffusorchillum | 14,5>14,5mm"},"content":{"rendered":"<h2>Boost Diffusorchillum 14,5 mm<\/h2>\n<p>Dieses Boost Chillum ist ein essentieller Teil jeder Bong oder eines Bubbler. Das Chillum verbindet den Bongkopf mit dem Bauch der Bong. Der integrierte Diffusor sorgt f\u00fcr die n\u00f6tige Verteilung und Filterung der Schadstoffe im Wasser.<\/p>\n<h3>\u00dcber Boost:<\/h3>\n<p>Die Bongschmiede von Boost zeigt das gute Qualit\u00e4t nicht immer extrem teuer sein muss. Von einfachen geraden Bongs bis hin zu Percolator Bongs und au\u00dfergew\u00f6hlichen Formen bietet Boost f\u00fcr jeden Geschmack die richtige Glasvase. Auch beim Zubeh\u00f6r bietet der Hersteller hochwertige Bong K\u00f6pfe, Vork\u00fchler sowie Diffusor Chillums die mit vielen Modellen kompatibel sind. Wer noch stabilere Glaswaren sucht sollte auf den Zusatz Boost PRO achten. Diese sind dicker und meist mit weiteren Gimmicks wie zum Beispiel einem Eisfach ausgestattet.<\/p>\n","protected":false},"excerpt":{"rendered":"<p>Boost Diffusorchillum 14,5 mm Dieses Boost Chillum ist ein essentieller Teil jeder Bong oder eines Bubbler. Das Chillum verbindet den<\/p>\n","protected":false},"featured_media":16642,"comment_status":"open","ping_status":"open","template":"","meta":{"_acf_changed":false},"product_cat":[2536,2459,2706,2530,2463,2460],"product_tag":[2707],"acf":[],"_links":{"self":[{"href":"https:\/\/donaulife-new.ogrisdigital.at\/da\/wp-json\/wp\/v2\/product\/51926"}],"collection":[{"href":"https:\/\/donaulife-new.ogrisdigital.at\/da\/wp-json\/wp\/v2\/product"}],"about":[{"href":"https:\/\/donaulife-new.ogrisdigital.at\/da\/wp-json\/wp\/v2\/types\/product"}],"replies":[{"embeddable":true,"href":"https:\/\/donaulife-new.ogrisdigital.at\/da\/wp-json\/wp\/v2\/comments?post=51926"}],"wp:featuredmedia":[{"embeddable":true,"href":"https:\/\/donaulife-new.ogrisdigital.at\/da\/wp-json\/wp\/v2\/media\/16642"}],"wp:attachment":[{"href":"https:\/\/donaulife-new.ogrisdigital.at\/da\/wp-json\/wp\/v2\/media?parent=51926"}],"wp:term":[{"taxonomy":"product_cat","embeddable":true,"href":"https:\/\/donaulife-new.ogrisdigital.at\/da\/wp-json\/wp\/v2\/product_cat?post=51926"},{"taxonomy":"product_tag","embeddable":true,"href":"https:\/\/donaulife-new.ogrisdigital.at\/da\/wp-json\/wp\/v2\/product_tag?post=51926"}],"curies":[{"name":"wp","href":"https:\/\/api.w.org\/{rel}","templated":true}]}}