{"id":51870,"date":"2020-03-30T16:34:11","date_gmt":"2020-03-30T16:34:11","guid":{"rendered":"https:\/\/donaulife-new.ogrisdigital.at\/produkt\/bongkopfhalter-aus-glas-one-to-rule-them-all-188-mm\/"},"modified":"2024-05-15T08:07:51","modified_gmt":"2024-05-15T08:07:51","slug":"bongkopfhalter-aus-glas-one-to-rule-them-all-188-mm","status":"publish","type":"product","link":"https:\/\/donaulife-new.ogrisdigital.at\/da\/bongkopfhalter-aus-glas-one-to-rule-them-all-188-mm\/","title":{"rendered":"DONAULIFE Bongkopfhalter &#8216;One to rule them all&#8217; | 18,8 mm"},"content":{"rendered":"<p>F\u00fcr alle die das K\u00f6pfchen beim nachf\u00fcllen nicht auf den sch\u00f6nen Couchtisch stellen wollen hier endlich die L\u00f6sung! Der 18,8 mm Bong Kopf Halter. Einfach wie genial. Man kann auch 14,5er K\u00f6pfe super damit bef\u00fcllen.<\/p>\n","protected":false},"excerpt":{"rendered":"<p>F\u00fcr alle die das K\u00f6pfchen beim nachf\u00fcllen nicht auf den sch\u00f6nen Couchtisch stellen wollen hier endlich die L\u00f6sung! Der 18,8<\/p>\n","protected":false},"featured_media":25656,"comment_status":"open","ping_status":"closed","template":"","meta":{"_acf_changed":false},"product_cat":[2462,2459,2461,2460],"product_tag":[],"acf":[],"_links":{"self":[{"href":"https:\/\/donaulife-new.ogrisdigital.at\/da\/wp-json\/wp\/v2\/product\/51870"}],"collection":[{"href":"https:\/\/donaulife-new.ogrisdigital.at\/da\/wp-json\/wp\/v2\/product"}],"about":[{"href":"https:\/\/donaulife-new.ogrisdigital.at\/da\/wp-json\/wp\/v2\/types\/product"}],"replies":[{"embeddable":true,"href":"https:\/\/donaulife-new.ogrisdigital.at\/da\/wp-json\/wp\/v2\/comments?post=51870"}],"wp:featuredmedia":[{"embeddable":true,"href":"https:\/\/donaulife-new.ogrisdigital.at\/da\/wp-json\/wp\/v2\/media\/25656"}],"wp:attachment":[{"href":"https:\/\/donaulife-new.ogrisdigital.at\/da\/wp-json\/wp\/v2\/media?parent=51870"}],"wp:term":[{"taxonomy":"product_cat","embeddable":true,"href":"https:\/\/donaulife-new.ogrisdigital.at\/da\/wp-json\/wp\/v2\/product_cat?post=51870"},{"taxonomy":"product_tag","embeddable":true,"href":"https:\/\/donaulife-new.ogrisdigital.at\/da\/wp-json\/wp\/v2\/product_tag?post=51870"}],"curies":[{"name":"wp","href":"https:\/\/api.w.org\/{rel}","templated":true}]}}