{"id":51844,"date":"2020-03-27T13:37:22","date_gmt":"2020-03-27T13:37:22","guid":{"rendered":"https:\/\/donaulife-new.ogrisdigital.at\/produkt\/illex-bongkopf-zylinder-188-mm\/"},"modified":"2024-07-01T00:38:41","modified_gmt":"2024-07-01T00:38:41","slug":"illex-bongkopf-zylinder-188-mm","status":"publish","type":"product","link":"https:\/\/donaulife-new.ogrisdigital.at\/da\/illex-bongkopf-zylinder-188-mm\/","title":{"rendered":"ILLEX Siebkopf &#8216;Zylinder&#8217; | 18,8 mm"},"content":{"rendered":"<p>Dieses H\u00fctchen aus dem Hause Illex kommt mit einem 18,8 mm Schliff und mit zylinderf\u00f6rmigen Kopf. Er wurde f\u00fcr gr\u00f6\u00dfere Hits konzipiert. Es handelt sich um einen Siebkopf der f\u00fcr 20 mm Siebe geeignet ist.<\/p>\n","protected":false},"excerpt":{"rendered":"<p>Dieses H\u00fctchen aus dem Hause Illex kommt mit einem 18,8 mm Schliff und mit zylinderf\u00f6rmigen Kopf. Er wurde f\u00fcr gr\u00f6\u00dfere<\/p>\n","protected":false},"featured_media":25513,"comment_status":"open","ping_status":"open","template":"","meta":{"_acf_changed":false},"product_cat":[2462,2459,2461,2464,2463,2460],"product_tag":[2465,2466],"acf":[],"_links":{"self":[{"href":"https:\/\/donaulife-new.ogrisdigital.at\/da\/wp-json\/wp\/v2\/product\/51844"}],"collection":[{"href":"https:\/\/donaulife-new.ogrisdigital.at\/da\/wp-json\/wp\/v2\/product"}],"about":[{"href":"https:\/\/donaulife-new.ogrisdigital.at\/da\/wp-json\/wp\/v2\/types\/product"}],"replies":[{"embeddable":true,"href":"https:\/\/donaulife-new.ogrisdigital.at\/da\/wp-json\/wp\/v2\/comments?post=51844"}],"wp:featuredmedia":[{"embeddable":true,"href":"https:\/\/donaulife-new.ogrisdigital.at\/da\/wp-json\/wp\/v2\/media\/25513"}],"wp:attachment":[{"href":"https:\/\/donaulife-new.ogrisdigital.at\/da\/wp-json\/wp\/v2\/media?parent=51844"}],"wp:term":[{"taxonomy":"product_cat","embeddable":true,"href":"https:\/\/donaulife-new.ogrisdigital.at\/da\/wp-json\/wp\/v2\/product_cat?post=51844"},{"taxonomy":"product_tag","embeddable":true,"href":"https:\/\/donaulife-new.ogrisdigital.at\/da\/wp-json\/wp\/v2\/product_tag?post=51844"}],"curies":[{"name":"wp","href":"https:\/\/api.w.org\/{rel}","templated":true}]}}