{"id":51790,"date":"2020-03-18T11:14:06","date_gmt":"2020-03-18T11:14:06","guid":{"rendered":"https:\/\/donaulife-new.ogrisdigital.at\/produkt\/juicy-jay-glasbehaelter-l\/"},"modified":"2024-07-01T00:38:02","modified_gmt":"2024-07-01T00:38:02","slug":"juicy-jay-glasbehaelter-l","status":"publish","type":"product","link":"https:\/\/donaulife-new.ogrisdigital.at\/da\/juicy-jay-glasbehaelter-l\/","title":{"rendered":"JUICY JAY Glasbeh\u00e4lter | L"},"content":{"rendered":"<h2>Juicy Jay Vorratsgl\u00e4ser<\/h2>\n<p>Juicy Jay Glasbeh\u00e4lter halten deine Kr\u00e4uter oder deinen Tabak frisch. In 6 verschiedenen frischen Motiven. Die Beh\u00e4lter haben 280 ml Fassungsverm\u00f6gen.<\/p>\n<h3>\u00dcber Juicy Jay&#8217;s:<\/h3>\n<div id=\"tab-description\" class=\"woocommerce-Tabs-panel woocommerce-Tabs-panel--description panel entry-content active\" role=\"tabpanel\" aria-labelledby=\"tab-title-description\">\n<p>Juicy Jays bietet weit mehr als nur Bl\u00e4ttchen mit einer bunten Geschmacksvielfalt. Seit 1987 begeistert das New Yorker Unternehmen Juicy Jays mit seiner Geschmacksrevolution bei Zigarettenpapieren, Zigarren, Cigarwraps, Blunts und vielem mehr.<\/p>\n<p>Wusstest du schon?<br \/>\nDass der durchschnittliche Mensch etwa 10.000 Geschmacksnerven hat, aber sie sind nicht alle auf der Zunge. Einige sind unter der Zunge, andere auf der Innenseite der Wangen, wieder andere auf dem Dach des Mundes. Einige sind sogar auf den Lippen zu finden; deshalb schmecken Juicy Jays Papers so erstaunlich gut. Juicy Jays verwendet ein spezielles Verfahren, das dem Paper viel mehr Geschmack verleiht!<\/p>\n<\/div>\n","protected":false},"excerpt":{"rendered":"<p>Juicy Jay Vorratsgl\u00e4ser Juicy Jay Glasbeh\u00e4lter halten deine Kr\u00e4uter oder deinen Tabak frisch. In 6 verschiedenen frischen Motiven. Die Beh\u00e4lter<\/p>\n","protected":false},"featured_media":25261,"comment_status":"open","ping_status":"closed","template":"","meta":{"_acf_changed":false},"product_cat":[2607,2489,3142,2451,2671],"product_tag":[],"acf":[],"_links":{"self":[{"href":"https:\/\/donaulife-new.ogrisdigital.at\/da\/wp-json\/wp\/v2\/product\/51790"}],"collection":[{"href":"https:\/\/donaulife-new.ogrisdigital.at\/da\/wp-json\/wp\/v2\/product"}],"about":[{"href":"https:\/\/donaulife-new.ogrisdigital.at\/da\/wp-json\/wp\/v2\/types\/product"}],"replies":[{"embeddable":true,"href":"https:\/\/donaulife-new.ogrisdigital.at\/da\/wp-json\/wp\/v2\/comments?post=51790"}],"wp:featuredmedia":[{"embeddable":true,"href":"https:\/\/donaulife-new.ogrisdigital.at\/da\/wp-json\/wp\/v2\/media\/25261"}],"wp:attachment":[{"href":"https:\/\/donaulife-new.ogrisdigital.at\/da\/wp-json\/wp\/v2\/media?parent=51790"}],"wp:term":[{"taxonomy":"product_cat","embeddable":true,"href":"https:\/\/donaulife-new.ogrisdigital.at\/da\/wp-json\/wp\/v2\/product_cat?post=51790"},{"taxonomy":"product_tag","embeddable":true,"href":"https:\/\/donaulife-new.ogrisdigital.at\/da\/wp-json\/wp\/v2\/product_tag?post=51790"}],"curies":[{"name":"wp","href":"https:\/\/api.w.org\/{rel}","templated":true}]}}