{"id":51746,"date":"2020-03-10T16:58:14","date_gmt":"2020-03-10T16:58:14","guid":{"rendered":"https:\/\/donaulife-new.ogrisdigital.at\/produkt\/v-syndicate-rolling-tray-its-always-420\/"},"modified":"2024-07-01T00:37:24","modified_gmt":"2024-07-01T00:37:24","slug":"v-syndicate-rolling-tray-its-always-420","status":"publish","type":"product","link":"https:\/\/donaulife-new.ogrisdigital.at\/da\/v-syndicate-rolling-tray-its-always-420\/","title":{"rendered":"V SYNDICATE Rolling Tray | &#8216;It\u00b4s always 420&#8217;"},"content":{"rendered":"<p>Die V Syndicate Alu Rolling Tray mit 420 Leaf Design in sch\u00f6nem gr\u00fcn. Das Rolling Tray gibt es in der Gr\u00f6\u00dfe von 14 cm x 18 cm und 27 x 16 cm.<\/p>\n<p>Viele weitere Rolling Trays im Shop<\/p>\n","protected":false},"excerpt":{"rendered":"<p>Die V Syndicate Alu Rolling Tray mit 420 Leaf Design in sch\u00f6nem gr\u00fcn. Das Rolling Tray gibt es in der<\/p>\n","protected":false},"featured_media":25019,"comment_status":"open","ping_status":"open","template":"","meta":{"_acf_changed":false},"product_cat":[2794,2451,2793],"product_tag":[2981],"acf":[],"_links":{"self":[{"href":"https:\/\/donaulife-new.ogrisdigital.at\/da\/wp-json\/wp\/v2\/product\/51746"}],"collection":[{"href":"https:\/\/donaulife-new.ogrisdigital.at\/da\/wp-json\/wp\/v2\/product"}],"about":[{"href":"https:\/\/donaulife-new.ogrisdigital.at\/da\/wp-json\/wp\/v2\/types\/product"}],"replies":[{"embeddable":true,"href":"https:\/\/donaulife-new.ogrisdigital.at\/da\/wp-json\/wp\/v2\/comments?post=51746"}],"wp:featuredmedia":[{"embeddable":true,"href":"https:\/\/donaulife-new.ogrisdigital.at\/da\/wp-json\/wp\/v2\/media\/25019"}],"wp:attachment":[{"href":"https:\/\/donaulife-new.ogrisdigital.at\/da\/wp-json\/wp\/v2\/media?parent=51746"}],"wp:term":[{"taxonomy":"product_cat","embeddable":true,"href":"https:\/\/donaulife-new.ogrisdigital.at\/da\/wp-json\/wp\/v2\/product_cat?post=51746"},{"taxonomy":"product_tag","embeddable":true,"href":"https:\/\/donaulife-new.ogrisdigital.at\/da\/wp-json\/wp\/v2\/product_tag?post=51746"}],"curies":[{"name":"wp","href":"https:\/\/api.w.org\/{rel}","templated":true}]}}