{"id":51699,"date":"2020-01-23T10:49:39","date_gmt":"2020-01-23T10:49:39","guid":{"rendered":"https:\/\/donaulife-new.ogrisdigital.at\/produkt\/bongbuerste-kunstborsten-22-cm\/"},"modified":"2024-07-01T00:36:50","modified_gmt":"2024-07-01T00:36:50","slug":"bongbuerste-kunstborsten-22-cm","status":"publish","type":"product","link":"https:\/\/donaulife-new.ogrisdigital.at\/da\/bongbuerste-kunstborsten-22-cm\/","title":{"rendered":"Bongb\u00fcrste Kunstborsten | 30 cm"},"content":{"rendered":"<p>Verdreckte Pfeifen und Vaporizer ad\u00e9, mit dieser kompakten Bongb\u00fcrste bekommst du in Kombination mit einem Bong-Reiniger oder\u00a0Isopropanol noch so hartn\u00e4ckige Flecken wieder rein. Mit dieser flexiblen Bongb\u00fcrste kommst du auch an Stellen die mit einem dickeren Pfeifenreiniger nicht erreichbar w\u00e4ren. In dem Sinne, fr\u00f6hliches Putzen!<\/p>\n","protected":false},"excerpt":{"rendered":"<p>Verdreckte Pfeifen und Vaporizer ad\u00e9, mit dieser kompakten Bongb\u00fcrste bekommst du in Kombination mit einem Bong-Reiniger oder\u00a0Isopropanol noch so hartn\u00e4ckige<\/p>\n","protected":false},"featured_media":24741,"comment_status":"open","ping_status":"open","template":"","meta":{"_acf_changed":false},"product_cat":[2459,2719,2718,2460],"product_tag":[],"acf":[],"_links":{"self":[{"href":"https:\/\/donaulife-new.ogrisdigital.at\/da\/wp-json\/wp\/v2\/product\/51699"}],"collection":[{"href":"https:\/\/donaulife-new.ogrisdigital.at\/da\/wp-json\/wp\/v2\/product"}],"about":[{"href":"https:\/\/donaulife-new.ogrisdigital.at\/da\/wp-json\/wp\/v2\/types\/product"}],"replies":[{"embeddable":true,"href":"https:\/\/donaulife-new.ogrisdigital.at\/da\/wp-json\/wp\/v2\/comments?post=51699"}],"wp:featuredmedia":[{"embeddable":true,"href":"https:\/\/donaulife-new.ogrisdigital.at\/da\/wp-json\/wp\/v2\/media\/24741"}],"wp:attachment":[{"href":"https:\/\/donaulife-new.ogrisdigital.at\/da\/wp-json\/wp\/v2\/media?parent=51699"}],"wp:term":[{"taxonomy":"product_cat","embeddable":true,"href":"https:\/\/donaulife-new.ogrisdigital.at\/da\/wp-json\/wp\/v2\/product_cat?post=51699"},{"taxonomy":"product_tag","embeddable":true,"href":"https:\/\/donaulife-new.ogrisdigital.at\/da\/wp-json\/wp\/v2\/product_tag?post=51699"}],"curies":[{"name":"wp","href":"https:\/\/api.w.org\/{rel}","templated":true}]}}