{"id":51644,"date":"2019-12-23T11:31:06","date_gmt":"2019-12-23T11:31:06","guid":{"rendered":"https:\/\/donaulife-new.ogrisdigital.at\/produkt\/boost-eis-bong-twisted-bouncer-46-cm\/"},"modified":"2025-01-15T07:13:23","modified_gmt":"2025-01-15T07:13:23","slug":"boost-eis-bong-twisted-bouncer-46-cm","status":"publish","type":"product","link":"https:\/\/donaulife-new.ogrisdigital.at\/da\/boost-eis-bong-twisted-bouncer-46-cm\/","title":{"rendered":"BOOST Eisbong &#8216;Twisted Bouncer&#8217; | 46 cm"},"content":{"rendered":"<h2>Boost Icebong mit 46 cm H\u00f6he<\/h2>\n<p>Diese Boost Bouncer Glas Bong ist eine klassische und einfache Bong die trotzdem ein super Raucherlebnis garantiert. Sie besteht aus hitzebest\u00e4ndigen Borosilikatglas. Sie kommt mit einem simplen Chillum welches zu Reinigungszwecken leicht aus dem besonder widerstandsf\u00e4higem Panzerschliff entfernt werden kann.<\/p>\n<p>Am Ende des Chillum thront ein originaler Boost Bongkopf in blau mit integriertem Rollstop. Die Bong besitzt ein Kickloch. Das Mundst\u00fcck der Bolt endet in einem komfortablen Ringmundst\u00fcck. Einen sicheren Stand verleiht dieser Glasbong ein flacher Rundfu\u00df damit diese nicht so leicht zu bruch geht. Zudem ist ein &#8220;twist&#8221; eingearbeitet damit der Hals auch mit Eis bef\u00fcllt werden kann.<\/p>\n<h3>\u00dcber Boost:<\/h3>\n<p>Die Bongschmiede von Boost zeigt das gute Qualit\u00e4t nicht immer extrem teuer sein muss. Von einfachen geraden Bongs bis hin zu Percolator Bongs und au\u00dfergew\u00f6hlichen Formen bietet Boost f\u00fcr jeden Geschmack die richtige Glasvase. Auch beim Zubeh\u00f6r bietet der Hersteller hochwertige Bong K\u00f6pfe, Vork\u00fchler sowie Diffusor Chillums die mit vielen Modellen kompatibel sind. Wer noch stabilere Glaswaren sucht sollte auf den Zusatz Boost PRO achten. Diese sind dicker und meist mit weiteren Gimmicks wie zum Beispiel einem Eisfach ausgestattet.<\/p>\n","protected":false},"excerpt":{"rendered":"<p>Boost Icebong mit 46 cm H\u00f6he Diese Boost Bouncer Glas Bong ist eine klassische und einfache Bong die trotzdem ein<\/p>\n","protected":false},"featured_media":24332,"comment_status":"open","ping_status":"open","template":"","meta":{"_acf_changed":false},"product_cat":[2514,2459,2706,2507,2523,2506,2463],"product_tag":[2707],"acf":[],"_links":{"self":[{"href":"https:\/\/donaulife-new.ogrisdigital.at\/da\/wp-json\/wp\/v2\/product\/51644"}],"collection":[{"href":"https:\/\/donaulife-new.ogrisdigital.at\/da\/wp-json\/wp\/v2\/product"}],"about":[{"href":"https:\/\/donaulife-new.ogrisdigital.at\/da\/wp-json\/wp\/v2\/types\/product"}],"replies":[{"embeddable":true,"href":"https:\/\/donaulife-new.ogrisdigital.at\/da\/wp-json\/wp\/v2\/comments?post=51644"}],"wp:featuredmedia":[{"embeddable":true,"href":"https:\/\/donaulife-new.ogrisdigital.at\/da\/wp-json\/wp\/v2\/media\/24332"}],"wp:attachment":[{"href":"https:\/\/donaulife-new.ogrisdigital.at\/da\/wp-json\/wp\/v2\/media?parent=51644"}],"wp:term":[{"taxonomy":"product_cat","embeddable":true,"href":"https:\/\/donaulife-new.ogrisdigital.at\/da\/wp-json\/wp\/v2\/product_cat?post=51644"},{"taxonomy":"product_tag","embeddable":true,"href":"https:\/\/donaulife-new.ogrisdigital.at\/da\/wp-json\/wp\/v2\/product_tag?post=51644"}],"curies":[{"name":"wp","href":"https:\/\/api.w.org\/{rel}","templated":true}]}}