{"id":51643,"date":"2019-12-23T11:18:26","date_gmt":"2019-12-23T11:18:26","guid":{"rendered":"https:\/\/donaulife-new.ogrisdigital.at\/produkt\/boost-bong-big-cane-48-cm\/"},"modified":"2025-01-15T07:13:24","modified_gmt":"2025-01-15T07:13:24","slug":"boost-bong-big-cane-48-cm","status":"publish","type":"product","link":"https:\/\/donaulife-new.ogrisdigital.at\/da\/boost-bong-big-cane-48-cm\/","title":{"rendered":"BOOST Glasbong &#8216;Big Cane&#8217; | 48 cm"},"content":{"rendered":"<h2>Boost Glasbong mit 48 cm<\/h2>\n<p>Diese Boost Bolt Glas Bong ist ein herausragendes St\u00fcck Glaskunst und garantiert ein unvergessliches Raucherlebnis. Sie besteht aus hitzebest\u00e4ndigen Borosilikatglas und ist ohne viel Schnick Schnack eine einfach gerade Bong. Die Bolt kommt mit einem simplen Chillum welches zu Reinigungszwecken leicht aus dem besonder widerstandsf\u00e4higem Panzerschliff entfernt werden kann.<\/p>\n<p>Am Ende des Chillum thront ein originaler Boost Bongkopf in blau mit integriertem Rollstop. Die Bong besitzt ein Kickloch. Das Mundst\u00fcck der Bolt endet in einem komfortablen Ringmundst\u00fcck. Einen sicheren Stand verleiht dieser Glasbong ein flacher Rundfu\u00df damit diese nicht so leicht zu bruch geht.<\/p>\n<h3>\u00dcber Boost:<\/h3>\n<p>Die Bongschmiede von Boost zeigt das gute Qualit\u00e4t nicht immer extrem teuer sein muss. Von einfachen geraden Bongs bis hin zu Percolator Bongs und au\u00dfergew\u00f6hlichen Formen bietet Boost f\u00fcr jeden Geschmack die richtige Glasvase. Auch beim Zubeh\u00f6r bietet der Hersteller hochwertige Bong K\u00f6pfe, Vork\u00fchler sowie Diffusor Chillums die mit vielen Modellen kompatibel sind. Wer noch stabilere Glaswaren sucht sollte auf den Zusatz Boost PRO achten. Diese sind dicker und meist mit weiteren Gimmicks wie zum Beispiel einem Eisfach ausgestattet.<\/p>\n","protected":false},"excerpt":{"rendered":"<p>Boost Glasbong mit 48 cm Diese Boost Bolt Glas Bong ist ein herausragendes St\u00fcck Glaskunst und garantiert ein unvergessliches Raucherlebnis.<\/p>\n","protected":false},"featured_media":24323,"comment_status":"open","ping_status":"open","template":"","meta":{"_acf_changed":false},"product_cat":[2514,2459,2706,2510,2507,2515,2506,2463],"product_tag":[2707],"acf":[],"_links":{"self":[{"href":"https:\/\/donaulife-new.ogrisdigital.at\/da\/wp-json\/wp\/v2\/product\/51643"}],"collection":[{"href":"https:\/\/donaulife-new.ogrisdigital.at\/da\/wp-json\/wp\/v2\/product"}],"about":[{"href":"https:\/\/donaulife-new.ogrisdigital.at\/da\/wp-json\/wp\/v2\/types\/product"}],"replies":[{"embeddable":true,"href":"https:\/\/donaulife-new.ogrisdigital.at\/da\/wp-json\/wp\/v2\/comments?post=51643"}],"wp:featuredmedia":[{"embeddable":true,"href":"https:\/\/donaulife-new.ogrisdigital.at\/da\/wp-json\/wp\/v2\/media\/24323"}],"wp:attachment":[{"href":"https:\/\/donaulife-new.ogrisdigital.at\/da\/wp-json\/wp\/v2\/media?parent=51643"}],"wp:term":[{"taxonomy":"product_cat","embeddable":true,"href":"https:\/\/donaulife-new.ogrisdigital.at\/da\/wp-json\/wp\/v2\/product_cat?post=51643"},{"taxonomy":"product_tag","embeddable":true,"href":"https:\/\/donaulife-new.ogrisdigital.at\/da\/wp-json\/wp\/v2\/product_tag?post=51643"}],"curies":[{"name":"wp","href":"https:\/\/api.w.org\/{rel}","templated":true}]}}