{"id":51622,"date":"2019-12-10T13:08:03","date_gmt":"2019-12-10T13:08:03","guid":{"rendered":"https:\/\/donaulife-new.ogrisdigital.at\/produkt\/gamer-aschenbecher-game-over\/"},"modified":"2024-07-01T00:35:45","modified_gmt":"2024-07-01T00:35:45","slug":"gamer-aschenbecher-game-over","status":"publish","type":"product","link":"https:\/\/donaulife-new.ogrisdigital.at\/da\/gamer-aschenbecher-game-over\/","title":{"rendered":"Gamer Aschenbecher &#8216;Game Over&#8217;"},"content":{"rendered":"<p>Dieser Aschenbecher in Form eines Controllers kann bis zu 5 Zigaretten halten und bietet au\u00dferordentlich viel Platz f\u00fcr Asche. Genau richtig f\u00fcr ausgedehnte Zocker Sessions.<\/p>\n","protected":false},"excerpt":{"rendered":"<p>Dieser Aschenbecher in Form eines Controllers kann bis zu 5 Zigaretten halten und bietet au\u00dferordentlich viel Platz f\u00fcr Asche. Genau<\/p>\n","protected":false},"featured_media":24210,"comment_status":"open","ping_status":"open","template":"","meta":{"_acf_changed":false},"product_cat":[2744,2451],"product_tag":[],"acf":[],"_links":{"self":[{"href":"https:\/\/donaulife-new.ogrisdigital.at\/da\/wp-json\/wp\/v2\/product\/51622"}],"collection":[{"href":"https:\/\/donaulife-new.ogrisdigital.at\/da\/wp-json\/wp\/v2\/product"}],"about":[{"href":"https:\/\/donaulife-new.ogrisdigital.at\/da\/wp-json\/wp\/v2\/types\/product"}],"replies":[{"embeddable":true,"href":"https:\/\/donaulife-new.ogrisdigital.at\/da\/wp-json\/wp\/v2\/comments?post=51622"}],"wp:featuredmedia":[{"embeddable":true,"href":"https:\/\/donaulife-new.ogrisdigital.at\/da\/wp-json\/wp\/v2\/media\/24210"}],"wp:attachment":[{"href":"https:\/\/donaulife-new.ogrisdigital.at\/da\/wp-json\/wp\/v2\/media?parent=51622"}],"wp:term":[{"taxonomy":"product_cat","embeddable":true,"href":"https:\/\/donaulife-new.ogrisdigital.at\/da\/wp-json\/wp\/v2\/product_cat?post=51622"},{"taxonomy":"product_tag","embeddable":true,"href":"https:\/\/donaulife-new.ogrisdigital.at\/da\/wp-json\/wp\/v2\/product_tag?post=51622"}],"curies":[{"name":"wp","href":"https:\/\/api.w.org\/{rel}","templated":true}]}}