{"id":51543,"date":"2019-11-11T20:37:54","date_gmt":"2019-11-11T20:37:54","guid":{"rendered":"https:\/\/donaulife-new.ogrisdigital.at\/produkt\/black-leaf-bong-shine-reinigungspulver\/"},"modified":"2025-01-15T07:13:35","modified_gmt":"2025-01-15T07:13:35","slug":"black-leaf-bong-shine-reinigungspulver","status":"publish","type":"product","link":"https:\/\/donaulife-new.ogrisdigital.at\/da\/black-leaf-bong-shine-reinigungspulver\/","title":{"rendered":"BLACK LEAF &#8216;Bong Shine&#8217; Reinigungspulver | 350g"},"content":{"rendered":"<h2>Bringt die Bong wieder zum Strahlen \u2013 \u2018Bong Shine\u2018!<\/h2>\n<p>Ein Mittel f\u00fcr die intensive Reinigung von Wasserpfeifen. Beseitigt neben Schmutz auch \u00fcble Ger\u00fcche und ist zu 100% biologisch abbaubar. Der Reiniger ist nicht f\u00fcr die Reinigung von Acrylpfeifen geeignet.<br \/>\n\u2018Bong Shine\u2018 ist ein biologisch abbaubares Reinigungskonzentrat mit Aktiv-Sauerstoff. Es wurde speziell zur Reinigung von Wasserpfeifen entwickelt und l\u00e4sst diese super gl\u00e4nzen.<\/p>\n<p>Je nach Gr\u00f6\u00dfe der Bong 1-2 Dosierl\u00f6ffel \u2018Bong Shine\u2018 in die Pfeife geben und danach mit kochendem Wasser auff\u00fcllen. Am besten vorher alle \u00d6ffnungen mit Stopfen verschlie\u00dfen, damit die Bong komplett gef\u00fcllt werden kann. Nach 3-5 Minuten Einwirkzeit und unter kr\u00e4ftigem Sch\u00fctteln das Wasser mit dem gel\u00f6sten Schmand auskippen. Mit hei\u00dfem Wasser nachsp\u00fclen.<\/p>\n<p>Bei festgebackenem oder ausgetrocknetem Schmand eine B\u00fcrste zur Hilfe nehmen, dann l\u00f6st sich auch diese hartn\u00e4ckige Verschmutzung. Je l\u00e4nger die Einwirkzeit, umso besser das Reinigungsergebnis!<\/p>\n<p>Der Reiniger ist geeignet f\u00fcr alle Wasserpfeifen aus Glas, Silikon, Acryl und Keramik.<\/p>\n<p>Achtung: Nicht alle Materialien vertragen kochendes Wasser. Enth\u00e4lt Protease, was zu allergischen Reaktionen f\u00fchren kann!<\/p>\n<p>Anwendung: 2 Teel\u00f6ffel in 1 Liter warmen Wasser aufl\u00f6sen, danach in die Pfeife geben und gut durchsch\u00fctteln. Danach l\u00e4sst man den Reiniger in etwa 5 &#8211; 10 einwirken und wird danach im Optimalfall mit warmen Wasser ausgesp\u00fclt.<\/p>\n<div><span style=\"font-size: 20.16px;\">\u00dcber Black Leaf:<\/span><\/div>\n<div>\n<p>In Weed We Trust ? Smoking\u00a0<em>Paraphernalia<\/em> seit 1988: Bongs, Pfeifen, Vaporizer, Grinder, Dabbing Zubeh\u00f6r, Paper &amp; Filter, Lifestyle Produkte. Es gibt viele Innovative Produkte der Marke die auch die ein oder andere Weltneuheit erschaffen haben. Im Shop bieten wir von allen Produkten die beste Auswahl.<\/p>\n<\/div>\n","protected":false},"excerpt":{"rendered":"<p>Bringt die Bong wieder zum Strahlen \u2013 \u2018Bong Shine\u2018! Ein Mittel f\u00fcr die intensive Reinigung von Wasserpfeifen. Beseitigt neben Schmutz<\/p>\n","protected":false},"featured_media":23208,"comment_status":"open","ping_status":"open","template":"","meta":{"_acf_changed":false},"product_cat":[2459,2718,2734,2460],"product_tag":[2521],"acf":[],"_links":{"self":[{"href":"https:\/\/donaulife-new.ogrisdigital.at\/da\/wp-json\/wp\/v2\/product\/51543"}],"collection":[{"href":"https:\/\/donaulife-new.ogrisdigital.at\/da\/wp-json\/wp\/v2\/product"}],"about":[{"href":"https:\/\/donaulife-new.ogrisdigital.at\/da\/wp-json\/wp\/v2\/types\/product"}],"replies":[{"embeddable":true,"href":"https:\/\/donaulife-new.ogrisdigital.at\/da\/wp-json\/wp\/v2\/comments?post=51543"}],"wp:featuredmedia":[{"embeddable":true,"href":"https:\/\/donaulife-new.ogrisdigital.at\/da\/wp-json\/wp\/v2\/media\/23208"}],"wp:attachment":[{"href":"https:\/\/donaulife-new.ogrisdigital.at\/da\/wp-json\/wp\/v2\/media?parent=51543"}],"wp:term":[{"taxonomy":"product_cat","embeddable":true,"href":"https:\/\/donaulife-new.ogrisdigital.at\/da\/wp-json\/wp\/v2\/product_cat?post=51543"},{"taxonomy":"product_tag","embeddable":true,"href":"https:\/\/donaulife-new.ogrisdigital.at\/da\/wp-json\/wp\/v2\/product_tag?post=51543"}],"curies":[{"name":"wp","href":"https:\/\/api.w.org\/{rel}","templated":true}]}}