{"id":51538,"date":"2019-11-08T15:41:47","date_gmt":"2019-11-08T15:41:47","guid":{"rendered":"https:\/\/donaulife-new.ogrisdigital.at\/produkt\/bongkopf-skull-king-blau-188-mm\/"},"modified":"2024-05-15T09:01:05","modified_gmt":"2024-05-15T09:01:05","slug":"bongkopf-skull-king-blau-188-mm","status":"publish","type":"product","link":"https:\/\/donaulife-new.ogrisdigital.at\/da\/bongkopf-skull-king-blau-188-mm\/","title":{"rendered":"Grace Glass Flutschkopf &#8216;Skull King&#8217; | 18,8 mm"},"content":{"rendered":"<h2>Siebkopf Skull King mit 18,8 mm Schliff<\/h2>\n<p>Neues K\u00f6pfchen gef\u00e4llig? Dieser blaue Skull King Bongkopf sorgt bei deiner n\u00e4chsten Session garantiert f\u00fcr Aufsehen. Mit integrierten die ausgebeulte Seite dient als Rollstop, somit besteht auch bei heftigeren Sessions nicht die Gefahr des Absturzes vom Couchtisch. Der Kopf ist mit einem 18,8 mm Schliff erh\u00e4ltlich.<\/p>\n","protected":false},"excerpt":{"rendered":"<p>Siebkopf Skull King mit 18,8 mm Schliff Neues K\u00f6pfchen gef\u00e4llig? Dieser blaue Skull King Bongkopf sorgt bei deiner n\u00e4chsten Session<\/p>\n","protected":false},"featured_media":23163,"comment_status":"open","ping_status":"closed","template":"","meta":{"_acf_changed":false},"product_cat":[2462,2459,2461,2566,2460],"product_tag":[],"acf":[],"_links":{"self":[{"href":"https:\/\/donaulife-new.ogrisdigital.at\/da\/wp-json\/wp\/v2\/product\/51538"}],"collection":[{"href":"https:\/\/donaulife-new.ogrisdigital.at\/da\/wp-json\/wp\/v2\/product"}],"about":[{"href":"https:\/\/donaulife-new.ogrisdigital.at\/da\/wp-json\/wp\/v2\/types\/product"}],"replies":[{"embeddable":true,"href":"https:\/\/donaulife-new.ogrisdigital.at\/da\/wp-json\/wp\/v2\/comments?post=51538"}],"wp:featuredmedia":[{"embeddable":true,"href":"https:\/\/donaulife-new.ogrisdigital.at\/da\/wp-json\/wp\/v2\/media\/23163"}],"wp:attachment":[{"href":"https:\/\/donaulife-new.ogrisdigital.at\/da\/wp-json\/wp\/v2\/media?parent=51538"}],"wp:term":[{"taxonomy":"product_cat","embeddable":true,"href":"https:\/\/donaulife-new.ogrisdigital.at\/da\/wp-json\/wp\/v2\/product_cat?post=51538"},{"taxonomy":"product_tag","embeddable":true,"href":"https:\/\/donaulife-new.ogrisdigital.at\/da\/wp-json\/wp\/v2\/product_tag?post=51538"}],"curies":[{"name":"wp","href":"https:\/\/api.w.org\/{rel}","templated":true}]}}