{"id":51529,"date":"2019-10-25T13:07:10","date_gmt":"2019-10-25T13:07:10","guid":{"rendered":"https:\/\/donaulife-new.ogrisdigital.at\/produkt\/volcano-hybrid-tischvaporizer-digital\/"},"modified":"2024-07-01T00:34:26","modified_gmt":"2024-07-01T00:34:26","slug":"volcano-hybrid-tischvaporizer-digital","status":"publish","type":"product","link":"https:\/\/donaulife-new.ogrisdigital.at\/da\/volcano-hybrid-tischvaporizer-digital\/","title":{"rendered":"STORZ &#038; BICKEL Volcano Hybrid Tischvaporizer | digital"},"content":{"rendered":"<p>Der VOLCANO Verdampfer von STORZ &amp; BICKEL steht sowohl f\u00fcr hervorragende Qualit\u00e4t und Funktionalit\u00e4t als auch f\u00fcr Innovation und erstklassiges Design. Seit der Einf\u00fchrung der VOLCANO-Produktlinie hat STORZ &amp; BICKEL den weltweit f\u00fchrenden Tisch-Verdampfer kontinuierlich weiterentwickelt und modernisiert. Nun ist STORZ &amp; BICKEL stolz darauf, die neueste Edition zu pr\u00e4sentieren: Den VOLCANO HYBRID! Der brandneue VOLCANO HYBRID zeichnet sich nicht nur durch ein optimiertes Luftstrommanagement und schnellere Aufheizzeiten aus. Sondern auch durch ein modernes duales Inhalationssystem sowie eine App-Steuerung mit Bluetooth-Verbindung.<\/p>\n<h4><strong>ONE DEVICE, TWO SYSTEMS.<\/strong><\/h4>\n<p>Der neue VOLCANO HYBRID beendet alle Diskussionen \u00fcber den perfekten Verdampfer. Egal ob Sie den Ballon oder den Schlauch bevorzugen, der VOLCANO HYBRID besticht durch sein erstklassiges Design, beeindruckende Features \u2013 und durch die einzigartige Qualit\u00e4t, die Sie von STORZ &amp; BICKEL erwarten.<\/p>\n<h4><strong>TOUCH OF CLASS.<\/strong><\/h4>\n<p>Ein hervorragender Desktop-Vaporizer muss auch leicht zu bedienen sein. Deshalb verf\u00fcgt der VOLCANO HYBRID auch \u00fcber ein ausgekl\u00fcgeltes Display mit integrierten Touch-Buttons. Temperatur einstellen, Luftpumpe aktivieren \u2013 Ihr pers\u00f6nliches Vaporizer-Erlebnis ist nur einen Fingerdruck entfernt.<\/p>\n<h4><strong>THE HEAT IS ON.<\/strong><\/h4>\n<p>Ihren VOLCANO auf Temperatur zu bringen, ging noch nie so schnell. Ausgestattet mit einem verbesserten W\u00e4rmetauscher, ist der VOLCANO HYBRID innerhalb von 40 Sekunden einsatzbereit.<\/p>\n<h4><strong>NAMED HYBRID FOR A REASON.<\/strong><\/h4>\n<p>Inhale the difference \u2013 auf eine ganz neue Weise: Mit seiner frei beweglichen Schlaucheinheit bietet der VOLCANO HYBRID eine zweite Anwendungsmethode. Inhalieren Sie den abgek\u00fchlten Dampf direkt von der Quelle und nahezu ohne Zugwiderstand.<\/p>\n<p>Volcano Produkte sind innerhalb von 2 Werktagen versandfertig.<\/p>\n","protected":false},"excerpt":{"rendered":"<p>Der VOLCANO Verdampfer von STORZ &amp; BICKEL steht sowohl f\u00fcr hervorragende Qualit\u00e4t und Funktionalit\u00e4t als auch f\u00fcr Innovation und erstklassiges<\/p>\n","protected":false},"featured_media":23088,"comment_status":"open","ping_status":"closed","template":"","meta":{"_acf_changed":false},"product_cat":[2624,2623],"product_tag":[],"acf":[],"_links":{"self":[{"href":"https:\/\/donaulife-new.ogrisdigital.at\/da\/wp-json\/wp\/v2\/product\/51529"}],"collection":[{"href":"https:\/\/donaulife-new.ogrisdigital.at\/da\/wp-json\/wp\/v2\/product"}],"about":[{"href":"https:\/\/donaulife-new.ogrisdigital.at\/da\/wp-json\/wp\/v2\/types\/product"}],"replies":[{"embeddable":true,"href":"https:\/\/donaulife-new.ogrisdigital.at\/da\/wp-json\/wp\/v2\/comments?post=51529"}],"wp:featuredmedia":[{"embeddable":true,"href":"https:\/\/donaulife-new.ogrisdigital.at\/da\/wp-json\/wp\/v2\/media\/23088"}],"wp:attachment":[{"href":"https:\/\/donaulife-new.ogrisdigital.at\/da\/wp-json\/wp\/v2\/media?parent=51529"}],"wp:term":[{"taxonomy":"product_cat","embeddable":true,"href":"https:\/\/donaulife-new.ogrisdigital.at\/da\/wp-json\/wp\/v2\/product_cat?post=51529"},{"taxonomy":"product_tag","embeddable":true,"href":"https:\/\/donaulife-new.ogrisdigital.at\/da\/wp-json\/wp\/v2\/product_tag?post=51529"}],"curies":[{"name":"wp","href":"https:\/\/api.w.org\/{rel}","templated":true}]}}