{"id":51507,"date":"2019-09-26T19:51:08","date_gmt":"2019-09-26T19:51:08","guid":{"rendered":"https:\/\/donaulife-new.ogrisdigital.at\/produkt\/black-leaf-glasbong-indigo-butterfly-mit-ashcatcher-blau-30-cm\/"},"modified":"2024-07-01T00:34:06","modified_gmt":"2024-07-01T00:34:06","slug":"black-leaf-glasbong-indigo-butterfly-mit-ashcatcher-blau-30-cm","status":"publish","type":"product","link":"https:\/\/donaulife-new.ogrisdigital.at\/da\/black-leaf-glasbong-indigo-butterfly-mit-ashcatcher-blau-30-cm\/","title":{"rendered":"BLACK LEAF Eisbong &#8216;Butterfly&#8217; mit Ashcatcher | 30 cm"},"content":{"rendered":"<h2>Black Leaf Eisbong mit Ashcatcher<\/h2>\n<p>Die &#8216;Butterfly&#8217; von Black Leaf ist unter Bongliebhabern mittlerweile der Klassiker schlechthin. Diese kompakte Glasbong besitzt ein ganz besonderes Gimmick, und zwar hat sie einen Ashcatcher der gleichzeitig auch als K\u00f6pfchen dient. Dieser filtert schon im ersten Schritt den gr\u00f6bsten Teil der Schadstoffe aus dem Rauch. Danach bewegt sich der Rauch durch das Chillum in den Bauch, wo er durch den Diffusor weiter verwirbelt wird. Wenn er dann in der Bong aufsteigt muss er den Baumperkolator passieren der nicht nur Schadstoffe abf\u00e4ngt sondern auch als Splashguard dient.<\/p>\n<p>Die ICE Dornen trennen die Eiskammer ab, wo der Rauch zus\u00e4tzlich gek\u00fchlt wird und dann \u00fcber das Ringf\u00f6rmige mit farblichen Akzent best\u00fcckte Mundst\u00fcck inhaliert wird. Der Schliff der Bong betr\u00e4gt 18,8 mm wohingegen das Chillum gleichzeit als Adapter auf 14,5 mm dient. Somit wirden mit dem inkludierten Chillum ein K\u00f6pfchen mit einem NS14 ben\u00f6tigt. Auf der Vorderseite ziert das Logo der Marke &#8216;Butterfly&#8217; in sandgestrahlter Optik.<\/p>\n<h3><span style=\"font-size: 20.16px;\">\u00dcber Black Leaf:<\/span><\/h3>\n<div>\n<p>In Weed We Trust ? Smoking\u00a0<em>Paraphernalia<\/em> seit 1988: Bongs, Pfeifen, Vaporizer, Grinder, Dabbing Zubeh\u00f6r, Paper &amp; Filter, Lifestyle Produkte. Es gibt viele Innovative Produkte der Marke die auch die ein oder andere Weltneuheit erschaffen haben. Im Shop bieten wir von allen Produkten die beste Auswahl.<\/p>\n<\/div>\n","protected":false},"excerpt":{"rendered":"<p>Black Leaf Eisbong mit Ashcatcher Die &#8216;Butterfly&#8217; von Black Leaf ist unter Bongliebhabern mittlerweile der Klassiker schlechthin. Diese kompakte Glasbong<\/p>\n","protected":false},"featured_media":22886,"comment_status":"open","ping_status":"open","template":"","meta":{"_acf_changed":false},"product_cat":[2514,2548,2459,2507,2546,2523,2515,2635,2577,2506,2463],"product_tag":[2521],"acf":[],"_links":{"self":[{"href":"https:\/\/donaulife-new.ogrisdigital.at\/da\/wp-json\/wp\/v2\/product\/51507"}],"collection":[{"href":"https:\/\/donaulife-new.ogrisdigital.at\/da\/wp-json\/wp\/v2\/product"}],"about":[{"href":"https:\/\/donaulife-new.ogrisdigital.at\/da\/wp-json\/wp\/v2\/types\/product"}],"replies":[{"embeddable":true,"href":"https:\/\/donaulife-new.ogrisdigital.at\/da\/wp-json\/wp\/v2\/comments?post=51507"}],"wp:featuredmedia":[{"embeddable":true,"href":"https:\/\/donaulife-new.ogrisdigital.at\/da\/wp-json\/wp\/v2\/media\/22886"}],"wp:attachment":[{"href":"https:\/\/donaulife-new.ogrisdigital.at\/da\/wp-json\/wp\/v2\/media?parent=51507"}],"wp:term":[{"taxonomy":"product_cat","embeddable":true,"href":"https:\/\/donaulife-new.ogrisdigital.at\/da\/wp-json\/wp\/v2\/product_cat?post=51507"},{"taxonomy":"product_tag","embeddable":true,"href":"https:\/\/donaulife-new.ogrisdigital.at\/da\/wp-json\/wp\/v2\/product_tag?post=51507"}],"curies":[{"name":"wp","href":"https:\/\/api.w.org\/{rel}","templated":true}]}}