{"id":51468,"date":"2019-09-10T11:47:54","date_gmt":"2019-09-10T11:47:54","guid":{"rendered":"https:\/\/donaulife-new.ogrisdigital.at\/produkt\/boveda-humidity-control-58\/"},"modified":"2024-07-01T00:33:42","modified_gmt":"2024-07-01T00:33:42","slug":"boveda-humidity-control-58","status":"publish","type":"product","link":"https:\/\/donaulife-new.ogrisdigital.at\/da\/boveda-humidity-control-58\/","title":{"rendered":"BOVEDA Humidity Control 58%"},"content":{"rendered":"<p>Boveda hat mit der weltweit patentierten 2-Wege L\u00f6sung die einfach wie auch genial ist f\u00fcr Furore gesorgt. Die Humidity Packs geben Feuchtigkeit ab und nehmen diese auch auf wenn zuviel in der Umgebung vorhanden ist. Diese 2 Wege L\u00f6sung ist einfahc in der Handhabung und mit den im Shop befindlichen Freshkeepern (CV Vaults) kompatibel. Kann nat\u00fcrlich in jedem verschlie\u00dfbaren Beh\u00e4lter benutzt werden.<\/p>\n<p>In den Boveda Produkten gibt es keine Chemie. Nur Salze &amp; Wasser.<\/p>\n<p>Wird das Hydro Pack hart sollte es getauscht werden um perfekte Feuchtigkeit weiter zu erhalten.<\/p>\n<p><strong>XS= 1g<br \/>\nS = 4g<\/strong><br \/>\n<strong>M = 8g<\/strong><br \/>\n<strong>L = 67g<\/strong><\/p>\n<p>Beh\u00e4lter bis 17L<\/p>\n<p>&gt;1\/2 Liter = 4-8g<br \/>\n1\/2 Liter\u00a0 = 1 x 8g<br \/>\n1 Liter =\u00a02 x 8g<br \/>\n2 Liter =\u00a04 x 8g<br \/>\n4 Liter =1 x 67g<br \/>\n8 Liter =\u00a02 x 67g<br \/>\n17 Liter = 3 x 67g<\/p>\n","protected":false},"excerpt":{"rendered":"<p>Boveda hat mit der weltweit patentierten 2-Wege L\u00f6sung die einfach wie auch genial ist f\u00fcr Furore gesorgt. Die Humidity Packs<\/p>\n","protected":false},"featured_media":22744,"comment_status":"open","ping_status":"closed","template":"","meta":{"_acf_changed":false},"product_cat":[2607,2451,2825],"product_tag":[],"acf":[],"_links":{"self":[{"href":"https:\/\/donaulife-new.ogrisdigital.at\/da\/wp-json\/wp\/v2\/product\/51468"}],"collection":[{"href":"https:\/\/donaulife-new.ogrisdigital.at\/da\/wp-json\/wp\/v2\/product"}],"about":[{"href":"https:\/\/donaulife-new.ogrisdigital.at\/da\/wp-json\/wp\/v2\/types\/product"}],"replies":[{"embeddable":true,"href":"https:\/\/donaulife-new.ogrisdigital.at\/da\/wp-json\/wp\/v2\/comments?post=51468"}],"wp:featuredmedia":[{"embeddable":true,"href":"https:\/\/donaulife-new.ogrisdigital.at\/da\/wp-json\/wp\/v2\/media\/22744"}],"wp:attachment":[{"href":"https:\/\/donaulife-new.ogrisdigital.at\/da\/wp-json\/wp\/v2\/media?parent=51468"}],"wp:term":[{"taxonomy":"product_cat","embeddable":true,"href":"https:\/\/donaulife-new.ogrisdigital.at\/da\/wp-json\/wp\/v2\/product_cat?post=51468"},{"taxonomy":"product_tag","embeddable":true,"href":"https:\/\/donaulife-new.ogrisdigital.at\/da\/wp-json\/wp\/v2\/product_tag?post=51468"}],"curies":[{"name":"wp","href":"https:\/\/api.w.org\/{rel}","templated":true}]}}