{"id":51452,"date":"2019-09-03T08:07:22","date_gmt":"2019-09-03T08:07:22","guid":{"rendered":"https:\/\/donaulife-new.ogrisdigital.at\/produkt\/clean-u-screen-urin-im-beutel-25ml\/"},"modified":"2024-07-01T00:33:31","modified_gmt":"2024-07-01T00:33:31","slug":"clean-u-screen-urin-im-beutel-25ml","status":"publish","type":"product","link":"https:\/\/donaulife-new.ogrisdigital.at\/da\/clean-u-screen-urin-im-beutel-25ml\/","title":{"rendered":"CLEAN U Screen Urin im Beutel | 25ml"},"content":{"rendered":"<h2 align=\"left\">Clean Urin im Beutel mit 25ml<\/h2>\n<p align=\"left\">Bei CleanUrin handelt es sich um vollsynthetischen Urin (Kunsturin), verpackt zu mindestens 25 ml in einem praktischen, robusten und trotzdem anschmiegsamen Aufrei\u00dfbeutel. Daher ist CleanUrin angenehm zu tragen (auch beim Sport, beim Autofahren oder Schlafen) und ein diskreter Einsatz ist jederzeit und ohne weitere Vorbereitungen m\u00f6glich. IDEAL F\u00dcR UNTERWEGS!<\/p>\n<p align=\"left\">\u2022 Mobiler, vollsynthetischer Urin f\u00fcr den t\u00e4glichen Gebrauch und zum Schutz deiner Privatsph\u00e4re<\/p>\n<p align=\"left\">\u2022 Besteht alle g\u00e4ngigen Verf\u00e4lschungstests<\/p>\n<p align=\"left\">\u2022 Seit 2006 ungeschlagen<\/p>\n<p align=\"left\">\u2022 Beutel anschmiegsam &amp; mit abgerundeten Ecken<\/p>\n<p align=\"left\">\u2022 Leicht &amp; ger\u00e4uscharm zu \u00f6ffnen \u2013 auch mit feuchten H\u00e4nden<\/p>\n<p align=\"left\">\u2022 Wird wie echter Urin bei UV-Licht sichtbar<\/p>\n<p align=\"left\">\u2022 36 Monate haltbar<\/p>\n<p align=\"left\">\u2022 Drei Jahre problemloser Umtausch bei besch\u00e4digten Siegeln\u00e4hten<\/p>\n<p align=\"left\">Drei verschiedene Kennzeichnungen (rot \/ gr\u00fcn \/ gelb) signalisieren unterschiedliche Werte im Urin wie z.B. pH- und Kreatininwerte, da diese Werte von der Ern\u00e4hrung abh\u00e4ngig sind und sich t\u00e4glich \u00e4ndern. Alle Beutel enthalten synthetischen Urin, der in allen relevanten Parametern dem Urin eines gesunden und n\u00fcchternen Menschen entspricht. Alle drei Farben haben den gleichen hohen Qualit\u00e4tsstandard.<\/p>\n<p align=\"left\">Wichtig: ALLE drei Kennzeichnungen sind vollkommen in Ordnung f\u00fcr den Gebrauch. Bei einer Bestellung von zwei oder mehr Urinbeuteln wird die Lieferung immer gemischt versandt.<\/p>\n<p align=\"left\">Am K\u00f6rper getragen bleibt die Temperatur konstant und nat\u00fcrlich (33-34\u00b0C). Sehr robuster Beutel. Ger\u00e4uscharm mit abgerundeten Ecken. Patentierte \u00d6ffnung auf zwei Seiten. Leicht zu \u00f6ffnen \u2013 auch mit feuchten H\u00e4nden. Wird wie echter Urin durch UV-Licht sichtbar.<\/p>\n<p align=\"left\">* CleanUrin ist nicht zum Verzehr geeignet und darf nicht benutzt werden, um Drogentests \/ Kontrollen \/ Untersuchungen \/ etc. zu manipulieren.<\/p>\n<p><em>Achtung: Nach dem \u00d6ffnen k\u00fchl lagern.<\/em><\/p>\n<p><iframe title=\"Mai von Rotzepiml erkl\u00e4rt den SCREENYWEENY von CleanU\" width=\"500\" height=\"281\" src=\"https:\/\/www.youtube.com\/embed\/vwgOSDxy-fQ?feature=oembed\" frameborder=\"0\" allow=\"accelerometer; autoplay; clipboard-write; encrypted-media; gyroscope; picture-in-picture; web-share\" referrerpolicy=\"strict-origin-when-cross-origin\" allowfullscreen><\/iframe><\/p>\n","protected":false},"excerpt":{"rendered":"<p>Clean Urin im Beutel mit 25ml Bei CleanUrin handelt es sich um vollsynthetischen Urin (Kunsturin), verpackt zu mindestens 25 ml<\/p>\n","protected":false},"featured_media":22636,"comment_status":"open","ping_status":"open","template":"","meta":{"_acf_changed":false},"product_cat":[2489,2872,2451],"product_tag":[2873,2874],"acf":[],"_links":{"self":[{"href":"https:\/\/donaulife-new.ogrisdigital.at\/da\/wp-json\/wp\/v2\/product\/51452"}],"collection":[{"href":"https:\/\/donaulife-new.ogrisdigital.at\/da\/wp-json\/wp\/v2\/product"}],"about":[{"href":"https:\/\/donaulife-new.ogrisdigital.at\/da\/wp-json\/wp\/v2\/types\/product"}],"replies":[{"embeddable":true,"href":"https:\/\/donaulife-new.ogrisdigital.at\/da\/wp-json\/wp\/v2\/comments?post=51452"}],"wp:featuredmedia":[{"embeddable":true,"href":"https:\/\/donaulife-new.ogrisdigital.at\/da\/wp-json\/wp\/v2\/media\/22636"}],"wp:attachment":[{"href":"https:\/\/donaulife-new.ogrisdigital.at\/da\/wp-json\/wp\/v2\/media?parent=51452"}],"wp:term":[{"taxonomy":"product_cat","embeddable":true,"href":"https:\/\/donaulife-new.ogrisdigital.at\/da\/wp-json\/wp\/v2\/product_cat?post=51452"},{"taxonomy":"product_tag","embeddable":true,"href":"https:\/\/donaulife-new.ogrisdigital.at\/da\/wp-json\/wp\/v2\/product_tag?post=51452"}],"curies":[{"name":"wp","href":"https:\/\/api.w.org\/{rel}","templated":true}]}}