{"id":51389,"date":"2019-04-03T09:04:55","date_gmt":"2019-04-03T09:04:55","guid":{"rendered":"https:\/\/donaulife-new.ogrisdigital.at\/produkt\/raw-cone-tips-natural-maestro-32-blatt\/"},"modified":"2025-01-15T07:13:50","modified_gmt":"2025-01-15T07:13:50","slug":"raw-cone-tips-natural-maestro-32-blatt","status":"publish","type":"product","link":"https:\/\/donaulife-new.ogrisdigital.at\/da\/raw-cone-tips-natural-maestro-32-blatt\/","title":{"rendered":"RAW Cone Tips natural &#8216;Maestro&#8217; | 32 Blatt"},"content":{"rendered":"<h2>RAW Maestro Tips 32 Blatt<\/h2>\n<p>Die RAW &#8216;Maestro&#8217; Cone Tips perforiert werden aus den nat\u00fcrlichen Rohfasern von Hanf und Baumwolle hergestellt und sind frei von Chemikalien und Chlor. Sie werden in einer antiken Langsiebpapiermaschine in Nord-China hergestellt, der einzige Ort, an dem noch eine solche Maschine in Benutzung ist, die dieses spezielle Langfaserpapier herstellt. 32 Blatt in einem B\u00fcchlein.<\/p>\n<h3>\u00dcber RAW:<\/h3>\n<p>RAW \u2013 Die nat\u00fcrliche Art zu rollen.<br \/>\nSeit dem 1. Tag hat RAW den Auftrag, die F\u00fchrungsrolle in der Papierrollenindustrie zu \u00fcbernehmen. RAW hat die Welt des Rauchens revolutioniert, indem sie Produkte geschaffen hat, die von Natur aus genial gestaltet sind, um das Raucherlebnis zu verbessern.<br \/>\nRAW stellt nur qualitativ hochwertige und umweltfreundliche Produkte her, die Ihr Raucherlebnis verbessern, und wir werden das wof\u00fcr wir stehen niemals \u00e4ndern. Wir genie\u00dfen es, unser unraffiniertes Papier jeden Tag zu rauchen, und wir werden es immer komplett rein also \u201cRAW\u201d belassen \u2013 f\u00fcr dich und uns!<\/p>\n","protected":false},"excerpt":{"rendered":"<p>RAW Maestro Tips 32 Blatt Die RAW &#8216;Maestro&#8217; Cone Tips perforiert werden aus den nat\u00fcrlichen Rohfasern von Hanf und Baumwolle<\/p>\n","protected":false},"featured_media":22202,"comment_status":"open","ping_status":"open","template":"","meta":{"_acf_changed":false},"product_cat":[2489,2499,2500,2451,2490],"product_tag":[2493],"acf":[],"_links":{"self":[{"href":"https:\/\/donaulife-new.ogrisdigital.at\/da\/wp-json\/wp\/v2\/product\/51389"}],"collection":[{"href":"https:\/\/donaulife-new.ogrisdigital.at\/da\/wp-json\/wp\/v2\/product"}],"about":[{"href":"https:\/\/donaulife-new.ogrisdigital.at\/da\/wp-json\/wp\/v2\/types\/product"}],"replies":[{"embeddable":true,"href":"https:\/\/donaulife-new.ogrisdigital.at\/da\/wp-json\/wp\/v2\/comments?post=51389"}],"wp:featuredmedia":[{"embeddable":true,"href":"https:\/\/donaulife-new.ogrisdigital.at\/da\/wp-json\/wp\/v2\/media\/22202"}],"wp:attachment":[{"href":"https:\/\/donaulife-new.ogrisdigital.at\/da\/wp-json\/wp\/v2\/media?parent=51389"}],"wp:term":[{"taxonomy":"product_cat","embeddable":true,"href":"https:\/\/donaulife-new.ogrisdigital.at\/da\/wp-json\/wp\/v2\/product_cat?post=51389"},{"taxonomy":"product_tag","embeddable":true,"href":"https:\/\/donaulife-new.ogrisdigital.at\/da\/wp-json\/wp\/v2\/product_tag?post=51389"}],"curies":[{"name":"wp","href":"https:\/\/api.w.org\/{rel}","templated":true}]}}