{"id":51386,"date":"2019-04-02T12:48:22","date_gmt":"2019-04-02T12:48:22","guid":{"rendered":"https:\/\/donaulife-new.ogrisdigital.at\/produkt\/black-leaf-percolator-bong-heavyhitter-38-cm\/"},"modified":"2024-07-01T00:32:48","modified_gmt":"2024-07-01T00:32:48","slug":"black-leaf-percolator-bong-heavyhitter-38-cm","status":"publish","type":"product","link":"https:\/\/donaulife-new.ogrisdigital.at\/da\/black-leaf-percolator-bong-heavyhitter-38-cm\/","title":{"rendered":"BLACK LEAF Percolator Bong &#8216;Heavyhitter&#8217; | 38 cm"},"content":{"rendered":"<div class=\"std\">\n<p>Ein wundersch\u00f6n designetes St\u00fcck aus dem Hause &#8216;Black Leaf&#8217;. F\u00fcr optimale Hits ist ein Diffusorchillum mit integriertem Kr\u00e4uterkopf inkludiert. Der Rauch zieht durch das R\u00f6hrchen in den Beaker, in der Asche und Schadstoffe h\u00e4ngen bleiben. Danach zieht er weiter in durch den 6-Arm Perculator wo er zerspaltet und geteilt wird.<\/p>\n<p>Durch die Eis Dornen kannst du die Bong bis obenhin mit Eis bef\u00fcllen (<a href=\"https:\/\/www.donaulife.com\/smoke-cubes-eisform-fuer-bongeiswuerfel\/\" target=\"_blank\" rel=\"noopener\">Bongeisw\u00fcrfelform<\/a>). Der Bong Sockel hat einen 18,8 mm Schliff und das K\u00f6pfchen einen 14,5 mm Schliff.<\/p>\n<p>Ein Splashguard (Spritzschutz) ist integriert damit das Wasser nicht bis zum Mund spritzen kann.<\/p>\n<p>Diese Bong hat ein Kickloch. (Auf dem Bild siehst du die Version ohne)<\/p>\n<\/div>\n","protected":false},"excerpt":{"rendered":"<p>Ein wundersch\u00f6n designetes St\u00fcck aus dem Hause &#8216;Black Leaf&#8217;. F\u00fcr optimale Hits ist ein Diffusorchillum mit integriertem Kr\u00e4uterkopf inkludiert. Der<\/p>\n","protected":false},"featured_media":22272,"comment_status":"open","ping_status":"open","template":"","meta":{"_acf_changed":false},"product_cat":[2514,2548,2459,2523,2635,2577,2506,2463],"product_tag":[2521],"acf":[],"_links":{"self":[{"href":"https:\/\/donaulife-new.ogrisdigital.at\/da\/wp-json\/wp\/v2\/product\/51386"}],"collection":[{"href":"https:\/\/donaulife-new.ogrisdigital.at\/da\/wp-json\/wp\/v2\/product"}],"about":[{"href":"https:\/\/donaulife-new.ogrisdigital.at\/da\/wp-json\/wp\/v2\/types\/product"}],"replies":[{"embeddable":true,"href":"https:\/\/donaulife-new.ogrisdigital.at\/da\/wp-json\/wp\/v2\/comments?post=51386"}],"wp:featuredmedia":[{"embeddable":true,"href":"https:\/\/donaulife-new.ogrisdigital.at\/da\/wp-json\/wp\/v2\/media\/22272"}],"wp:attachment":[{"href":"https:\/\/donaulife-new.ogrisdigital.at\/da\/wp-json\/wp\/v2\/media?parent=51386"}],"wp:term":[{"taxonomy":"product_cat","embeddable":true,"href":"https:\/\/donaulife-new.ogrisdigital.at\/da\/wp-json\/wp\/v2\/product_cat?post=51386"},{"taxonomy":"product_tag","embeddable":true,"href":"https:\/\/donaulife-new.ogrisdigital.at\/da\/wp-json\/wp\/v2\/product_tag?post=51386"}],"curies":[{"name":"wp","href":"https:\/\/api.w.org\/{rel}","templated":true}]}}