{"id":51367,"date":"2019-03-27T12:03:10","date_gmt":"2019-03-27T12:03:10","guid":{"rendered":"https:\/\/donaulife-new.ogrisdigital.at\/produkt\/breit-breitseite-zylinderbong-hunger-45cm\/"},"modified":"2024-07-01T00:32:33","modified_gmt":"2024-07-01T00:32:33","slug":"breit-breitseite-zylinderbong-hunger-45cm","status":"publish","type":"product","link":"https:\/\/donaulife-new.ogrisdigital.at\/da\/breit-breitseite-zylinderbong-hunger-45cm\/","title":{"rendered":"BREIT Breitseite Zylinderbong &#8216;Hunger&#8217; | 45\/50\/55 cm"},"content":{"rendered":"<div class=\"std\">\n<h2>Breitseite Glasbong Hunger in 45, 50 oder 55 cm<\/h2>\n<p>Einfach und g\u00fcnstig. Daf\u00fcr steht die Bongmarke &#8216;Breitseite&#8217; und muss sich damit nicht hinter gro\u00dfen Herstellern verstecken. Das Chillum leitet den entstehenden Rauch in das Zugrohr wo es noch mit Eisw\u00fcrfeln gek\u00fchlt werden kann.<\/p>\n<p>Ein Kickloch ist vorhanden. Die Bong hat einen Sockel mit einem 18,8 mm Schliff.<\/p>\n<h3>\u00dcber Breit:<\/h3>\n<p>Breit, breiter, am breitesten. Breitseite. Einfache Bongs &#8211; Einfach breit. Die Marke Breitseite von Black Leaf steht f\u00fcr basic Glasprodukte ohne Schnick Schnack.<\/p>\n<\/div>\n","protected":false},"excerpt":{"rendered":"<p>Breitseite Glasbong Hunger in 45, 50 oder 55 cm Einfach und g\u00fcnstig. Daf\u00fcr steht die Bongmarke &#8216;Breitseite&#8217; und muss sich<\/p>\n","protected":false},"featured_media":22103,"comment_status":"open","ping_status":"closed","template":"","meta":{"_acf_changed":false},"product_cat":[2514,2459,2993,2510,2507,2523,2515,2506,2463],"product_tag":[],"acf":[],"_links":{"self":[{"href":"https:\/\/donaulife-new.ogrisdigital.at\/da\/wp-json\/wp\/v2\/product\/51367"}],"collection":[{"href":"https:\/\/donaulife-new.ogrisdigital.at\/da\/wp-json\/wp\/v2\/product"}],"about":[{"href":"https:\/\/donaulife-new.ogrisdigital.at\/da\/wp-json\/wp\/v2\/types\/product"}],"replies":[{"embeddable":true,"href":"https:\/\/donaulife-new.ogrisdigital.at\/da\/wp-json\/wp\/v2\/comments?post=51367"}],"wp:featuredmedia":[{"embeddable":true,"href":"https:\/\/donaulife-new.ogrisdigital.at\/da\/wp-json\/wp\/v2\/media\/22103"}],"wp:attachment":[{"href":"https:\/\/donaulife-new.ogrisdigital.at\/da\/wp-json\/wp\/v2\/media?parent=51367"}],"wp:term":[{"taxonomy":"product_cat","embeddable":true,"href":"https:\/\/donaulife-new.ogrisdigital.at\/da\/wp-json\/wp\/v2\/product_cat?post=51367"},{"taxonomy":"product_tag","embeddable":true,"href":"https:\/\/donaulife-new.ogrisdigital.at\/da\/wp-json\/wp\/v2\/product_tag?post=51367"}],"curies":[{"name":"wp","href":"https:\/\/api.w.org\/{rel}","templated":true}]}}