{"id":51356,"date":"2019-03-25T18:07:44","date_gmt":"2019-03-25T18:07:44","guid":{"rendered":"https:\/\/donaulife-new.ogrisdigital.at\/produkt\/pay-pay-papers-gogreen-slim-32-blatt\/"},"modified":"2024-07-01T00:32:25","modified_gmt":"2024-07-01T00:32:25","slug":"pay-pay-papers-gogreen-slim-32-blatt","status":"publish","type":"product","link":"https:\/\/donaulife-new.ogrisdigital.at\/da\/pay-pay-papers-gogreen-slim-32-blatt\/","title":{"rendered":"PAY-PAY  &#8216;GoGreen&#8217; KSS Papers | 32 Blatt"},"content":{"rendered":"<h2>Pay-Pay Papers Kingsize slim<\/h2>\n<p>Pay-Pay der Hersteller des ersten ungebleichten Papiers der Welt kommt aus Alcoy, Spanien. Die allerneueste Entwicklung: ein v\u00f6llig rauchfreies, v\u00f6llig \u00f6kologisches Papier, das die gr\u00fcne Farbe der Alfalfa-Pflanze annimmt.<br \/>\nDar\u00fcber hinaus wird es zu 100% aus erneuerbaren Energien, organischem Gummi, hergestellt und enth\u00e4lt weder chemische Zus\u00e4tze noch Chlor.<\/p>\n","protected":false},"excerpt":{"rendered":"<p>Pay-Pay Papers Kingsize slim Pay-Pay der Hersteller des ersten ungebleichten Papiers der Welt kommt aus Alcoy, Spanien. Die allerneueste Entwicklung:<\/p>\n","protected":false},"featured_media":22024,"comment_status":"open","ping_status":"open","template":"","meta":{"_acf_changed":false},"product_cat":[2451,2453,2452],"product_tag":[2988],"acf":[],"_links":{"self":[{"href":"https:\/\/donaulife-new.ogrisdigital.at\/da\/wp-json\/wp\/v2\/product\/51356"}],"collection":[{"href":"https:\/\/donaulife-new.ogrisdigital.at\/da\/wp-json\/wp\/v2\/product"}],"about":[{"href":"https:\/\/donaulife-new.ogrisdigital.at\/da\/wp-json\/wp\/v2\/types\/product"}],"replies":[{"embeddable":true,"href":"https:\/\/donaulife-new.ogrisdigital.at\/da\/wp-json\/wp\/v2\/comments?post=51356"}],"wp:featuredmedia":[{"embeddable":true,"href":"https:\/\/donaulife-new.ogrisdigital.at\/da\/wp-json\/wp\/v2\/media\/22024"}],"wp:attachment":[{"href":"https:\/\/donaulife-new.ogrisdigital.at\/da\/wp-json\/wp\/v2\/media?parent=51356"}],"wp:term":[{"taxonomy":"product_cat","embeddable":true,"href":"https:\/\/donaulife-new.ogrisdigital.at\/da\/wp-json\/wp\/v2\/product_cat?post=51356"},{"taxonomy":"product_tag","embeddable":true,"href":"https:\/\/donaulife-new.ogrisdigital.at\/da\/wp-json\/wp\/v2\/product_tag?post=51356"}],"curies":[{"name":"wp","href":"https:\/\/api.w.org\/{rel}","templated":true}]}}