{"id":51284,"date":"2019-01-23T01:44:38","date_gmt":"2019-01-23T01:44:38","guid":{"rendered":"https:\/\/donaulife-new.ogrisdigital.at\/produkt\/airvape-x-schwarz\/"},"modified":"2024-07-01T00:31:19","modified_gmt":"2024-07-01T00:31:19","slug":"airvape-x-schwarz","status":"publish","type":"product","link":"https:\/\/donaulife-new.ogrisdigital.at\/da\/airvape-x-schwarz\/","title":{"rendered":"AIRVAPE X | Kr\u00e4uter\/Wax"},"content":{"rendered":"<div class=\"grid12-12\">\n<div class=\"grid12-12\">\n<div class=\"grid12-12\">\n<div class=\"grid12-12\">\n<div class=\"grid12-4\">\n<div class=\"grid12-12\">\n<div class=\"grid12-12\">\n<div class=\"grid12-12\">\n<h3><strong>Details<\/strong><\/h3>\n<ul>\n<li>Batterie: 1300 mAh<\/li>\n<li>Temperaturbereich: 190\u00b0C &#8211; 220\u00b0C<\/li>\n<li>Verdampfungsmaterial:Kr\u00e4uter und Konzentrate<\/li>\n<\/ul>\n<\/div>\n<div class=\"grid12-8\">\n<h3><strong>Beschreibung<\/strong><\/h3>\n<p>Der neue Vaporizer von Airvape ist sozusagen der gro\u00dfe Bruder des Airvape XS. Der neue Airvape X hat eine um 25% gr\u00f6\u00dfere Heizkammer aus Keramik, beh\u00e4lt aber die kompakte und handliche Gr\u00f6\u00dfe des Airvape XS bei. F\u00fcr den Airvape X wurde die Mundst\u00fcckstruktur verbessert und mit einem magnetischen Upgrade versehen. Zudem enth\u00e4t der Airvape X jetzt einen Konzentrateinsatz. Wie schon das Vorg\u00e4ngermodell setzt der Airvape X auf eine Kombination von Konvektion und Konduktion f\u00fcr das bestm\u00f6gliche Heizergebnis. Der X ist ein toller Kr\u00e4utervaporizer mit herausragender Performance und einem hohen Ma\u00df an Diskretion.<\/p>\n<\/div>\n<div class=\"grid12-4\">\n<h3><strong>Lieferumfang<\/strong><\/h3>\n<ul>\n<li>1x AirVape X<\/li>\n<li>1x USB Ladekabel<\/li>\n<li>1x Konzentratkissen<\/li>\n<li>1x B\u00fcrstchen und Reinigungswerkzeuge<\/li>\n<li>2x Siebe<\/li>\n<li>1x Mundst\u00fcckcover<\/li>\n<li>1x Manual<\/li>\n<\/ul>\n<\/div>\n<\/div>\n<\/div>\n<\/div>\n<\/div>\n<\/div>\n<\/div>\n<\/div>\n","protected":false},"excerpt":{"rendered":"<p>Details Batterie: 1300 mAh Temperaturbereich: 190\u00b0C &#8211; 220\u00b0C Verdampfungsmaterial:Kr\u00e4uter und Konzentrate Beschreibung Der neue Vaporizer von Airvape ist sozusagen der<\/p>\n","protected":false},"featured_media":21237,"comment_status":"open","ping_status":"closed","template":"","meta":{"_acf_changed":false},"product_cat":[2625,2623],"product_tag":[],"acf":[],"_links":{"self":[{"href":"https:\/\/donaulife-new.ogrisdigital.at\/da\/wp-json\/wp\/v2\/product\/51284"}],"collection":[{"href":"https:\/\/donaulife-new.ogrisdigital.at\/da\/wp-json\/wp\/v2\/product"}],"about":[{"href":"https:\/\/donaulife-new.ogrisdigital.at\/da\/wp-json\/wp\/v2\/types\/product"}],"replies":[{"embeddable":true,"href":"https:\/\/donaulife-new.ogrisdigital.at\/da\/wp-json\/wp\/v2\/comments?post=51284"}],"wp:featuredmedia":[{"embeddable":true,"href":"https:\/\/donaulife-new.ogrisdigital.at\/da\/wp-json\/wp\/v2\/media\/21237"}],"wp:attachment":[{"href":"https:\/\/donaulife-new.ogrisdigital.at\/da\/wp-json\/wp\/v2\/media?parent=51284"}],"wp:term":[{"taxonomy":"product_cat","embeddable":true,"href":"https:\/\/donaulife-new.ogrisdigital.at\/da\/wp-json\/wp\/v2\/product_cat?post=51284"},{"taxonomy":"product_tag","embeddable":true,"href":"https:\/\/donaulife-new.ogrisdigital.at\/da\/wp-json\/wp\/v2\/product_tag?post=51284"}],"curies":[{"name":"wp","href":"https:\/\/api.w.org\/{rel}","templated":true}]}}