{"id":51221,"date":"2018-12-15T19:00:39","date_gmt":"2018-12-15T19:00:39","guid":{"rendered":"https:\/\/donaulife-new.ogrisdigital.at\/produkt\/arizer-extreme-q-vaporizer\/"},"modified":"2024-07-01T00:30:27","modified_gmt":"2024-07-01T00:30:27","slug":"arizer-extreme-q-vaporizer","status":"publish","type":"product","link":"https:\/\/donaulife-new.ogrisdigital.at\/da\/arizer-extreme-q-vaporizer\/","title":{"rendered":"ARIZER Extreme-Q Vaporizer"},"content":{"rendered":"<div class=\"grid12-4\">\n<h3><strong>Highlights<\/strong><\/h3>\n<ul>\n<li class=\"checkmark\">hochwertiges Ger\u00e4t<\/li>\n<li class=\"checkmark\">geregelte Temperatursteuerung<\/li>\n<li class=\"checkmark\">3 Temperatursensoren<\/li>\n<li class=\"checkmark\">fl\u00fcsterleiser L\u00fcfter<\/li>\n<li class=\"checkmark\">digitales Display<\/li>\n<li class=\"checkmark\">Potpourri-Funktion<\/li>\n<li class=\"checkmark\">niedriger Energieverbrauch<\/li>\n<li class=\"checkmark\">sehr ausf\u00fchrliche deutsche Anleitung<\/li>\n<\/ul>\n<\/div>\n<div class=\"grid12-12\">\n<h3><strong>Beschreibung<\/strong><\/h3>\n<\/div>\n<div class=\"details\">\n<div class=\"grid12-4\">Der Extreme-Q Vaporizer des kanadischen Herstellers Arizer ist Anfang des Jahres 2010 auf dem Markt erschienen. Sein Vorg\u00e4nger der Extreme Vaporizer war bereits ein besonders beliebtes Modell in unserem Online-Shop. Der Extreme-Q 4.0 ist aber zu Recht einer unserer absoluten Bestseller geworden, weil er unz\u00e4hlige Verbesserungen aufweist. Die wohl wichtigste Verbesserung stellt das bemerkenswert leise Gebl\u00e4se- und Maschinenger\u00e4usch des Extreme-Q Vaporizer 4.0 dar. Leider sind viele Vaporizer(auch besonders hochwertige und hochpreisige<\/div>\n<div class=\"grid12-4\">Modelle) w\u00e4hrend des Vaporisierens zu laut. Im Ballon-Modus wird ein L\u00fcfter ben\u00f6tigt, der die Ballons mit Dampf bef\u00fcllt. Dieser L\u00fcfter war beim Vorg\u00e4ngermodell des Extreme-Q Vaporizers recht ger\u00e4uschvoll. Arizer hat dieses st\u00f6rende Problem erkannt und seine neueste Version daraufhin optimiert. Der Extreme-Q (das Q steht f\u00fcr Quiet) ist um 77% leiser. Zudem wurden drei Temperatursensoren eingebaut, die pausenlos die Temperatur im Inneren des Extreme-Q kontrollieren und bei Bedarf nachregeln.<\/div>\n<div class=\"grid12-4\">Dies ist eine der bedeutendsten Eigenschaften eines hochwertigen Vaporizers. Nur wenn die eingestellte Dampftemperatur w\u00e4hrend des gesamten Vaporisationsvorganges absolut gleichbleibend ist, kann das Heilkraut effektiv genutzt und seine Wirkstoffe komplett extrahiert werden. Ist die Temperatur zu hoch verbrennt es, ist die Temperatur zu niedrig, wird nur ein geringer Teil des Wirkstoffes freigesetzt, der Rest verbleibt im Pflanzenmaterial. Der Extreme-Q kann nahezu alle getrockneten und frischen Heilkr\u00e4uter<\/div>\n<div class=\"clearing\"><\/div>\n<div class=\"grid12-4\">sowie deren \u00e4therischen \u00d6le vaporisieren, da der Temperaturbereich von 50\u00b0 bis 260\u00b0 Celsius frei gew\u00e4hlt werden kann. Die genauen Verdampfungspunkte der Heilkr\u00e4uter sowie deren Wirkungen und Einsatzm\u00f6glichkeiten k\u00f6nnen in unserem Vaporizer-Forum oder in B\u00fcchern zum Thema nachgelesen werden. An dieser Stelle sei auch noch der niedrige Energieverbrauch des Extreme-Q Vaporizers erw\u00e4hnt, auch wenn dieser bei einem solch kleinen Ger\u00e4t eine eher untergeordnete Rolle spielen d\u00fcrfte. Arizer versichert, dass der Extreme-Q 4.0 Vaporizer ca. 50% energiesparender als der Extreme Vaporizer 3.0 ist. Es kann sowohl indirekt \u00fcber einen Ballon als auch direkt \u00fcber einen Schlauch<\/div>\n<div class=\"grid12-4\">inhaliert werden. W\u00e4hlt man die erste Variante, so inhaliert man das Kraut direkt am Ger\u00e4t. W\u00e4hlt man die Zweite, kann das der Extreme-Q 4.0 ausgeschaltet und der Dampf nach und nach aus dem mitgelieferten Ballon gezogen werden. Besonderen Komfort bietet Ihnen die Extreme-Q Fernbedienung, \u00fcber die alle Funktionen eingestellt werden k\u00f6nnen. Der mitgelieferte Potpourrihalter wandelt Ihren Vaporizer zu einer ganz besonders effektiven Duftlampe um. Der neue Extreme-Q besitzt ein besonders leistungsstarkes und langlebiges Keramikheizelement, auf das 15 Jahre H\u00e4ndlergarantie gegeben werden,<\/div>\n<div class=\"grid12-4\">welche Sie im Garantiefall selbstverst\u00e4ndlich direkt \u00fcber uns geltend machen k\u00f6nnen. Das doppelwandige Edelstahlgeh\u00e4use des Extreme-Q 4.0 Vaporizers sch\u00fctzt den Anwender vor versehentlichem Kontakt mit den w\u00e4rmeleitenden Bauteilen. Wir finden vor allem jedoch die Abschaltautomatik zur Sicherheitssteigerung besonders sinnvoll, da sich je nach Einstellung des Anwenders der Extreme-Q Vaporizer nach einer bestimmten Zeit automatisch ausstellt und so eine \u00dcberhitzung vermieden wird.<\/div>\n<\/div>\n<div class=\"grid12-4\">\n<h3><strong>Lieferumfang<\/strong><\/h3>\n<ul>\n<li>1x Vaporizer &#8211; stehts neue Edition<\/li>\n<li>1x Fernbedienung (neueste Version)<\/li>\n<li>2x Ballons inkl. Glasadapter<\/li>\n<li>1x Winkelanschluss f\u00fcr Ballon inkl. Sieb<\/li>\n<li>1x Schlauch inkl. Glaswinkel, Spezialsieb und Mundst\u00fcck<\/li>\n<li>2x Mundst\u00fccke aus Glas<\/li>\n<li>1x Potpourri Kr\u00e4uterhalter<\/li>\n<li>2x Cyclone Bowles (Kr\u00e4uterkammer) inkl. Sieb<\/li>\n<li>1x Siebe (f\u00fcr F\u00fcllkammer)<\/li>\n<li>1x Glass-Stab (zur Reinigung)<\/li>\n<li>2x extra Siebe<\/li>\n<li>1x Netzteil und EU Netzkabel<\/li>\n<li>1x Anleitung in Deutsch und Englisch<\/li>\n<\/ul>\n<\/div>\n","protected":false},"excerpt":{"rendered":"<p>Highlights hochwertiges Ger\u00e4t geregelte Temperatursteuerung 3 Temperatursensoren fl\u00fcsterleiser L\u00fcfter digitales Display Potpourri-Funktion niedriger Energieverbrauch sehr ausf\u00fchrliche deutsche Anleitung Beschreibung Der<\/p>\n","protected":false},"featured_media":20679,"comment_status":"open","ping_status":"closed","template":"","meta":{"_acf_changed":false},"product_cat":[2624,2623],"product_tag":[],"acf":[],"_links":{"self":[{"href":"https:\/\/donaulife-new.ogrisdigital.at\/da\/wp-json\/wp\/v2\/product\/51221"}],"collection":[{"href":"https:\/\/donaulife-new.ogrisdigital.at\/da\/wp-json\/wp\/v2\/product"}],"about":[{"href":"https:\/\/donaulife-new.ogrisdigital.at\/da\/wp-json\/wp\/v2\/types\/product"}],"replies":[{"embeddable":true,"href":"https:\/\/donaulife-new.ogrisdigital.at\/da\/wp-json\/wp\/v2\/comments?post=51221"}],"wp:featuredmedia":[{"embeddable":true,"href":"https:\/\/donaulife-new.ogrisdigital.at\/da\/wp-json\/wp\/v2\/media\/20679"}],"wp:attachment":[{"href":"https:\/\/donaulife-new.ogrisdigital.at\/da\/wp-json\/wp\/v2\/media?parent=51221"}],"wp:term":[{"taxonomy":"product_cat","embeddable":true,"href":"https:\/\/donaulife-new.ogrisdigital.at\/da\/wp-json\/wp\/v2\/product_cat?post=51221"},{"taxonomy":"product_tag","embeddable":true,"href":"https:\/\/donaulife-new.ogrisdigital.at\/da\/wp-json\/wp\/v2\/product_tag?post=51221"}],"curies":[{"name":"wp","href":"https:\/\/api.w.org\/{rel}","templated":true}]}}