{"id":51140,"date":"2018-09-24T14:31:54","date_gmt":"2018-09-24T14:31:54","guid":{"rendered":"https:\/\/donaulife-new.ogrisdigital.at\/produkt\/fenster-aluminiumgrinder-gold-4-teilig\/"},"modified":"2024-07-01T00:29:38","modified_gmt":"2024-07-01T00:29:38","slug":"fenster-aluminiumgrinder-gold-4-teilig","status":"publish","type":"product","link":"https:\/\/donaulife-new.ogrisdigital.at\/da\/fenster-aluminiumgrinder-gold-4-teilig\/","title":{"rendered":"Fenster Aluminiumgrinder Gold | 4-teilig"},"content":{"rendered":"<h2>Windm\u00fchle Grinder mit Sichtfenster<\/h2>\n<p>Die schwarze Kr\u00e4uterm\u00fchle &#8216;Mill&#8217; aus Aluminium mit Sichtfenster hat ein goldenfarbenes Mahlwerk im Design von Windm\u00fchlenfl\u00fcgeln mit Rotorklingen zum Zerkleinern. Die Kanten in der Bodenkammer sind abgerundet, so dass das fein gemahlene Material mit dem Schaber, der an ein Plektron erinnert, fast r\u00fcckstandsfrei entleert werden kann. Der Grinder hat einen magnetisch schlie\u00dfenden Deckel, Nylon-Gleitring und ein integriertes Sieb.<\/p>\n","protected":false},"excerpt":{"rendered":"<p>Windm\u00fchle Grinder mit Sichtfenster Die schwarze Kr\u00e4uterm\u00fchle &#8216;Mill&#8217; aus Aluminium mit Sichtfenster hat ein goldenfarbenes Mahlwerk im Design von Windm\u00fchlenfl\u00fcgeln<\/p>\n","protected":false},"featured_media":20012,"comment_status":"open","ping_status":"open","template":"","meta":{"_acf_changed":false},"product_cat":[2482,2480,2451,2483],"product_tag":[],"acf":[],"_links":{"self":[{"href":"https:\/\/donaulife-new.ogrisdigital.at\/da\/wp-json\/wp\/v2\/product\/51140"}],"collection":[{"href":"https:\/\/donaulife-new.ogrisdigital.at\/da\/wp-json\/wp\/v2\/product"}],"about":[{"href":"https:\/\/donaulife-new.ogrisdigital.at\/da\/wp-json\/wp\/v2\/types\/product"}],"replies":[{"embeddable":true,"href":"https:\/\/donaulife-new.ogrisdigital.at\/da\/wp-json\/wp\/v2\/comments?post=51140"}],"wp:featuredmedia":[{"embeddable":true,"href":"https:\/\/donaulife-new.ogrisdigital.at\/da\/wp-json\/wp\/v2\/media\/20012"}],"wp:attachment":[{"href":"https:\/\/donaulife-new.ogrisdigital.at\/da\/wp-json\/wp\/v2\/media?parent=51140"}],"wp:term":[{"taxonomy":"product_cat","embeddable":true,"href":"https:\/\/donaulife-new.ogrisdigital.at\/da\/wp-json\/wp\/v2\/product_cat?post=51140"},{"taxonomy":"product_tag","embeddable":true,"href":"https:\/\/donaulife-new.ogrisdigital.at\/da\/wp-json\/wp\/v2\/product_tag?post=51140"}],"curies":[{"name":"wp","href":"https:\/\/api.w.org\/{rel}","templated":true}]}}