{"id":51017,"date":"2018-06-18T17:38:22","date_gmt":"2018-06-18T17:38:22","guid":{"rendered":"https:\/\/donaulife-new.ogrisdigital.at\/produkt\/bongbuerste-mit-weicher-spitze-25-cm\/"},"modified":"2025-01-15T07:14:52","modified_gmt":"2025-01-15T07:14:52","slug":"bongbuerste-mit-weicher-spitze-25-cm","status":"publish","type":"product","link":"https:\/\/donaulife-new.ogrisdigital.at\/da\/bongbuerste-mit-weicher-spitze-25-cm\/","title":{"rendered":"Bongb\u00fcrste mit weicher Spitze | 25 cm"},"content":{"rendered":"<p>Nie wieder verdreckte Pfeifen, mit dieser Bongb\u00fcrste bekommst du selbst die abartigsten Bongs wieder sauber. In kombination mit starkem Reinigungsalkohol verwandelst du mit dieser B\u00fcrste deine alte verdreckte Bong wieder in das gl\u00e4nzende Schmuckst\u00fcck das sie einst war!<\/p>\n<p>Der Durchmesser der Borsten betr\u00e4gt 25 mm.<\/p>\n","protected":false},"excerpt":{"rendered":"<p>Nie wieder verdreckte Pfeifen, mit dieser Bongb\u00fcrste bekommst du selbst die abartigsten Bongs wieder sauber. In kombination mit starkem Reinigungsalkohol<\/p>\n","protected":false},"featured_media":19032,"comment_status":"open","ping_status":"closed","template":"","meta":{"_acf_changed":false},"product_cat":[2459,2719,2718,2460],"product_tag":[],"acf":[],"_links":{"self":[{"href":"https:\/\/donaulife-new.ogrisdigital.at\/da\/wp-json\/wp\/v2\/product\/51017"}],"collection":[{"href":"https:\/\/donaulife-new.ogrisdigital.at\/da\/wp-json\/wp\/v2\/product"}],"about":[{"href":"https:\/\/donaulife-new.ogrisdigital.at\/da\/wp-json\/wp\/v2\/types\/product"}],"replies":[{"embeddable":true,"href":"https:\/\/donaulife-new.ogrisdigital.at\/da\/wp-json\/wp\/v2\/comments?post=51017"}],"wp:featuredmedia":[{"embeddable":true,"href":"https:\/\/donaulife-new.ogrisdigital.at\/da\/wp-json\/wp\/v2\/media\/19032"}],"wp:attachment":[{"href":"https:\/\/donaulife-new.ogrisdigital.at\/da\/wp-json\/wp\/v2\/media?parent=51017"}],"wp:term":[{"taxonomy":"product_cat","embeddable":true,"href":"https:\/\/donaulife-new.ogrisdigital.at\/da\/wp-json\/wp\/v2\/product_cat?post=51017"},{"taxonomy":"product_tag","embeddable":true,"href":"https:\/\/donaulife-new.ogrisdigital.at\/da\/wp-json\/wp\/v2\/product_tag?post=51017"}],"curies":[{"name":"wp","href":"https:\/\/api.w.org\/{rel}","templated":true}]}}