{"id":50921,"date":"2018-06-02T23:41:53","date_gmt":"2018-06-02T23:41:53","guid":{"rendered":"https:\/\/donaulife-new.ogrisdigital.at\/produkt\/boost-bong-orange-dot-5-mm-41-cm\/"},"modified":"2025-01-15T07:14:58","modified_gmt":"2025-01-15T07:14:58","slug":"boost-bong-orange-dot-5-mm-41-cm","status":"publish","type":"product","link":"https:\/\/donaulife-new.ogrisdigital.at\/da\/boost-bong-orange-dot-5-mm-41-cm\/","title":{"rendered":"BOOST Bong &#8216;Orange Dot&#8217; | 41 cm"},"content":{"rendered":"<h2>Boost Bong mit Rundbauch<\/h2>\n<p>Die Orange Dot Bong von Boost besticht mit orangen Akzenten und vor allem mit Einfachheit! Solze 41 cm bringt die Boost mit und weist neben einen Kick Loch auch Eiszacken auf. Ein wei\u00dfer Boost Schriftzug ist auf dem Hauptrohr sowie dem Chillum zu finden. Das orange Glash\u00fctchen sticht heraus besitzt einen 18,8 mm Schliff und kann somit auch mit allen Vork\u00fchlern dieses Schliffs erweitert werden.<\/p>\n<p>Der Rauch wird bei dieser Bong\u00a0durch das Chillum zus\u00e4tzlich verwirbelt und durch den langen 41 cm langen Hals gek\u00fchlt. Zus\u00e4tzlich kann diese bis obenhin mit Eis gef\u00fcllt werden um die Hits unglaublich k\u00fchl zu halten.<\/p>\n<h3>\u00dcber Boost:<\/h3>\n<p>Die Bongschmiede von Boost zeigt das gute Qualit\u00e4t nicht immer extrem teuer sein muss. Von einfachen geraden Bongs bis hin zu Percolator Bongs und au\u00dfergew\u00f6hlichen Formen bietet Boost f\u00fcr jeden Geschmack die richtige Glasvase. Auch beim Zubeh\u00f6r bietet der Hersteller hochwertige Bong K\u00f6pfe, Vork\u00fchler sowie Diffusor Chillums die mit vielen Modellen kompatibel sind. Wer noch stabilere Glaswaren sucht sollte auf den Zusatz Boost PRO achten. Diese sind dicker und meist mit weiteren Gimmicks wie zum Beispiel einem Eisfach ausgestattet.<\/p>\n","protected":false},"excerpt":{"rendered":"<p>Boost Bong mit Rundbauch Die Orange Dot Bong von Boost besticht mit orangen Akzenten und vor allem mit Einfachheit! Solze<\/p>\n","protected":false},"featured_media":18334,"comment_status":"open","ping_status":"open","template":"","meta":{"_acf_changed":false},"product_cat":[2514,2459,2706,2507,2515,2635,2506,2463],"product_tag":[2707],"acf":[],"_links":{"self":[{"href":"https:\/\/donaulife-new.ogrisdigital.at\/da\/wp-json\/wp\/v2\/product\/50921"}],"collection":[{"href":"https:\/\/donaulife-new.ogrisdigital.at\/da\/wp-json\/wp\/v2\/product"}],"about":[{"href":"https:\/\/donaulife-new.ogrisdigital.at\/da\/wp-json\/wp\/v2\/types\/product"}],"replies":[{"embeddable":true,"href":"https:\/\/donaulife-new.ogrisdigital.at\/da\/wp-json\/wp\/v2\/comments?post=50921"}],"wp:featuredmedia":[{"embeddable":true,"href":"https:\/\/donaulife-new.ogrisdigital.at\/da\/wp-json\/wp\/v2\/media\/18334"}],"wp:attachment":[{"href":"https:\/\/donaulife-new.ogrisdigital.at\/da\/wp-json\/wp\/v2\/media?parent=50921"}],"wp:term":[{"taxonomy":"product_cat","embeddable":true,"href":"https:\/\/donaulife-new.ogrisdigital.at\/da\/wp-json\/wp\/v2\/product_cat?post=50921"},{"taxonomy":"product_tag","embeddable":true,"href":"https:\/\/donaulife-new.ogrisdigital.at\/da\/wp-json\/wp\/v2\/product_tag?post=50921"}],"curies":[{"name":"wp","href":"https:\/\/api.w.org\/{rel}","templated":true}]}}