{"id":50908,"date":"2018-05-15T22:55:29","date_gmt":"2018-05-15T22:55:29","guid":{"rendered":"https:\/\/donaulife-new.ogrisdigital.at\/produkt\/shine-24k-gold-cone\/"},"modified":"2025-01-15T07:14:58","modified_gmt":"2025-01-15T07:14:58","slug":"shine-24k-gold-cone","status":"publish","type":"product","link":"https:\/\/donaulife-new.ogrisdigital.at\/da\/shine-24k-gold-cone\/","title":{"rendered":"SHINE 24K Gold Cone Kingsize | 1 St\u00fcck"},"content":{"rendered":"<h2>Shine Kingsize Cone mit 24 Karat Blattgold<\/h2>\n<p>Shine 24K Gold Cone bestehen aus einem hauchd\u00fcnnem 24 Karat Echtgold Papier das handgemacht und von besonders hoher Qualit\u00e4t ist. Das Zertifikat der Echtheit wird im P\u00e4ckchen mitgeliefert.<br \/>\nUm besondere Momente zu feiern sind die Shine Gold Cone genau das richtige! Ob f\u00fcr einen selbst oder unter Freunden ein echter Hingucker und auf jeder Party der beste Schmuck zwischen den Fingern.<\/p>\n<p>Die Paper brennen besonders langsam und hinterlassen einen Hauch Goldstaub. Shine 24K gibt es auch als Rolling Paper.<\/p>\n<h2>\u00dcber Shine Papers:<\/h2>\n<p>Zigarren, Weed, 24-kar\u00e4tige Goldjoints&#8230;<\/p>\n<p>Es ist 4 Uhr morgens in Vegas&#8230; wir sind gerade aufgestanden und auf dem Weg zu unserem Zimmer. In der selben Nacht hatten wir eine Black Tie Zigarre geraucht und wir wollen wirklich alles mit Gold \u00fcberziehen. Wir z\u00fcnden sie an und fingen an, Ideen zu spinnen. Das Traurige an einer goldenen Zigarre ist, dass die meisten Leute sie sich nicht leisten k\u00f6nnen. Und es ist ein Riesenspa\u00df, auf einer Party Gold zu paffen.<\/p>\n<p>Shine Papers verdrehen nicht nur jedem im Raum den Kopf, die Papers brennen auch extrem langsam ab und hinterlassen ein &#8220;Geschenk&#8221; im Aschenbecher. Ja, das Gold bleibt auf der Asche, die als &#8220;die Edelsteine&#8221; bezeichnet wird, aber leider kann man die Asche nicht verpf\u00e4nden (die Frage wird immer wieder gestellt). \ud83d\ude09<\/p>\n","protected":false},"excerpt":{"rendered":"<p>Shine Kingsize Cone mit 24 Karat Blattgold Shine 24K Gold Cone bestehen aus einem hauchd\u00fcnnem 24 Karat Echtgold Papier das<\/p>\n","protected":false},"featured_media":18250,"comment_status":"open","ping_status":"open","template":"","meta":{"_acf_changed":false},"product_cat":[2566,2451,2452,2724],"product_tag":[],"acf":[],"_links":{"self":[{"href":"https:\/\/donaulife-new.ogrisdigital.at\/da\/wp-json\/wp\/v2\/product\/50908"}],"collection":[{"href":"https:\/\/donaulife-new.ogrisdigital.at\/da\/wp-json\/wp\/v2\/product"}],"about":[{"href":"https:\/\/donaulife-new.ogrisdigital.at\/da\/wp-json\/wp\/v2\/types\/product"}],"replies":[{"embeddable":true,"href":"https:\/\/donaulife-new.ogrisdigital.at\/da\/wp-json\/wp\/v2\/comments?post=50908"}],"wp:featuredmedia":[{"embeddable":true,"href":"https:\/\/donaulife-new.ogrisdigital.at\/da\/wp-json\/wp\/v2\/media\/18250"}],"wp:attachment":[{"href":"https:\/\/donaulife-new.ogrisdigital.at\/da\/wp-json\/wp\/v2\/media?parent=50908"}],"wp:term":[{"taxonomy":"product_cat","embeddable":true,"href":"https:\/\/donaulife-new.ogrisdigital.at\/da\/wp-json\/wp\/v2\/product_cat?post=50908"},{"taxonomy":"product_tag","embeddable":true,"href":"https:\/\/donaulife-new.ogrisdigital.at\/da\/wp-json\/wp\/v2\/product_tag?post=50908"}],"curies":[{"name":"wp","href":"https:\/\/api.w.org\/{rel}","templated":true}]}}