{"id":50879,"date":"2018-05-02T16:30:02","date_gmt":"2018-05-02T16:30:02","guid":{"rendered":"https:\/\/donaulife-new.ogrisdigital.at\/produkt\/blaze-glass-steckbongaufsatz-tiny-ice\/"},"modified":"2025-01-15T07:15:01","modified_gmt":"2025-01-15T07:15:01","slug":"blaze-glass-steckbongaufsatz-tiny-ice","status":"publish","type":"product","link":"https:\/\/donaulife-new.ogrisdigital.at\/da\/blaze-glass-steckbongaufsatz-tiny-ice\/","title":{"rendered":"BLAZE GLASS Bongbasis mit Rundfu\u00df &#8216;8Perc&#8217;"},"content":{"rendered":"<h2>Blaze Glass Steckbongbasis mit 8- Arm Perc<\/h2>\n<p>Bau dir deine Traumbong! Hier ein weiterer Teil der Blaze Steckbong Serie.<\/p>\n<p>Blaze Bong Unterteil mit standfestem Rundfu\u00df. Der eingebaute 8- Arm Percolator ist der Stabilit\u00e4t wegen am unteren Ende verschmolzen und sorgt f\u00fcr jede Menge Rauchverwirbelungen. Das Steigrohr ist zus\u00e4tlich verst\u00e4rkt und passt f\u00fcr 18,8 mm Schliffe.<br \/>\nHandgefertigt aus hochwertigem Borosilikatglas mit 5mm Wandst\u00e4rke, passt diese Bongbasis mit allen Zwischenst\u00fccken und Mundst\u00fccken mit NS 45.<\/p>\n<div><span style=\"font-size: 20.16px;\">\u00dcber Blaze Glass:<\/span><\/div>\n<div>\n<div>\n<p>Blaze-Glass-Bongs sind aus spannungsfreiem 3.1-Borosilikatglas (vergleichbar mit Duranglas) h\u00f6chster G\u00fcteklasse gefertigt. Mindestens 5 mm Wandst\u00e4rke machen eine Wasserpfeife robust.<br \/>\nWir verwenden extrem passgenaue Normschliffe in 14,5 bzw. 18,8 mm. Je nach Bong-Geometrie kommen normale Schliffe, verst\u00e4rkte Schliffe und bi-stabile Schliffe (doppelte Wand) in unseren Produkten zum Einsatz.<\/p>\n<\/div>\n<\/div>\n","protected":false},"excerpt":{"rendered":"<p>Blaze Glass Steckbongbasis mit 8- Arm Perc Bau dir deine Traumbong! Hier ein weiterer Teil der Blaze Steckbong Serie. Blaze<\/p>\n","protected":false},"featured_media":18082,"comment_status":"open","ping_status":"open","template":"","meta":{"_acf_changed":false},"product_cat":[2514,2545,2459,2506,2463,2520,2817],"product_tag":[2547],"acf":[],"_links":{"self":[{"href":"https:\/\/donaulife-new.ogrisdigital.at\/da\/wp-json\/wp\/v2\/product\/50879"}],"collection":[{"href":"https:\/\/donaulife-new.ogrisdigital.at\/da\/wp-json\/wp\/v2\/product"}],"about":[{"href":"https:\/\/donaulife-new.ogrisdigital.at\/da\/wp-json\/wp\/v2\/types\/product"}],"replies":[{"embeddable":true,"href":"https:\/\/donaulife-new.ogrisdigital.at\/da\/wp-json\/wp\/v2\/comments?post=50879"}],"wp:featuredmedia":[{"embeddable":true,"href":"https:\/\/donaulife-new.ogrisdigital.at\/da\/wp-json\/wp\/v2\/media\/18082"}],"wp:attachment":[{"href":"https:\/\/donaulife-new.ogrisdigital.at\/da\/wp-json\/wp\/v2\/media?parent=50879"}],"wp:term":[{"taxonomy":"product_cat","embeddable":true,"href":"https:\/\/donaulife-new.ogrisdigital.at\/da\/wp-json\/wp\/v2\/product_cat?post=50879"},{"taxonomy":"product_tag","embeddable":true,"href":"https:\/\/donaulife-new.ogrisdigital.at\/da\/wp-json\/wp\/v2\/product_tag?post=50879"}],"curies":[{"name":"wp","href":"https:\/\/api.w.org\/{rel}","templated":true}]}}