{"id":50874,"date":"2018-04-28T10:00:29","date_gmt":"2018-04-28T10:00:29","guid":{"rendered":"https:\/\/donaulife-new.ogrisdigital.at\/produkt\/blaze-glass-steckbongaufsatz-jet-flash\/"},"modified":"2025-01-15T07:15:08","modified_gmt":"2025-01-15T07:15:08","slug":"blaze-glass-steckbongaufsatz-jet-flash","status":"publish","type":"product","link":"https:\/\/donaulife-new.ogrisdigital.at\/da\/blaze-glass-steckbongaufsatz-jet-flash\/","title":{"rendered":"BLAZE GLASS Steckbongaufsatz &#8216;JET Flash&#8217;"},"content":{"rendered":"<h2>Blaze Glass Steckbongmundst\u00fcck mit Jet Flash Technologie<\/h2>\n<p>Bau dir deine Traumbong! Hier ein weiterer Teil der Blaze Steckbong Serie.<\/p>\n<p>Dieses Aufsatzrohr hat eine patentierte, venturif\u00f6rmige Kammer mit unz\u00e4hligen, kleinen L\u00f6chern. Die dadurch entstehenden Luftverwirbelungen f\u00fchren zu einem Bel\u00fcftungsprozess mit folgenden drei Vorteilen:<br \/>\nDie Verbrennung wird verlangsamt, der inhalierte Rauch schmeckt angenehm mild und es entstehen faszinierende Verwirbelungen, die an einen Tornado erinnern. Das Aufsatzrohr passt auf alle Mittel- und Unterteile mit NS 45.<\/p>\n<div><span style=\"font-size: 20.16px;\">\u00dcber Blaze Glass:<\/span><\/div>\n<div>\n<div>\n<p>Blaze-Glass-Bongs sind aus spannungsfreiem 3.1-Borosilikatglas (vergleichbar mit Duranglas) h\u00f6chster G\u00fcteklasse gefertigt. Mindestens 5 mm Wandst\u00e4rke machen eine Wasserpfeife robust.<br \/>\nWir verwenden extrem passgenaue Normschliffe in 14,5 bzw. 18,8 mm. Je nach Bong-Geometrie kommen normale Schliffe, verst\u00e4rkte Schliffe und bi-stabile Schliffe (doppelte Wand) in unseren Produkten zum Einsatz.<\/p>\n<\/div>\n<\/div>\n","protected":false},"excerpt":{"rendered":"<p>Blaze Glass Steckbongmundst\u00fcck mit Jet Flash Technologie Bau dir deine Traumbong! Hier ein weiterer Teil der Blaze Steckbong Serie. Dieses<\/p>\n","protected":false},"featured_media":18055,"comment_status":"open","ping_status":"open","template":"","meta":{"_acf_changed":false},"product_cat":[2514,2545,2459,2506,2463,2817],"product_tag":[2547],"acf":[],"_links":{"self":[{"href":"https:\/\/donaulife-new.ogrisdigital.at\/da\/wp-json\/wp\/v2\/product\/50874"}],"collection":[{"href":"https:\/\/donaulife-new.ogrisdigital.at\/da\/wp-json\/wp\/v2\/product"}],"about":[{"href":"https:\/\/donaulife-new.ogrisdigital.at\/da\/wp-json\/wp\/v2\/types\/product"}],"replies":[{"embeddable":true,"href":"https:\/\/donaulife-new.ogrisdigital.at\/da\/wp-json\/wp\/v2\/comments?post=50874"}],"wp:featuredmedia":[{"embeddable":true,"href":"https:\/\/donaulife-new.ogrisdigital.at\/da\/wp-json\/wp\/v2\/media\/18055"}],"wp:attachment":[{"href":"https:\/\/donaulife-new.ogrisdigital.at\/da\/wp-json\/wp\/v2\/media?parent=50874"}],"wp:term":[{"taxonomy":"product_cat","embeddable":true,"href":"https:\/\/donaulife-new.ogrisdigital.at\/da\/wp-json\/wp\/v2\/product_cat?post=50874"},{"taxonomy":"product_tag","embeddable":true,"href":"https:\/\/donaulife-new.ogrisdigital.at\/da\/wp-json\/wp\/v2\/product_tag?post=50874"}],"curies":[{"name":"wp","href":"https:\/\/api.w.org\/{rel}","templated":true}]}}