{"id":50830,"date":"2018-02-23T13:51:10","date_gmt":"2018-02-23T13:51:10","guid":{"rendered":"https:\/\/donaulife-new.ogrisdigital.at\/produkt\/versteckdose-gross-versch-sorten\/"},"modified":"2024-07-01T00:26:03","modified_gmt":"2024-07-01T00:26:03","slug":"versteckdose-gross-versch-sorten","status":"publish","type":"product","link":"https:\/\/donaulife-new.ogrisdigital.at\/da\/versteckdose-gross-versch-sorten\/","title":{"rendered":"PLASTIC FANTASTIC Versteckdose gro\u00df versch. Sorten"},"content":{"rendered":"<h2>Plastic Fantastic Versteckdose Konserve<\/h2>\n<p>Auf den ersten Blick erwartet man leckere Ravioli in pikanter So\u00dfe, doch nach n\u00e4herer Inspektion wirst du entdecken, dass es sich hierbei um ein Geheimversteck handelt. Die Ravioli sind eine superdiskrete L\u00f6sung um Geld, Schmuck, USB-Sticks, Schl\u00fcssel und andere Dinge nicht nicht gefunden werden sollen. Eine Dose kann in etwa mit 750ml Inhalt gef\u00fcllt werden. Die Dosen sind tats\u00e4chlich recycelte Maggi Dosen die nun einem neuen Zweck zugef\u00fchrt werden \ud83d\ude09<\/p>\n<p><em>Achtung: Da die Dose an sich sehr leicht ist m\u00fcssen eventuell noch erschwerende Dinge eingelegt werden um das Gewicht der Dose realistisch zu halten.<\/em><\/p>\n<h3>\u00dcber Plastic Fantastic:<\/h3>\n<p>Plastic Fantastic macht die besten Dosensafes der Welt und bietet eine Variation an verschiedenen Dosen sodass f\u00fcr jeden was dabei ist. Egal ob Getr\u00e4nkedose, Universal\u00f6l oder Dosenravioli. Die Konservenverstecke bieten immer einen sicheren Space f\u00fcr deine wertvollen Gegenst\u00e4nde.<\/p>\n","protected":false},"excerpt":{"rendered":"<p>Plastic Fantastic Versteckdose Konserve Auf den ersten Blick erwartet man leckere Ravioli in pikanter So\u00dfe, doch nach n\u00e4herer Inspektion wirst<\/p>\n","protected":false},"featured_media":17647,"comment_status":"open","ping_status":"open","template":"","meta":{"_acf_changed":false},"product_cat":[2607,2451,2768],"product_tag":[2792],"acf":[],"_links":{"self":[{"href":"https:\/\/donaulife-new.ogrisdigital.at\/da\/wp-json\/wp\/v2\/product\/50830"}],"collection":[{"href":"https:\/\/donaulife-new.ogrisdigital.at\/da\/wp-json\/wp\/v2\/product"}],"about":[{"href":"https:\/\/donaulife-new.ogrisdigital.at\/da\/wp-json\/wp\/v2\/types\/product"}],"replies":[{"embeddable":true,"href":"https:\/\/donaulife-new.ogrisdigital.at\/da\/wp-json\/wp\/v2\/comments?post=50830"}],"wp:featuredmedia":[{"embeddable":true,"href":"https:\/\/donaulife-new.ogrisdigital.at\/da\/wp-json\/wp\/v2\/media\/17647"}],"wp:attachment":[{"href":"https:\/\/donaulife-new.ogrisdigital.at\/da\/wp-json\/wp\/v2\/media?parent=50830"}],"wp:term":[{"taxonomy":"product_cat","embeddable":true,"href":"https:\/\/donaulife-new.ogrisdigital.at\/da\/wp-json\/wp\/v2\/product_cat?post=50830"},{"taxonomy":"product_tag","embeddable":true,"href":"https:\/\/donaulife-new.ogrisdigital.at\/da\/wp-json\/wp\/v2\/product_tag?post=50830"}],"curies":[{"name":"wp","href":"https:\/\/api.w.org\/{rel}","templated":true}]}}