{"id":50779,"date":"2018-02-16T18:36:11","date_gmt":"2018-02-16T18:36:11","guid":{"rendered":"https:\/\/donaulife-new.ogrisdigital.at\/produkt\/black-leaf-oildabber-15-cm\/"},"modified":"2024-07-01T00:25:13","modified_gmt":"2024-07-01T00:25:13","slug":"black-leaf-oildabber-15-cm","status":"publish","type":"product","link":"https:\/\/donaulife-new.ogrisdigital.at\/da\/black-leaf-oildabber-15-cm\/","title":{"rendered":"BLACK LEAF &#8216;Oil&#8217; Glasdabber | 15 cm"},"content":{"rendered":"<h2>Black Leaf Glasdabber mit 15 cm L\u00e4nge<\/h2>\n<p>Mit dem \u00e4u\u00dferst praktischen Dabber von &#8216;Black Leaf&#8217; lassen sich selbst die klebrigsten Dab-Extrakte wie \u00d6le und Shatter einfach und ohne Gefahr auf Titan oder Quarzn\u00e4gel aufbringen. Am Ende des Dabbers befindet sich eine Kugel die verhindert, dass einem der Dabber aus der Hand rutscht<\/p>\n<p>Hergestellt aus hitzebest\u00e4ndigstem Borosilikatglas.<\/p>\n<h3><span style=\"font-size: 20.16px;\">\u00dcber Black Leaf:<\/span><\/h3>\n<div>\n<p>In Weed We Trust ? Smoking\u00a0<em>Paraphernalia<\/em> seit 1988: Bongs, Pfeifen, Vaporizer, Grinder, Dabbing Zubeh\u00f6r, Paper &amp; Filter, Lifestyle Produkte. Es gibt viele Innovative Produkte der Marke die auch die ein oder andere Weltneuheit erschaffen haben. Im Shop bieten wir von allen Produkten die beste Auswahl.<\/p>\n<\/div>\n","protected":false},"excerpt":{"rendered":"<p>Black Leaf Glasdabber mit 15 cm L\u00e4nge Mit dem \u00e4u\u00dferst praktischen Dabber von &#8216;Black Leaf&#8217; lassen sich selbst die klebrigsten<\/p>\n","protected":false},"featured_media":17216,"comment_status":"open","ping_status":"open","template":"","meta":{"_acf_changed":false},"product_cat":[2579,2549],"product_tag":[2521],"acf":[],"_links":{"self":[{"href":"https:\/\/donaulife-new.ogrisdigital.at\/da\/wp-json\/wp\/v2\/product\/50779"}],"collection":[{"href":"https:\/\/donaulife-new.ogrisdigital.at\/da\/wp-json\/wp\/v2\/product"}],"about":[{"href":"https:\/\/donaulife-new.ogrisdigital.at\/da\/wp-json\/wp\/v2\/types\/product"}],"replies":[{"embeddable":true,"href":"https:\/\/donaulife-new.ogrisdigital.at\/da\/wp-json\/wp\/v2\/comments?post=50779"}],"wp:featuredmedia":[{"embeddable":true,"href":"https:\/\/donaulife-new.ogrisdigital.at\/da\/wp-json\/wp\/v2\/media\/17216"}],"wp:attachment":[{"href":"https:\/\/donaulife-new.ogrisdigital.at\/da\/wp-json\/wp\/v2\/media?parent=50779"}],"wp:term":[{"taxonomy":"product_cat","embeddable":true,"href":"https:\/\/donaulife-new.ogrisdigital.at\/da\/wp-json\/wp\/v2\/product_cat?post=50779"},{"taxonomy":"product_tag","embeddable":true,"href":"https:\/\/donaulife-new.ogrisdigital.at\/da\/wp-json\/wp\/v2\/product_tag?post=50779"}],"curies":[{"name":"wp","href":"https:\/\/api.w.org\/{rel}","templated":true}]}}