{"id":50778,"date":"2018-02-16T18:19:12","date_gmt":"2018-02-16T18:19:12","guid":{"rendered":"https:\/\/donaulife-new.ogrisdigital.at\/produkt\/tightpac-minivac-vakuum-container\/"},"modified":"2024-07-01T00:25:12","modified_gmt":"2024-07-01T00:25:12","slug":"tightpac-minivac-vakuum-container","status":"publish","type":"product","link":"https:\/\/donaulife-new.ogrisdigital.at\/da\/tightpac-minivac-vakuum-container\/","title":{"rendered":"Tightpac &#8216;Vitavac&#8217; Vakuum Container | 0,12 L | 10g"},"content":{"rendered":"<h1>TightVac Vakuum Beh\u00e4lter<\/h1>\n<p>Der &#8216;Tightpac&#8217;\u00a0 Vakuum-Beh\u00e4lter eignet sich perfekt zur Aufbewahrung oder frischhalten von geruchsintensiven Kr\u00e4utern. Bei dem Verschluss handelt es sich um einen patentieren Vakuumverschluss, welcher luftdicht und wasserdicht ist. Er h\u00e4lt wenn man das so will ebenfalls kleinere Lebensmittel frisch und ist durch die dicken W\u00e4nde extrem stabil und belastbar. Erh\u00e4ltlich von 0,06 Liter bis 2,3 Liter F\u00fcllvolumen.<\/p>\n<p>&nbsp;<\/p>\n","protected":false},"excerpt":{"rendered":"<p>TightVac Vakuum Beh\u00e4lter Der &#8216;Tightpac&#8217;\u00a0 Vakuum-Beh\u00e4lter eignet sich perfekt zur Aufbewahrung oder frischhalten von geruchsintensiven Kr\u00e4utern. Bei dem Verschluss handelt<\/p>\n","protected":false},"featured_media":17203,"comment_status":"open","ping_status":"open","template":"","meta":{"_acf_changed":false},"product_cat":[2607,2489,2451,2765,2766],"product_tag":[],"acf":[],"_links":{"self":[{"href":"https:\/\/donaulife-new.ogrisdigital.at\/da\/wp-json\/wp\/v2\/product\/50778"}],"collection":[{"href":"https:\/\/donaulife-new.ogrisdigital.at\/da\/wp-json\/wp\/v2\/product"}],"about":[{"href":"https:\/\/donaulife-new.ogrisdigital.at\/da\/wp-json\/wp\/v2\/types\/product"}],"replies":[{"embeddable":true,"href":"https:\/\/donaulife-new.ogrisdigital.at\/da\/wp-json\/wp\/v2\/comments?post=50778"}],"wp:featuredmedia":[{"embeddable":true,"href":"https:\/\/donaulife-new.ogrisdigital.at\/da\/wp-json\/wp\/v2\/media\/17203"}],"wp:attachment":[{"href":"https:\/\/donaulife-new.ogrisdigital.at\/da\/wp-json\/wp\/v2\/media?parent=50778"}],"wp:term":[{"taxonomy":"product_cat","embeddable":true,"href":"https:\/\/donaulife-new.ogrisdigital.at\/da\/wp-json\/wp\/v2\/product_cat?post=50778"},{"taxonomy":"product_tag","embeddable":true,"href":"https:\/\/donaulife-new.ogrisdigital.at\/da\/wp-json\/wp\/v2\/product_tag?post=50778"}],"curies":[{"name":"wp","href":"https:\/\/api.w.org\/{rel}","templated":true}]}}