{"id":50745,"date":"2018-02-11T11:05:48","date_gmt":"2018-02-11T11:05:48","guid":{"rendered":"https:\/\/donaulife-new.ogrisdigital.at\/produkt\/black-leaf-glas-tips-3er-set-versch-groessen\/"},"modified":"2024-07-01T00:24:41","modified_gmt":"2024-07-01T00:24:41","slug":"black-leaf-glas-tips-3er-set-versch-groessen","status":"publish","type":"product","link":"https:\/\/donaulife-new.ogrisdigital.at\/da\/black-leaf-glas-tips-3er-set-versch-groessen\/","title":{"rendered":"BLACK LEAF Glas Tips 3er Set versch. Gr\u00f6\u00dfen"},"content":{"rendered":"<h2>Black Leaf Glas Tips 3x<\/h2>\n<p>Die von Hand gefertigten Glas-Tips von &#8216;Black Leaf&#8217; bestehen aus hochwertigem Borosilikatglas und haben in diesem Pack 3 verschiedene Innen-Durchmesser f\u00fcr medium (5 mm), d\u00fcnne (4 mm) und extrem d\u00fcnne (3 mm) selbstgedrehte Zigaretten. Nach Wunsch kann man auch vorher einen passenden Aktivkohlefilter oder Tip einsetzten. Durch das geschmacksneutrale Borosilikatglas sorgen diese Glastips f\u00fcr den unverf\u00e4lschten Genu\u00df mit Stil. Nie wieder Papiergeschmack oder aufgeweichte Endst\u00fccke!<\/p>\n","protected":false},"excerpt":{"rendered":"<p>Black Leaf Glas Tips 3x Die von Hand gefertigten Glas-Tips von &#8216;Black Leaf&#8217; bestehen aus hochwertigem Borosilikatglas und haben in<\/p>\n","protected":false},"featured_media":16968,"comment_status":"open","ping_status":"open","template":"","meta":{"_acf_changed":false},"product_cat":[2499,2732,2451],"product_tag":[2521],"acf":[],"_links":{"self":[{"href":"https:\/\/donaulife-new.ogrisdigital.at\/da\/wp-json\/wp\/v2\/product\/50745"}],"collection":[{"href":"https:\/\/donaulife-new.ogrisdigital.at\/da\/wp-json\/wp\/v2\/product"}],"about":[{"href":"https:\/\/donaulife-new.ogrisdigital.at\/da\/wp-json\/wp\/v2\/types\/product"}],"replies":[{"embeddable":true,"href":"https:\/\/donaulife-new.ogrisdigital.at\/da\/wp-json\/wp\/v2\/comments?post=50745"}],"wp:featuredmedia":[{"embeddable":true,"href":"https:\/\/donaulife-new.ogrisdigital.at\/da\/wp-json\/wp\/v2\/media\/16968"}],"wp:attachment":[{"href":"https:\/\/donaulife-new.ogrisdigital.at\/da\/wp-json\/wp\/v2\/media?parent=50745"}],"wp:term":[{"taxonomy":"product_cat","embeddable":true,"href":"https:\/\/donaulife-new.ogrisdigital.at\/da\/wp-json\/wp\/v2\/product_cat?post=50745"},{"taxonomy":"product_tag","embeddable":true,"href":"https:\/\/donaulife-new.ogrisdigital.at\/da\/wp-json\/wp\/v2\/product_tag?post=50745"}],"curies":[{"name":"wp","href":"https:\/\/api.w.org\/{rel}","templated":true}]}}