{"id":50612,"date":"2017-04-25T15:27:25","date_gmt":"2017-04-25T15:27:25","guid":{"rendered":"https:\/\/donaulife-new.ogrisdigital.at\/produkt\/grinder-dunkles-imperium\/"},"modified":"2024-07-01T00:22:57","modified_gmt":"2024-07-01T00:22:57","slug":"grinder-dunkles-imperium","status":"publish","type":"product","link":"https:\/\/donaulife-new.ogrisdigital.at\/da\/grinder-dunkles-imperium\/","title":{"rendered":"Metall Grinder &#8216;Todesstern&#8217; 3-teilig | \u00d8 50 mm"},"content":{"rendered":"<h2>Todesstern Grinder<\/h2>\n<p>F\u00fcr alle Freunde von Stern Kriegen haben wir hier genau den richtigen Grinder der bei dir im Regal sicher unauff\u00e4llig wirkt.<br \/>\nDer Grinder ist einem Todesstern nach empfunden und verbirgt seine Funktion dadurch schon fast zu gut!<\/p>\n<p>Nach dem \u00f6ffnen k\u00f6nnt ihr mit einigen Drehbewegungen das Kraut eurer Wahl zerst\u00f6ren&#8230; Sogar an ein Pollen-sieb wurde bei der langj\u00e4hrigen Konstruktion des Sterns gedacht.<\/p>\n<p>Mit dem zerkleinerten Ergebnis k\u00f6nnt ihr in Richtung All starten.<\/p>\n","protected":false},"excerpt":{"rendered":"<p>Todesstern Grinder F\u00fcr alle Freunde von Stern Kriegen haben wir hier genau den richtigen Grinder der bei dir im Regal<\/p>\n","protected":false},"featured_media":15782,"comment_status":"open","ping_status":"open","template":"","meta":{"_acf_changed":false},"product_cat":[2619,2566,2480,2451,2483],"product_tag":[],"acf":[],"_links":{"self":[{"href":"https:\/\/donaulife-new.ogrisdigital.at\/da\/wp-json\/wp\/v2\/product\/50612"}],"collection":[{"href":"https:\/\/donaulife-new.ogrisdigital.at\/da\/wp-json\/wp\/v2\/product"}],"about":[{"href":"https:\/\/donaulife-new.ogrisdigital.at\/da\/wp-json\/wp\/v2\/types\/product"}],"replies":[{"embeddable":true,"href":"https:\/\/donaulife-new.ogrisdigital.at\/da\/wp-json\/wp\/v2\/comments?post=50612"}],"wp:featuredmedia":[{"embeddable":true,"href":"https:\/\/donaulife-new.ogrisdigital.at\/da\/wp-json\/wp\/v2\/media\/15782"}],"wp:attachment":[{"href":"https:\/\/donaulife-new.ogrisdigital.at\/da\/wp-json\/wp\/v2\/media?parent=50612"}],"wp:term":[{"taxonomy":"product_cat","embeddable":true,"href":"https:\/\/donaulife-new.ogrisdigital.at\/da\/wp-json\/wp\/v2\/product_cat?post=50612"},{"taxonomy":"product_tag","embeddable":true,"href":"https:\/\/donaulife-new.ogrisdigital.at\/da\/wp-json\/wp\/v2\/product_tag?post=50612"}],"curies":[{"name":"wp","href":"https:\/\/api.w.org\/{rel}","templated":true}]}}